{"id":753674,"date":"2025-08-28T05:49:47","date_gmt":"2025-08-28T02:49:47","guid":{"rendered":"https:\/\/roveyayinevi.com.tr\/index.php\/urun\/ah-bu-sarkilarin\/"},"modified":"2026-04-16T03:07:16","modified_gmt":"2026-04-16T00:07:16","slug":"ah-bu-sarkilarin","status":"publish","type":"product","link":"https:\/\/roveyayinevi.com.tr\/index.php\/urun\/ah-bu-sarkilarin\/","title":{"rendered":"Ah Bu \u015eark\u0131lar\u0131n"},"content":{"rendered":"<p>An\u0131l \u00c7etinel \u00d6rselli, d\u00fc\u015f\u00fcnceden yola \u00e7\u0131kan ve olaylar\u0131n geli\u015fimiyle ak\u0131p giderken derin duygular yaratan hik\u00e2yeler yaz\u0131yor. Bu kitab\u0131, sadece iyi bir yazar\u0131n ortaya \u00e7\u0131kmas\u0131 a\u00e7\u0131s\u0131ndan de\u011fil, edebiyat\u0131m\u0131z\u0131n gidi\u015fat\u0131 a\u00e7\u0131s\u0131ndan da umut verici buluyorum. Z\u00fclf\u00fc Livaneli ***   Bu \u00f6yk\u00fclerde, d\u00fc\u015fleri ger\u00e7ekle\u015fmemi\u015f kahramanlar ya\u015f\u0131yor, ama hi\u00e7biri y\u0131lg\u0131nl\u0131k hissetmiyor. Durumun ve gidi\u015fat\u0131n k\u00f6t\u00fc oldu\u011funu d\u00fc\u015f\u00fcn\u00fcyor \u00e7o\u011fu, ama hi\u00e7biri umutsuzluk yaym\u0131yor. Mutsuz denebilir onlara, ama asla pi\u015fman de\u011filler. Her \u00f6yk\u00fcde h\u00fcz\u00fcnl\u00fc bir \u015fark\u0131 duyuluyor. Ama diren\u00e7li bir ses yorumluyor onlar\u0131. An\u0131l \u00c7etinel \u00d6rselli, daha ilk kitab\u0131yla kan\u0131tl\u0131yor: Okuru s\u0131kmadan s\u0131k\u0131nt\u0131l\u0131 durumlar anlat\u0131labilir. Zafer K\u00f6se <\/p>\n","protected":false},"excerpt":{"rendered":"<p>An\u0131l \u00c7etinel \u00d6rselli, d\u00fc\u015f\u00fcnceden yola \u00e7\u0131kan ve olaylar\u0131n geli\u015fimiyle ak\u0131p giderken derin duygular yaratan hik\u00e2yeler yaz\u0131yor. Bu kitab\u0131, sadece iyi bir yazar\u0131n ortaya \u00e7\u0131kmas\u0131 a\u00e7\u0131s\u0131ndan de\u011fil,<span class=\"excerpt-hellip\"> [\u2026]<\/span><\/p>\n","protected":false},"featured_media":0,"template":"","meta":{"_monsterinsights_skip_tracking":false,"_monsterinsights_sitenote_active":false,"_monsterinsights_sitenote_note":"","_monsterinsights_sitenote_category":0},"product_brand":[],"product_cat":[12291,18202],"product_tag":[],"class_list":{"0":"post-753674","1":"product","2":"type-product","3":"status-publish","5":"product_cat-edebiyat","6":"product_cat-hikaye","7":"pa_cilt-ciltsiz","8":"pa_tur-kitap","9":"pa_yayinevi-eksik-parca-yayinlari","10":"pa_yazar-anil-cetinel-orselli","12":"first","13":"instock","14":"sale","15":"shipping-taxable","16":"purchasable","17":"product-type-simple"},"_links":{"self":[{"href":"https:\/\/roveyayinevi.com.tr\/index.php\/wp-json\/wp\/v2\/product\/753674","targetHints":{"allow":["GET"]}}],"collection":[{"href":"https:\/\/roveyayinevi.com.tr\/index.php\/wp-json\/wp\/v2\/product"}],"about":[{"href":"https:\/\/roveyayinevi.com.tr\/index.php\/wp-json\/wp\/v2\/types\/product"}],"wp:attachment":[{"href":"https:\/\/roveyayinevi.com.tr\/index.php\/wp-json\/wp\/v2\/media?parent=753674"}],"wp:term":[{"taxonomy":"product_brand","embeddable":true,"href":"https:\/\/roveyayinevi.com.tr\/index.php\/wp-json\/wp\/v2\/product_brand?post=753674"},{"taxonomy":"product_cat","embeddable":true,"href":"https:\/\/roveyayinevi.com.tr\/index.php\/wp-json\/wp\/v2\/product_cat?post=753674"},{"taxonomy":"product_tag","embeddable":true,"href":"https:\/\/roveyayinevi.com.tr\/index.php\/wp-json\/wp\/v2\/product_tag?post=753674"}],"curies":[{"name":"wp","href":"https:\/\/api.w.org\/{rel}","templated":true}]}}