{"id":753673,"date":"2025-08-28T05:49:45","date_gmt":"2025-08-28T02:49:45","guid":{"rendered":"https:\/\/roveyayinevi.com.tr\/index.php\/urun\/indigo-dagi\/"},"modified":"2026-04-16T03:07:16","modified_gmt":"2026-04-16T00:07:16","slug":"indigo-dagi","status":"publish","type":"product","link":"https:\/\/roveyayinevi.com.tr\/index.php\/urun\/indigo-dagi\/","title":{"rendered":"\u0130ndigo Da\u011f\u0131"},"content":{"rendered":"<p>Winslow Covington hayata, \u00f6zg\u00fcrl\u00fc\u011fe ve kanunlar\u0131n \u00fcst\u00fcnl\u00fc\u011f\u00fcne inan\u0131rd\u0131. Quincy, Montana\u2019n\u0131n yeni polis \u015fefi olarak kendini topluma kan\u0131tlamaya ve bu pozisyonu belediye ba\u015fkan\u0131 olan b\u00fcy\u00fckbabas\u0131n\u0131n sayesinde almad\u0131\u011f\u0131n\u0131 kan\u0131tlamaya kararl\u0131yd\u0131.    \u0130htiyar\u2019a g\u00f6re tek yapmas\u0131 gereken Edenlar\u0131n onay\u0131n\u0131 almakt\u0131. Kasaban\u0131n kurucu ailesinin g\u00fcvenini kazanmak kolay olabilirdi\u2026 E\u011fer ailenin en b\u00fcy\u00fck o\u011flu ile bir ka\u00e7amak ya\u015famam\u0131\u015f olsayd\u0131. Winslow\u2019un savunmas\u0131; kasabadaki ilk gecesi olmas\u0131yd\u0131. Bu y\u00fczden o sert ve \u00e7ekici adam\u0131n Quincy Kraliyeti\u2019nden oldu\u011funu fark etmemi\u015fti. Griffin Eden \u00e7ekilmez ve kibirli bir adamd\u0131. Ayr\u0131ca herkese de Winslow\u2019un bir yabanc\u0131 oldu\u011funu hat\u0131rlat\u0131p duruyordu.   Winslow, Griffin\u2019den uzak durmak i\u00e7in elinden geleni yapsa da Eden arazisinde \u00f6l\u00fc bir kad\u0131n bulundu\u011funda ikisinin yollar\u0131 bir kez daha kesi\u015fmek zorunda kalm\u0131\u015ft\u0131.   Katile dair ipu\u00e7lar\u0131 kasaban\u0131n sakinlerini g\u00f6sterdi\u011finde Griffin, Winslow\u2019un sand\u0131\u011f\u0131ndan fazlas\u0131 oldu\u011funu fark etti. G\u00fczel, zeki ve kar\u015f\u0131 konulmas\u0131 zordu. Hem Griffin hem katil i\u00e7in. <\/p>\n","protected":false},"excerpt":{"rendered":"<p>Winslow Covington hayata, \u00f6zg\u00fcrl\u00fc\u011fe ve kanunlar\u0131n \u00fcst\u00fcnl\u00fc\u011f\u00fcne inan\u0131rd\u0131. Quincy, Montana\u2019n\u0131n yeni polis \u015fefi olarak kendini topluma kan\u0131tlamaya ve bu pozisyonu belediye ba\u015fkan\u0131 olan b\u00fcy\u00fckbabas\u0131n\u0131n sayesinde almad\u0131\u011f\u0131n\u0131<span class=\"excerpt-hellip\"> [\u2026]<\/span><\/p>\n","protected":false},"featured_media":0,"template":"","meta":{"_monsterinsights_skip_tracking":false,"_monsterinsights_sitenote_active":false,"_monsterinsights_sitenote_note":"","_monsterinsights_sitenote_category":0},"product_brand":[],"product_cat":[12291,12711],"product_tag":[],"class_list":{"0":"post-753673","1":"product","2":"type-product","3":"status-publish","5":"product_cat-edebiyat","6":"product_cat-roman-oyku","7":"pa_cilt-ciltsiz","8":"pa_tur-kitap","9":"pa_yayinevi-ren-kitap","10":"pa_yazar-devney-perry","12":"first","13":"instock","14":"sale","15":"shipping-taxable","16":"purchasable","17":"product-type-simple"},"_links":{"self":[{"href":"https:\/\/roveyayinevi.com.tr\/index.php\/wp-json\/wp\/v2\/product\/753673","targetHints":{"allow":["GET"]}}],"collection":[{"href":"https:\/\/roveyayinevi.com.tr\/index.php\/wp-json\/wp\/v2\/product"}],"about":[{"href":"https:\/\/roveyayinevi.com.tr\/index.php\/wp-json\/wp\/v2\/types\/product"}],"wp:attachment":[{"href":"https:\/\/roveyayinevi.com.tr\/index.php\/wp-json\/wp\/v2\/media?parent=753673"}],"wp:term":[{"taxonomy":"product_brand","embeddable":true,"href":"https:\/\/roveyayinevi.com.tr\/index.php\/wp-json\/wp\/v2\/product_brand?post=753673"},{"taxonomy":"product_cat","embeddable":true,"href":"https:\/\/roveyayinevi.com.tr\/index.php\/wp-json\/wp\/v2\/product_cat?post=753673"},{"taxonomy":"product_tag","embeddable":true,"href":"https:\/\/roveyayinevi.com.tr\/index.php\/wp-json\/wp\/v2\/product_tag?post=753673"}],"curies":[{"name":"wp","href":"https:\/\/api.w.org\/{rel}","templated":true}]}}