{"id":753672,"date":"2025-08-28T05:49:44","date_gmt":"2025-08-28T02:49:44","guid":{"rendered":"https:\/\/roveyayinevi.com.tr\/index.php\/urun\/garip-ama-sirin-manga\/"},"modified":"2025-11-06T09:29:22","modified_gmt":"2025-11-06T06:29:22","slug":"garip-ama-sirin-manga","status":"publish","type":"product","link":"https:\/\/roveyayinevi.com.tr\/index.php\/urun\/garip-ama-sirin-manga\/","title":{"rendered":"Garip Ama \u015eirin Manga"},"content":{"rendered":"<p>Bu \u00e7arp\u0131c\u0131 boyama kitab\u0131 ile heyecan verici manga sanat\u0131 d\u00fcnyas\u0131nda yolculuk yapmaya haz\u0131r olun. Kitapta 40\u2019\u0131n \u00fczerinde sevimli manga ve animelerden ilhamla yarat\u0131lan sahneler bulunuyor. \u00dcrk\u00fct\u00fcc\u00fc canavarlar, k\u0131r\u0131k kuklalar, b\u00fcy\u00fcl\u00fc oyuncaklar, deniz alt\u0131 yarat\u0131klar\u0131, perili ormanlar ve daha pek \u00e7ok manga resmi, onlar\u0131 diledi\u011finiz gibi renklendirmenizi bekliyor. Hayal g\u00fcc\u00fcn\u00fcz\u00fc serbest b\u0131rak\u0131n ve d\u00fc\u015fledi\u011finiz mangalar\u0131 yarat\u0131n!<\/p>\n","protected":false},"excerpt":{"rendered":"<p>Bu \u00e7arp\u0131c\u0131 boyama kitab\u0131 ile heyecan verici manga sanat\u0131 d\u00fcnyas\u0131nda yolculuk yapmaya haz\u0131r olun. Kitapta 40\u2019\u0131n \u00fczerinde sevimli manga ve animelerden ilhamla yarat\u0131lan sahneler bulunuyor. \u00dcrk\u00fct\u00fcc\u00fc<span class=\"excerpt-hellip\"> [\u2026]<\/span><\/p>\n","protected":false},"featured_media":0,"template":"","meta":{"_monsterinsights_skip_tracking":false,"_monsterinsights_sitenote_active":false,"_monsterinsights_sitenote_note":"","_monsterinsights_sitenote_category":0},"product_brand":[],"product_cat":[12644,12274],"product_tag":[],"class_list":{"0":"post-753672","1":"product","2":"type-product","3":"status-publish","5":"product_cat-boyama-kitaplari","6":"product_cat-cocuk-ve-genclik-kitaplari","7":"pa_cilt-ciltsiz","8":"pa_tur-kitap","9":"pa_yayinevi-1001-cicek-kitaplar","10":"pa_yazar-bia-melo-zoe-bradley-john-bigwood","12":"first","13":"instock","14":"sale","15":"shipping-taxable","16":"purchasable","17":"product-type-simple"},"_links":{"self":[{"href":"https:\/\/roveyayinevi.com.tr\/index.php\/wp-json\/wp\/v2\/product\/753672","targetHints":{"allow":["GET"]}}],"collection":[{"href":"https:\/\/roveyayinevi.com.tr\/index.php\/wp-json\/wp\/v2\/product"}],"about":[{"href":"https:\/\/roveyayinevi.com.tr\/index.php\/wp-json\/wp\/v2\/types\/product"}],"wp:attachment":[{"href":"https:\/\/roveyayinevi.com.tr\/index.php\/wp-json\/wp\/v2\/media?parent=753672"}],"wp:term":[{"taxonomy":"product_brand","embeddable":true,"href":"https:\/\/roveyayinevi.com.tr\/index.php\/wp-json\/wp\/v2\/product_brand?post=753672"},{"taxonomy":"product_cat","embeddable":true,"href":"https:\/\/roveyayinevi.com.tr\/index.php\/wp-json\/wp\/v2\/product_cat?post=753672"},{"taxonomy":"product_tag","embeddable":true,"href":"https:\/\/roveyayinevi.com.tr\/index.php\/wp-json\/wp\/v2\/product_tag?post=753672"}],"curies":[{"name":"wp","href":"https:\/\/api.w.org\/{rel}","templated":true}]}}