{"id":753671,"date":"2025-08-28T05:49:42","date_gmt":"2025-08-28T02:49:42","guid":{"rendered":"https:\/\/roveyayinevi.com.tr\/index.php\/urun\/kudreti-taniyan-kanatlarim\/"},"modified":"2026-04-16T03:07:16","modified_gmt":"2026-04-16T00:07:16","slug":"kudreti-taniyan-kanatlarim","status":"publish","type":"product","link":"https:\/\/roveyayinevi.com.tr\/index.php\/urun\/kudreti-taniyan-kanatlarim\/","title":{"rendered":"Kudreti Tan\u0131yan Kanatlar\u0131m"},"content":{"rendered":"<p>\u201cS\u00f6z ki d\u00fc\u015f ustalar\u0131n\u0131n elinde y\u00fckselir Beklentisi olmadan k\u00e2\u011f\u0131d\u0131 doldurand\u0131r \u015fair \u015eiir para etmez iyi bilir Sevdas\u0131na hayrand\u0131r okuyan Yazmaya da b\u00fct\u00fcn ihtiyac\u0131 bundan Sana olan sevdam gibi Bir yerde kar\u015f\u0131l\u0131ks\u0131z Ama ihtiya\u00e7tan&#8230;\u201d<\/p>\n","protected":false},"excerpt":{"rendered":"<p>\u201cS\u00f6z ki d\u00fc\u015f ustalar\u0131n\u0131n elinde y\u00fckselir Beklentisi olmadan k\u00e2\u011f\u0131d\u0131 doldurand\u0131r \u015fair \u015eiir para etmez iyi bilir Sevdas\u0131na hayrand\u0131r okuyan Yazmaya da b\u00fct\u00fcn ihtiyac\u0131 bundan Sana olan<span class=\"excerpt-hellip\"> [\u2026]<\/span><\/p>\n","protected":false},"featured_media":0,"template":"","meta":{"_monsterinsights_skip_tracking":false,"_monsterinsights_sitenote_active":false,"_monsterinsights_sitenote_note":"","_monsterinsights_sitenote_category":0},"product_brand":[],"product_cat":[12291,12509],"product_tag":[],"class_list":{"0":"post-753671","1":"product","2":"type-product","3":"status-publish","5":"product_cat-edebiyat","6":"product_cat-siir","7":"pa_cilt-ciltsiz","8":"pa_tur-kitap","9":"pa_yayinevi-elpis-yayinlari","10":"pa_yazar-ozer-yilmaz","12":"first","13":"instock","14":"sale","15":"shipping-taxable","16":"purchasable","17":"product-type-simple"},"_links":{"self":[{"href":"https:\/\/roveyayinevi.com.tr\/index.php\/wp-json\/wp\/v2\/product\/753671","targetHints":{"allow":["GET"]}}],"collection":[{"href":"https:\/\/roveyayinevi.com.tr\/index.php\/wp-json\/wp\/v2\/product"}],"about":[{"href":"https:\/\/roveyayinevi.com.tr\/index.php\/wp-json\/wp\/v2\/types\/product"}],"wp:attachment":[{"href":"https:\/\/roveyayinevi.com.tr\/index.php\/wp-json\/wp\/v2\/media?parent=753671"}],"wp:term":[{"taxonomy":"product_brand","embeddable":true,"href":"https:\/\/roveyayinevi.com.tr\/index.php\/wp-json\/wp\/v2\/product_brand?post=753671"},{"taxonomy":"product_cat","embeddable":true,"href":"https:\/\/roveyayinevi.com.tr\/index.php\/wp-json\/wp\/v2\/product_cat?post=753671"},{"taxonomy":"product_tag","embeddable":true,"href":"https:\/\/roveyayinevi.com.tr\/index.php\/wp-json\/wp\/v2\/product_tag?post=753671"}],"curies":[{"name":"wp","href":"https:\/\/api.w.org\/{rel}","templated":true}]}}