{"id":753670,"date":"2025-08-28T05:49:39","date_gmt":"2025-08-28T02:49:39","guid":{"rendered":"https:\/\/roveyayinevi.com.tr\/index.php\/urun\/kirmizi-krallik\/"},"modified":"2026-04-16T03:07:16","modified_gmt":"2026-04-16T00:07:16","slug":"kirmizi-krallik","status":"publish","type":"product","link":"https:\/\/roveyayinevi.com.tr\/index.php\/urun\/kirmizi-krallik\/","title":{"rendered":"K\u0131rm\u0131z\u0131 Krall\u0131k"},"content":{"rendered":"<p>Bir yar\u0131madada bulunan K\u0131rm\u0131z\u0131 Krall\u0131k&#8217;ta ya\u015fayan, evlilik ya\u015f\u0131na gelmi\u015f bir prensin ba\u015fka bir krall\u0131ktan bir prensesle evlenmesiyle ba\u015flar b\u00fct\u00fcn hik\u00e2ye. B\u00fcy\u00fck umutlarla ba\u015flayan bir a\u015fk; destans\u0131 bir d\u00fc\u011f\u00fcn ve d\u00fc\u011f\u00fcnde ya\u015fl\u0131 bir kad\u0131n taraf\u0131ndan ortaya at\u0131lan kehanet sonras\u0131 geli\u015fen olaylar\u2026 Sava\u015f, sadakatsizlik ve yasak a\u015fk.   Hik\u00e2ye, Mavi Krall\u0131k ile devam eder. R\u00fcyalar \u00fclkesi Atlantis&#8217;e e\u015f g\u00fczellikte, denizler alt\u0131nda yer alan Mavi Krall\u0131k; krali\u00e7eye, d\u00fcnyada ya\u015fayamad\u0131\u011f\u0131 hayat\u0131 verir. D\u00fcnyadaki \u00f6len yasak a\u015fk\u0131, gizemler ve t\u0131ls\u0131mlarla dolu bir hik\u00e2ye.<\/p>\n","protected":false},"excerpt":{"rendered":"<p>Bir yar\u0131madada bulunan K\u0131rm\u0131z\u0131 Krall\u0131k&#8217;ta ya\u015fayan, evlilik ya\u015f\u0131na gelmi\u015f bir prensin ba\u015fka bir krall\u0131ktan bir prensesle evlenmesiyle ba\u015flar b\u00fct\u00fcn hik\u00e2ye. B\u00fcy\u00fck umutlarla ba\u015flayan bir a\u015fk; destans\u0131<span class=\"excerpt-hellip\"> [\u2026]<\/span><\/p>\n","protected":false},"featured_media":0,"template":"","meta":{"_monsterinsights_skip_tracking":false,"_monsterinsights_sitenote_active":false,"_monsterinsights_sitenote_note":"","_monsterinsights_sitenote_category":0},"product_brand":[],"product_cat":[12291,12711],"product_tag":[],"class_list":{"0":"post-753670","1":"product","2":"type-product","3":"status-publish","5":"product_cat-edebiyat","6":"product_cat-roman-oyku","7":"pa_cilt-ciltsiz","8":"pa_tur-kitap","9":"pa_yayinevi-elpis-yayinlari","10":"pa_yazar-bilge-yilmaz-hande-yilmaz","12":"first","13":"instock","14":"sale","15":"shipping-taxable","16":"purchasable","17":"product-type-simple"},"_links":{"self":[{"href":"https:\/\/roveyayinevi.com.tr\/index.php\/wp-json\/wp\/v2\/product\/753670","targetHints":{"allow":["GET"]}}],"collection":[{"href":"https:\/\/roveyayinevi.com.tr\/index.php\/wp-json\/wp\/v2\/product"}],"about":[{"href":"https:\/\/roveyayinevi.com.tr\/index.php\/wp-json\/wp\/v2\/types\/product"}],"wp:attachment":[{"href":"https:\/\/roveyayinevi.com.tr\/index.php\/wp-json\/wp\/v2\/media?parent=753670"}],"wp:term":[{"taxonomy":"product_brand","embeddable":true,"href":"https:\/\/roveyayinevi.com.tr\/index.php\/wp-json\/wp\/v2\/product_brand?post=753670"},{"taxonomy":"product_cat","embeddable":true,"href":"https:\/\/roveyayinevi.com.tr\/index.php\/wp-json\/wp\/v2\/product_cat?post=753670"},{"taxonomy":"product_tag","embeddable":true,"href":"https:\/\/roveyayinevi.com.tr\/index.php\/wp-json\/wp\/v2\/product_tag?post=753670"}],"curies":[{"name":"wp","href":"https:\/\/api.w.org\/{rel}","templated":true}]}}