{"id":753669,"date":"2025-08-28T05:49:38","date_gmt":"2025-08-28T02:49:38","guid":{"rendered":"https:\/\/roveyayinevi.com.tr\/index.php\/urun\/edel\/"},"modified":"2026-04-16T03:07:16","modified_gmt":"2026-04-16T00:07:16","slug":"edel","status":"publish","type":"product","link":"https:\/\/roveyayinevi.com.tr\/index.php\/urun\/edel\/","title":{"rendered":"Edel"},"content":{"rendered":"<p>Amirlerinin pe\u015finden, 14 numaral\u0131 odaya \u00e7\u0131kan ekip, belki de hayatlar\u0131 boyunca bir daha asla unutamayacaklar\u0131 bir manzarayla kar\u015f\u0131la\u015ft\u0131lar. El bileklerinden tavan lambas\u0131na as\u0131lm\u0131\u015f, midesi d\u0131\u015far\u0131 \u00e7\u0131kar\u0131lm\u0131\u015f, \u00e7\u0131plak bir kad\u0131n cesedi\u2026 Ne ac\u0131, ne hazin bir son\u2026 Yoksa sonun ba\u015flang\u0131c\u0131 m\u0131 demeliydim? Belki de katili ararken buna sen karar verirsin. Heyecan, merak, a\u015fk, saplant\u0131, \u015fehvetin h\u00e2kim oldu\u011fu bu eser bir \u00e7\u0131rp\u0131da okunacak cinsten. Bitti\u011finde \u201cokudum\u201d de\u011fil de \u201cizledim\u201d tad\u0131 b\u0131rakanlardan.  \u00d6yle ak\u0131c\u0131, \u00f6yle i\u00e7ine al\u0131p g\u00f6t\u00fcrenlerden.   \u201cHepimiz k\u00f6t\u00fcy\u00fcz. \u00d6yle ya da b\u00f6yle\u2026 De\u011fil miyiz?\u201d He bir de \u201cA\u015fk \u00f6ld\u00fcr\u00fcr m\u00fc?\u201d<\/p>\n","protected":false},"excerpt":{"rendered":"<p>Amirlerinin pe\u015finden, 14 numaral\u0131 odaya \u00e7\u0131kan ekip, belki de hayatlar\u0131 boyunca bir daha asla unutamayacaklar\u0131 bir manzarayla kar\u015f\u0131la\u015ft\u0131lar. El bileklerinden tavan lambas\u0131na as\u0131lm\u0131\u015f, midesi d\u0131\u015far\u0131 \u00e7\u0131kar\u0131lm\u0131\u015f,<span class=\"excerpt-hellip\"> [\u2026]<\/span><\/p>\n","protected":false},"featured_media":0,"template":"","meta":{"_monsterinsights_skip_tracking":false,"_monsterinsights_sitenote_active":false,"_monsterinsights_sitenote_note":"","_monsterinsights_sitenote_category":0},"product_brand":[],"product_cat":[12291,14777],"product_tag":[],"class_list":{"0":"post-753669","1":"product","2":"type-product","3":"status-publish","5":"product_cat-edebiyat","6":"product_cat-fantastik","7":"pa_cilt-ciltsiz","8":"pa_tur-kitap","9":"pa_yayinevi-elpis-yayinlari","10":"pa_yazar-elif-cemre-yildirim","12":"first","13":"instock","14":"sale","15":"shipping-taxable","16":"purchasable","17":"product-type-simple"},"_links":{"self":[{"href":"https:\/\/roveyayinevi.com.tr\/index.php\/wp-json\/wp\/v2\/product\/753669","targetHints":{"allow":["GET"]}}],"collection":[{"href":"https:\/\/roveyayinevi.com.tr\/index.php\/wp-json\/wp\/v2\/product"}],"about":[{"href":"https:\/\/roveyayinevi.com.tr\/index.php\/wp-json\/wp\/v2\/types\/product"}],"wp:attachment":[{"href":"https:\/\/roveyayinevi.com.tr\/index.php\/wp-json\/wp\/v2\/media?parent=753669"}],"wp:term":[{"taxonomy":"product_brand","embeddable":true,"href":"https:\/\/roveyayinevi.com.tr\/index.php\/wp-json\/wp\/v2\/product_brand?post=753669"},{"taxonomy":"product_cat","embeddable":true,"href":"https:\/\/roveyayinevi.com.tr\/index.php\/wp-json\/wp\/v2\/product_cat?post=753669"},{"taxonomy":"product_tag","embeddable":true,"href":"https:\/\/roveyayinevi.com.tr\/index.php\/wp-json\/wp\/v2\/product_tag?post=753669"}],"curies":[{"name":"wp","href":"https:\/\/api.w.org\/{rel}","templated":true}]}}