{"id":753668,"date":"2025-08-28T05:49:36","date_gmt":"2025-08-28T02:49:36","guid":{"rendered":"https:\/\/roveyayinevi.com.tr\/index.php\/urun\/disital-ada\/"},"modified":"2026-04-11T03:15:31","modified_gmt":"2026-04-11T00:15:31","slug":"disital-ada","status":"publish","type":"product","link":"https:\/\/roveyayinevi.com.tr\/index.php\/urun\/disital-ada\/","title":{"rendered":"Di\u015fital Ada"},"content":{"rendered":"<p>\u201cSevgili ada halk\u0131! \u015eimdi sizin bu adaya odaklanman\u0131z\u0131 istiyorum. Hayal edin ve rahatlay\u0131n. Ben sizin bar\u0131\u015fman\u0131z ve huzur i\u00e7inde ya\u015faman\u0131z i\u00e7in gerekli t\u00fcm \u00f6zverilerde bulundum ve bu konuda titizlikle \u00e7al\u0131\u015fmalar\u0131ma devam edece\u011fim. Birlikte olmay\u0131, birlik i\u00e7inde ya\u015famay\u0131 se\u00e7iyoruz. Buras\u0131 korkular\u0131n\u0131zdan ar\u0131nd\u0131\u011f\u0131n\u0131z g\u00fcvenli b\u00f6lge. Sakin ve bar\u0131\u015f dolu. Yaln\u0131zca kendi iyili\u011finiz i\u00e7in bu de\u011fi\u015fimi kabul edin. Tek bir cinsiz. Ortak ad\u0131m\u0131z di\u015fi. Hepiniz \u00f6lmek \u00fczereyken burada ikinci hayat\u0131 hak ederek se\u00e7ildiniz. Size verilen de\u011ferlere sahip \u00e7\u0131k\u0131n ve g\u00f6sterilen hayat\u0131n\u0131z\u0131 t\u00fcm g\u00fczellikleriyle ya\u015famay\u0131 se\u00e7in. Ya\u015fam alanlar\u0131m\u0131zdan aram\u0131zdaki i\u015f b\u00f6l\u00fcm\u00fcne kadar hepsi kendi se\u00e7imimiz. Bilirki\u015fi\u2019nin g\u00fcven veren sesi ve g\u00f6r\u00fcnt\u00fcs\u00fcyle bu hayat\u0131 kabul ediyoruz. Yemye\u015fil ormanlar\u0131m\u0131z, tertemiz hava ve sonsuz mavili\u011fiyle bizi \u00e7epe\u00e7evre saran denizimiz var. Dalgalar\u0131n k\u0131y\u0131ya vuran sesleriyle r\u00fczg\u00e2r\u0131n yapraklar aras\u0131ndaki g\u00fcr\u00fclt\u00fcl\u00fc dans\u0131n\u0131 dinlerken, g\u00fcne\u015fin tenimizde b\u0131rakt\u0131\u011f\u0131 izleri hissederek t\u00fcm duygular\u0131m\u0131z\u0131 \u00f6zg\u00fcr b\u0131rakt\u0131\u011f\u0131m\u0131z\u0131 biliyoruz&#8230;\u201d T\u00fcm bunlar hissetmemiz ve ya\u015famam\u0131z gerekenler. Ger\u00e7ekte ise hepimiz bir odada, kafalar\u0131m\u0131za ge\u00e7irilmi\u015f manyetik kablolar ve dijital g\u00f6sterilerle yataklara ba\u011flanm\u0131\u015f bir \u015fekilde uyutuluyoruz. Bu durumun tek isyanc\u0131s\u0131 ise hafif\u00e7e d\u0131\u015fa do\u011fru atan i\u015faret parma\u011f\u0131m.<\/p>\n","protected":false},"excerpt":{"rendered":"<p>\u201cSevgili ada halk\u0131! \u015eimdi sizin bu adaya odaklanman\u0131z\u0131 istiyorum. Hayal edin ve rahatlay\u0131n. Ben sizin bar\u0131\u015fman\u0131z ve huzur i\u00e7inde ya\u015faman\u0131z i\u00e7in gerekli t\u00fcm \u00f6zverilerde bulundum ve<span class=\"excerpt-hellip\"> [\u2026]<\/span><\/p>\n","protected":false},"featured_media":0,"template":"","meta":{"_monsterinsights_skip_tracking":false,"_monsterinsights_sitenote_active":false,"_monsterinsights_sitenote_note":"","_monsterinsights_sitenote_category":0},"product_brand":[],"product_cat":[12291,12711],"product_tag":[],"class_list":{"0":"post-753668","1":"product","2":"type-product","3":"status-publish","5":"product_cat-edebiyat","6":"product_cat-roman-oyku","7":"pa_cilt-ciltsiz","8":"pa_tur-kitap","9":"pa_yayinevi-perseus","10":"pa_yazar-aslihan-savas","12":"first","13":"instock","14":"sale","15":"shipping-taxable","16":"purchasable","17":"product-type-simple"},"_links":{"self":[{"href":"https:\/\/roveyayinevi.com.tr\/index.php\/wp-json\/wp\/v2\/product\/753668","targetHints":{"allow":["GET"]}}],"collection":[{"href":"https:\/\/roveyayinevi.com.tr\/index.php\/wp-json\/wp\/v2\/product"}],"about":[{"href":"https:\/\/roveyayinevi.com.tr\/index.php\/wp-json\/wp\/v2\/types\/product"}],"wp:attachment":[{"href":"https:\/\/roveyayinevi.com.tr\/index.php\/wp-json\/wp\/v2\/media?parent=753668"}],"wp:term":[{"taxonomy":"product_brand","embeddable":true,"href":"https:\/\/roveyayinevi.com.tr\/index.php\/wp-json\/wp\/v2\/product_brand?post=753668"},{"taxonomy":"product_cat","embeddable":true,"href":"https:\/\/roveyayinevi.com.tr\/index.php\/wp-json\/wp\/v2\/product_cat?post=753668"},{"taxonomy":"product_tag","embeddable":true,"href":"https:\/\/roveyayinevi.com.tr\/index.php\/wp-json\/wp\/v2\/product_tag?post=753668"}],"curies":[{"name":"wp","href":"https:\/\/api.w.org\/{rel}","templated":true}]}}