{"id":753667,"date":"2025-08-28T05:49:35","date_gmt":"2025-08-28T02:49:35","guid":{"rendered":"https:\/\/roveyayinevi.com.tr\/index.php\/urun\/aydinlanma-2\/"},"modified":"2026-04-16T03:07:16","modified_gmt":"2026-04-16T00:07:16","slug":"aydinlanma-2","status":"publish","type":"product","link":"https:\/\/roveyayinevi.com.tr\/index.php\/urun\/aydinlanma-2\/","title":{"rendered":"Ayd\u0131nlanma"},"content":{"rendered":"<p>Maddesel evrendeki hareket sistemi, yani \u201cD\u00fcalite\u201d hakk\u0131nda derinlemesine bir \u00e7al\u0131\u015fma olan bu eser, yo\u011fun analizlerle hareket do\u011fas\u0131 ve insan psikolojisinin etkile\u015fimini ayd\u0131nlatarak bu iki d\u00fcnyan\u0131n nas\u0131l birbirine \u00f6r\u00fcld\u00fc\u011f\u00fcn\u00fc sergilemenin yan\u0131 s\u0131ra, maddesel evrende var olan hareket sistemini insan\u0131n i\u00e7 d\u00fcnyas\u0131yla bulu\u015fturan bir rehber niteli\u011fi ta\u015f\u0131yor. \u0130nsan\u0131n varolu\u015f yolculu\u011funda d\u00fcalitenin rol\u00fcn\u00fc kapsaml\u0131 \u015fekilde ele alan bu eser, insan\u0131n benlik yap\u0131s\u0131n\u0131n nas\u0131l olu\u015ftu\u011funa, ya\u015fam \u00f6ncesi belirlenen hareket plan\u0131n\u0131n nas\u0131l \u015fekillendi\u011fine, pozitif ve negatif denkli\u011fin i\u00e7 i\u00e7e ge\u00e7ti\u011fi evrende insan\u0131n nas\u0131l bir yolculu\u011fa \u00e7\u0131kt\u0131\u011f\u0131na de\u011finiyor. Hareket evrenindeki denge ve uyum aray\u0131\u015f\u0131n\u0131za \u0131\u015f\u0131k tutacak bu sat\u0131rlarda bireyin d\u00fc\u015f\u00fcnce, eylem ve davran\u0131\u015flar\u0131n\u0131n nas\u0131l bir denge i\u00e7inde oldu\u011funa tan\u0131k olacak, insan\u0131n i\u00e7sel d\u00fcnyas\u0131ndaki \u00e7at\u0131\u015fmalar\u0131 ve hedeflere ula\u015fma arzusunu tan\u0131d\u0131k bir eski arkada\u015f edas\u0131yla g\u00f6zlemleyecek ve kendi yolculu\u011funuzu evrensel birlik ve b\u00fct\u00fcnl\u00fc\u011fe ba\u011fl\u0131 bir seyirle anlamland\u0131rmaya \u00e7al\u0131\u015facaks\u0131n\u0131z. Hareketin rol\u00fcn\u00fc ve insan\u0131n bu evrensel ritme uyumlanmas\u0131n\u0131 anlama \u00e7abam\u0131zda unutmamam\u0131z gereken tek unsur var: Yol da yolculuk da denge i\u00e7indir!<\/p>\n","protected":false},"excerpt":{"rendered":"<p>Maddesel evrendeki hareket sistemi, yani \u201cD\u00fcalite\u201d hakk\u0131nda derinlemesine bir \u00e7al\u0131\u015fma olan bu eser, yo\u011fun analizlerle hareket do\u011fas\u0131 ve insan psikolojisinin etkile\u015fimini ayd\u0131nlatarak bu iki d\u00fcnyan\u0131n nas\u0131l<span class=\"excerpt-hellip\"> [\u2026]<\/span><\/p>\n","protected":false},"featured_media":0,"template":"","meta":{"_monsterinsights_skip_tracking":false,"_monsterinsights_sitenote_active":false,"_monsterinsights_sitenote_note":"","_monsterinsights_sitenote_category":0},"product_brand":[],"product_cat":[12388],"product_tag":[],"class_list":{"0":"post-753667","1":"product","2":"type-product","3":"status-publish","5":"product_cat-felsefe","6":"pa_cilt-ciltsiz","7":"pa_tur-kitap","8":"pa_yayinevi-elpis-yayinlari","9":"pa_yazar-onur-orhan-erdogan","11":"first","12":"instock","13":"sale","14":"shipping-taxable","15":"purchasable","16":"product-type-simple"},"_links":{"self":[{"href":"https:\/\/roveyayinevi.com.tr\/index.php\/wp-json\/wp\/v2\/product\/753667","targetHints":{"allow":["GET"]}}],"collection":[{"href":"https:\/\/roveyayinevi.com.tr\/index.php\/wp-json\/wp\/v2\/product"}],"about":[{"href":"https:\/\/roveyayinevi.com.tr\/index.php\/wp-json\/wp\/v2\/types\/product"}],"wp:attachment":[{"href":"https:\/\/roveyayinevi.com.tr\/index.php\/wp-json\/wp\/v2\/media?parent=753667"}],"wp:term":[{"taxonomy":"product_brand","embeddable":true,"href":"https:\/\/roveyayinevi.com.tr\/index.php\/wp-json\/wp\/v2\/product_brand?post=753667"},{"taxonomy":"product_cat","embeddable":true,"href":"https:\/\/roveyayinevi.com.tr\/index.php\/wp-json\/wp\/v2\/product_cat?post=753667"},{"taxonomy":"product_tag","embeddable":true,"href":"https:\/\/roveyayinevi.com.tr\/index.php\/wp-json\/wp\/v2\/product_tag?post=753667"}],"curies":[{"name":"wp","href":"https:\/\/api.w.org\/{rel}","templated":true}]}}