{"id":753666,"date":"2025-08-28T05:49:33","date_gmt":"2025-08-28T02:49:33","guid":{"rendered":"https:\/\/roveyayinevi.com.tr\/index.php\/urun\/4-kadin-3-hikaye\/"},"modified":"2026-04-16T03:07:16","modified_gmt":"2026-04-16T00:07:16","slug":"4-kadin-3-hikaye","status":"publish","type":"product","link":"https:\/\/roveyayinevi.com.tr\/index.php\/urun\/4-kadin-3-hikaye\/","title":{"rendered":"4 Kad\u0131n 3 Hikaye"},"content":{"rendered":"<p>Anadolu&#8217;nun \u00e7orak topraklar\u0131nda ya\u015fam m\u00fccadelesi veren kad\u0131nlar\u2026 Kader miydi ya\u015fad\u0131klar\u0131 ya da ya\u015fayacaklar\u0131? Yok hay\u0131r, bu kader olamazd\u0131.   Kendilerine dayat\u0131lan bir ya\u015fam\u0131n i\u00e7erisinde var olmaya \u00e7al\u0131\u015fan kad\u0131nlara odaklanan bu kitap, unutulmu\u015f insanlar\u0131n dramatik hikayelerini g\u00f6zler \u00f6n\u00fcne seriyor. \u015eerife, Ay\u015fe, Zeynep ve daha nicesi; bir asra s\u0131\u011fmayan ac\u0131lar\u0131 ekmeklerine kat\u0131k ederek kendilerini var etmeye \u00e7al\u0131\u015f\u0131yordu.   \u201c\u0130stanbul&#8217;da ya\u015fad\u0131\u011f\u0131n\u0131 sanan milyonlarca Fikriye, \u0130stanbul&#8217;un ve ba\u015fka b\u00fcy\u00fck kentlerin varo\u015flar\u0131nda ya\u015famaya devam ediyor.\u201d<\/p>\n","protected":false},"excerpt":{"rendered":"<p>Anadolu&#8217;nun \u00e7orak topraklar\u0131nda ya\u015fam m\u00fccadelesi veren kad\u0131nlar\u2026 Kader miydi ya\u015fad\u0131klar\u0131 ya da ya\u015fayacaklar\u0131? Yok hay\u0131r, bu kader olamazd\u0131. Kendilerine dayat\u0131lan bir ya\u015fam\u0131n i\u00e7erisinde var olmaya \u00e7al\u0131\u015fan<span class=\"excerpt-hellip\"> [\u2026]<\/span><\/p>\n","protected":false},"featured_media":0,"template":"","meta":{"_monsterinsights_skip_tracking":false,"_monsterinsights_sitenote_active":false,"_monsterinsights_sitenote_note":"","_monsterinsights_sitenote_category":0},"product_brand":[],"product_cat":[12291,12711],"product_tag":[],"class_list":{"0":"post-753666","1":"product","2":"type-product","3":"status-publish","5":"product_cat-edebiyat","6":"product_cat-roman-oyku","7":"pa_cilt-ciltsiz","8":"pa_tur-kitap","9":"pa_yayinevi-elpis-yayinlari","10":"pa_yazar-ali-alihan","12":"first","13":"instock","14":"sale","15":"shipping-taxable","16":"purchasable","17":"product-type-simple"},"_links":{"self":[{"href":"https:\/\/roveyayinevi.com.tr\/index.php\/wp-json\/wp\/v2\/product\/753666","targetHints":{"allow":["GET"]}}],"collection":[{"href":"https:\/\/roveyayinevi.com.tr\/index.php\/wp-json\/wp\/v2\/product"}],"about":[{"href":"https:\/\/roveyayinevi.com.tr\/index.php\/wp-json\/wp\/v2\/types\/product"}],"wp:attachment":[{"href":"https:\/\/roveyayinevi.com.tr\/index.php\/wp-json\/wp\/v2\/media?parent=753666"}],"wp:term":[{"taxonomy":"product_brand","embeddable":true,"href":"https:\/\/roveyayinevi.com.tr\/index.php\/wp-json\/wp\/v2\/product_brand?post=753666"},{"taxonomy":"product_cat","embeddable":true,"href":"https:\/\/roveyayinevi.com.tr\/index.php\/wp-json\/wp\/v2\/product_cat?post=753666"},{"taxonomy":"product_tag","embeddable":true,"href":"https:\/\/roveyayinevi.com.tr\/index.php\/wp-json\/wp\/v2\/product_tag?post=753666"}],"curies":[{"name":"wp","href":"https:\/\/api.w.org\/{rel}","templated":true}]}}