{"id":753665,"date":"2025-08-28T05:49:31","date_gmt":"2025-08-28T02:49:31","guid":{"rendered":"https:\/\/roveyayinevi.com.tr\/index.php\/urun\/bakis-acisi\/"},"modified":"2026-04-16T03:07:16","modified_gmt":"2026-04-16T00:07:16","slug":"bakis-acisi","status":"publish","type":"product","link":"https:\/\/roveyayinevi.com.tr\/index.php\/urun\/bakis-acisi\/","title":{"rendered":"Bak\u0131\u015f A\u00e7\u0131s\u0131"},"content":{"rendered":"<p>\u201cBiliyoruz ki; her ne kadar pek \u00e7ok konuda d\u00fc\u015f\u00fcnce birlikteli\u011fine sahip olsalar da, yery\u00fcz\u00fcnde ne kadar insan varsa, o kadar de\u011fi\u015fik d\u00fc\u015f\u00fcnce vard\u0131r. \u2018Akl\u0131n yolu birdir.\u2019 deriz ama herkes hayat\u0131 ve olaylar\u0131 kendi akl\u0131 ile yorumlad\u0131\u011f\u0131 i\u00e7in de, somut bir ger\u00e7ek bile \u00e7ok de\u011fi\u015fik \u015fekillerde yorumlanabilmekte.             \u00c7\u00fcnk\u00fc herkes hayata, olaylara, ge\u00e7mi\u015fe ve gelece\u011fe kendi bulundu\u011fu a\u00e7\u0131dan bak\u0131yor ve ona g\u00f6re bir d\u00fc\u015f\u00fcnceye sahip oluyor. \u0130\u015fte ben de kendi penceremden, kendi bak\u0131\u015f a\u00e7\u0131mdan g\u00f6rd\u00fcklerimi sizinle payla\u015f\u0131yorum\u2026 Elbette ki, buradan size ula\u015fan fikirler benim bak\u0131\u015f a\u00e7\u0131mdan benim do\u011frular\u0131m\u0131 yans\u0131tmaktad\u0131r. Dolay\u0131s\u0131yla, d\u00fc\u015f\u00fcncelerime kat\u0131lanlar da olur, kat\u0131lmayanlar da! \u00d6nemli olan, okuyucunun zihninde yeni d\u00fc\u015f\u00fcnce k\u0131v\u0131lc\u0131mlar\u0131 olu\u015fturmakt\u0131r.\u201d              Herkesin kendi penceresinden, kendi bak\u0131\u015f a\u00e7\u0131s\u0131yla g\u00f6rd\u00fcklerine k\u00fc\u00e7\u00fck de olsa bir katk\u0131 sunmas\u0131 dileklerimle\u2026                                                                                                                                             Fatih ALTUN <\/p>\n","protected":false},"excerpt":{"rendered":"<p>\u201cBiliyoruz ki; her ne kadar pek \u00e7ok konuda d\u00fc\u015f\u00fcnce birlikteli\u011fine sahip olsalar da, yery\u00fcz\u00fcnde ne kadar insan varsa, o kadar de\u011fi\u015fik d\u00fc\u015f\u00fcnce vard\u0131r. \u2018Akl\u0131n yolu birdir.\u2019<span class=\"excerpt-hellip\"> [\u2026]<\/span><\/p>\n","protected":false},"featured_media":0,"template":"","meta":{"_monsterinsights_skip_tracking":false,"_monsterinsights_sitenote_active":false,"_monsterinsights_sitenote_note":"","_monsterinsights_sitenote_category":0},"product_brand":[],"product_cat":[12364],"product_tag":[],"class_list":{"0":"post-753665","1":"product","2":"type-product","3":"status-publish","5":"product_cat-genel-konular","6":"pa_cilt-ciltsiz","7":"pa_tur-kitap","8":"pa_yayinevi-galeati-yayincilik","9":"pa_yazar-fatih-altun","11":"first","12":"instock","13":"sale","14":"shipping-taxable","15":"purchasable","16":"product-type-simple"},"_links":{"self":[{"href":"https:\/\/roveyayinevi.com.tr\/index.php\/wp-json\/wp\/v2\/product\/753665","targetHints":{"allow":["GET"]}}],"collection":[{"href":"https:\/\/roveyayinevi.com.tr\/index.php\/wp-json\/wp\/v2\/product"}],"about":[{"href":"https:\/\/roveyayinevi.com.tr\/index.php\/wp-json\/wp\/v2\/types\/product"}],"wp:attachment":[{"href":"https:\/\/roveyayinevi.com.tr\/index.php\/wp-json\/wp\/v2\/media?parent=753665"}],"wp:term":[{"taxonomy":"product_brand","embeddable":true,"href":"https:\/\/roveyayinevi.com.tr\/index.php\/wp-json\/wp\/v2\/product_brand?post=753665"},{"taxonomy":"product_cat","embeddable":true,"href":"https:\/\/roveyayinevi.com.tr\/index.php\/wp-json\/wp\/v2\/product_cat?post=753665"},{"taxonomy":"product_tag","embeddable":true,"href":"https:\/\/roveyayinevi.com.tr\/index.php\/wp-json\/wp\/v2\/product_tag?post=753665"}],"curies":[{"name":"wp","href":"https:\/\/api.w.org\/{rel}","templated":true}]}}