{"id":753663,"date":"2025-08-28T05:49:28","date_gmt":"2025-08-28T02:49:28","guid":{"rendered":"https:\/\/roveyayinevi.com.tr\/index.php\/urun\/yasadikca\/"},"modified":"2026-04-16T03:07:16","modified_gmt":"2026-04-16T00:07:16","slug":"yasadikca","status":"publish","type":"product","link":"https:\/\/roveyayinevi.com.tr\/index.php\/urun\/yasadikca\/","title":{"rendered":"Ya\u015fad\u0131k\u00e7a"},"content":{"rendered":"<p>Sustum Sana de\u011fil sadece Herkese sustum Ne sen dinlemi\u015fsin beni Ne herkes Anlay\u0131nca sustum Kendimleyim \u015fimdi Bazen ben anlat\u0131yorum Bazen kendimi dinliyorum   Evet sustum. Uzun bir zaman herkese sustum. Anla\u015f\u0131lmad\u0131\u011f\u0131m\u0131z\u0131 d\u00fc\u015f\u00fcnd\u00fc\u011f\u00fcm\u00fcz yerde kendimizi de tam anlam\u0131yla ifade edemiyor ve susuyoruz san\u0131r\u0131m. \u0130\u015fte tam da b\u00f6yle zamanlarda i\u00e7 d\u00fcnyas\u0131na bir yolculu\u011fa \u00e7\u0131k\u0131yor insan. Ben de uzun, karma\u015f\u0131k, yorucu bir yolculuk yapt\u0131m kendime do\u011fru. Bu yolculukta i\u00e7 d\u00fcnyamdaki olup biteni ge\u00e7mi\u015f, gelecek ve \u015fimdiki zaman \u00fc\u00e7geninde ya\u015fad\u0131klar\u0131m\u0131, ya\u015famay\u0131 hayal ettiklerimi ve ya\u015f\u0131yor olduklar\u0131m\u0131 anlatmak istedim. Ben \u015fair de\u011filim, \u015fiir de yazmad\u0131m. Duygular\u0131m\u0131 en i\u00e7ten, en saf haliyle ka\u011f\u0131tlara d\u00f6kmek istedim ve bu kitap \u00e7\u0131kt\u0131 ortaya. \u201cYa\u015fad\u0131k\u00e7a\u201d belki de beni daha anla\u015f\u0131l\u0131r k\u0131lacak ve suskunlu\u011fumu sona erdirecektir. <\/p>\n","protected":false},"excerpt":{"rendered":"<p>Sustum Sana de\u011fil sadece Herkese sustum Ne sen dinlemi\u015fsin beni Ne herkes Anlay\u0131nca sustum Kendimleyim \u015fimdi Bazen ben anlat\u0131yorum Bazen kendimi dinliyorum Evet sustum. Uzun bir<span class=\"excerpt-hellip\"> [\u2026]<\/span><\/p>\n","protected":false},"featured_media":0,"template":"","meta":{"_monsterinsights_skip_tracking":false,"_monsterinsights_sitenote_active":false,"_monsterinsights_sitenote_note":"","_monsterinsights_sitenote_category":0},"product_brand":[],"product_cat":[12291,12509],"product_tag":[],"class_list":{"0":"post-753663","1":"product","2":"type-product","3":"status-publish","5":"product_cat-edebiyat","6":"product_cat-siir","7":"pa_cilt-ciltsiz","8":"pa_tur-kitap","9":"pa_yayinevi-us-yayinlari","10":"pa_yazar-birol-ozkan","12":"first","13":"instock","14":"sale","15":"shipping-taxable","16":"purchasable","17":"product-type-simple"},"_links":{"self":[{"href":"https:\/\/roveyayinevi.com.tr\/index.php\/wp-json\/wp\/v2\/product\/753663","targetHints":{"allow":["GET"]}}],"collection":[{"href":"https:\/\/roveyayinevi.com.tr\/index.php\/wp-json\/wp\/v2\/product"}],"about":[{"href":"https:\/\/roveyayinevi.com.tr\/index.php\/wp-json\/wp\/v2\/types\/product"}],"wp:attachment":[{"href":"https:\/\/roveyayinevi.com.tr\/index.php\/wp-json\/wp\/v2\/media?parent=753663"}],"wp:term":[{"taxonomy":"product_brand","embeddable":true,"href":"https:\/\/roveyayinevi.com.tr\/index.php\/wp-json\/wp\/v2\/product_brand?post=753663"},{"taxonomy":"product_cat","embeddable":true,"href":"https:\/\/roveyayinevi.com.tr\/index.php\/wp-json\/wp\/v2\/product_cat?post=753663"},{"taxonomy":"product_tag","embeddable":true,"href":"https:\/\/roveyayinevi.com.tr\/index.php\/wp-json\/wp\/v2\/product_tag?post=753663"}],"curies":[{"name":"wp","href":"https:\/\/api.w.org\/{rel}","templated":true}]}}