{"id":753660,"date":"2025-08-28T05:49:22","date_gmt":"2025-08-28T02:49:22","guid":{"rendered":"https:\/\/roveyayinevi.com.tr\/index.php\/urun\/cakir-alinin-penceresinden\/"},"modified":"2026-03-12T03:15:15","modified_gmt":"2026-03-12T00:15:15","slug":"cakir-alinin-penceresinden","status":"publish","type":"product","link":"https:\/\/roveyayinevi.com.tr\/index.php\/urun\/cakir-alinin-penceresinden\/","title":{"rendered":"\u00c7ak\u0131r Ali\u2019nin Penceresinden"},"content":{"rendered":"<p>\u0130steriz ki g\u00fcne\u015f hep, bizim haneye vursun, Gel deyince de gelsin, dur deyince de dursun, Bizi yakmas\u0131n ama, rakibimi kavursun, Nefis b\u00f6yle d\u00fc\u015f\u00fcn\u00fcr, \u00c7ak\u0131r Ali\u2019nin Penceresinden.   G\u00fclba\u011f\u0131 bizim kap\u0131, \u00e7\u00f6pl\u00fck sizin kap\u0131n\u0131z, Ba\u015f, g\u00f6vde ve but bizde, kuyruk sizin hakk\u0131n\u0131z, Adalet var m\u0131 dersen, siz onu b\u0131rak\u0131n\u0131z, \u0130\u015fler b\u00f6yle g\u00f6r\u00fcn\u00fcr, \u00c7ak\u0131r Ali\u2019nin Penceresinden. <\/p>\n","protected":false},"excerpt":{"rendered":"<p>\u0130steriz ki g\u00fcne\u015f hep, bizim haneye vursun, Gel deyince de gelsin, dur deyince de dursun, Bizi yakmas\u0131n ama, rakibimi kavursun, Nefis b\u00f6yle d\u00fc\u015f\u00fcn\u00fcr, \u00c7ak\u0131r Ali\u2019nin Penceresinden.<span class=\"excerpt-hellip\"> [\u2026]<\/span><\/p>\n","protected":false},"featured_media":0,"template":"","meta":{"_monsterinsights_skip_tracking":false,"_monsterinsights_sitenote_active":false,"_monsterinsights_sitenote_note":"","_monsterinsights_sitenote_category":0},"product_brand":[],"product_cat":[12291,12509],"product_tag":[],"class_list":{"0":"post-753660","1":"product","2":"type-product","3":"status-publish","5":"product_cat-edebiyat","6":"product_cat-siir","7":"pa_cilt-ciltsiz","8":"pa_tur-kitap","9":"pa_yayinevi-kirmizi-cati-yayinlari","10":"pa_yazar-ali-algun","12":"first","13":"instock","14":"sale","15":"shipping-taxable","16":"purchasable","17":"product-type-simple"},"_links":{"self":[{"href":"https:\/\/roveyayinevi.com.tr\/index.php\/wp-json\/wp\/v2\/product\/753660","targetHints":{"allow":["GET"]}}],"collection":[{"href":"https:\/\/roveyayinevi.com.tr\/index.php\/wp-json\/wp\/v2\/product"}],"about":[{"href":"https:\/\/roveyayinevi.com.tr\/index.php\/wp-json\/wp\/v2\/types\/product"}],"wp:attachment":[{"href":"https:\/\/roveyayinevi.com.tr\/index.php\/wp-json\/wp\/v2\/media?parent=753660"}],"wp:term":[{"taxonomy":"product_brand","embeddable":true,"href":"https:\/\/roveyayinevi.com.tr\/index.php\/wp-json\/wp\/v2\/product_brand?post=753660"},{"taxonomy":"product_cat","embeddable":true,"href":"https:\/\/roveyayinevi.com.tr\/index.php\/wp-json\/wp\/v2\/product_cat?post=753660"},{"taxonomy":"product_tag","embeddable":true,"href":"https:\/\/roveyayinevi.com.tr\/index.php\/wp-json\/wp\/v2\/product_tag?post=753660"}],"curies":[{"name":"wp","href":"https:\/\/api.w.org\/{rel}","templated":true}]}}