{"id":753658,"date":"2025-08-28T05:49:18","date_gmt":"2025-08-28T02:49:18","guid":{"rendered":"https:\/\/roveyayinevi.com.tr\/index.php\/urun\/dolandirici\/"},"modified":"2026-04-11T14:22:55","modified_gmt":"2026-04-11T11:22:55","slug":"dolandirici","status":"publish","type":"product","link":"https:\/\/roveyayinevi.com.tr\/index.php\/urun\/dolandirici\/","title":{"rendered":"Doland\u0131r\u0131c\u0131"},"content":{"rendered":"<p>Doland\u0131r\u0131c\u0131lar Okulu\u2019nun ikinci kitab\u0131 Doland\u0131r\u0131c\u0131, b\u00fcy\u00fck risklerle, daha tehlikeli doland\u0131r\u0131c\u0131l\u0131kla t\u00fcm h\u0131z\u0131yla devam ediyor.   Hayal bile edemeyece\u011fi bir hayat ya\u015fayan Brynn Hilder, Vale Hall\u2019da birinci s\u0131n\u0131f bir e\u011fitim al\u0131yor; sevgilisi ve iyi arkada\u015flar\u0131 var. Buna ra\u011fmen ba\u015f\u0131 dertten kurtulmuyor \u00e7\u00fcnk\u00fc s\u0131rlar toplay\u0131p doland\u0131r\u0131c\u0131l\u0131k yaparak Sikawa \u015fehrini k\u00f6t\u00fclerden temizlemek i\u00e7in elinden geleni yapmas\u0131 gerekiyor.   Asl\u0131nda, istediklerini elde etmesi ve k\u00f6t\u00fcl\u00fckle sava\u015fmas\u0131 Hilder\u2019a \u00e7ok cazip gelirken Dr. O\u2019nun ger\u00e7ekten de k\u00f6t\u00fclerin pe\u015finde olup olmad\u0131\u011f\u0131n\u0131 sorgulamadan edemiyor ve b\u00f6ylece heyecan dozu gitgide art\u0131yor&#8230;<\/p>\n","protected":false},"excerpt":{"rendered":"<p>Doland\u0131r\u0131c\u0131lar Okulu\u2019nun ikinci kitab\u0131 Doland\u0131r\u0131c\u0131, b\u00fcy\u00fck risklerle, daha tehlikeli doland\u0131r\u0131c\u0131l\u0131kla t\u00fcm h\u0131z\u0131yla devam ediyor. Hayal bile edemeyece\u011fi bir hayat ya\u015fayan Brynn Hilder, Vale Hall\u2019da birinci s\u0131n\u0131f<span class=\"excerpt-hellip\"> [\u2026]<\/span><\/p>\n","protected":false},"featured_media":0,"template":"","meta":{"_monsterinsights_skip_tracking":false,"_monsterinsights_sitenote_active":false,"_monsterinsights_sitenote_note":"","_monsterinsights_sitenote_category":0},"product_brand":[],"product_cat":[12291,12711],"product_tag":[],"class_list":{"0":"post-753658","1":"product","2":"type-product","3":"status-publish","5":"product_cat-edebiyat","6":"product_cat-roman-oyku","7":"pa_cilt-ciltsiz","8":"pa_tur-kitap","9":"pa_yayinevi-sms-yayinlari","10":"pa_yazar-kristen-simmons","12":"first","13":"instock","14":"sale","15":"shipping-taxable","16":"purchasable","17":"product-type-simple"},"_links":{"self":[{"href":"https:\/\/roveyayinevi.com.tr\/index.php\/wp-json\/wp\/v2\/product\/753658","targetHints":{"allow":["GET"]}}],"collection":[{"href":"https:\/\/roveyayinevi.com.tr\/index.php\/wp-json\/wp\/v2\/product"}],"about":[{"href":"https:\/\/roveyayinevi.com.tr\/index.php\/wp-json\/wp\/v2\/types\/product"}],"wp:attachment":[{"href":"https:\/\/roveyayinevi.com.tr\/index.php\/wp-json\/wp\/v2\/media?parent=753658"}],"wp:term":[{"taxonomy":"product_brand","embeddable":true,"href":"https:\/\/roveyayinevi.com.tr\/index.php\/wp-json\/wp\/v2\/product_brand?post=753658"},{"taxonomy":"product_cat","embeddable":true,"href":"https:\/\/roveyayinevi.com.tr\/index.php\/wp-json\/wp\/v2\/product_cat?post=753658"},{"taxonomy":"product_tag","embeddable":true,"href":"https:\/\/roveyayinevi.com.tr\/index.php\/wp-json\/wp\/v2\/product_tag?post=753658"}],"curies":[{"name":"wp","href":"https:\/\/api.w.org\/{rel}","templated":true}]}}