{"id":753657,"date":"2025-08-28T05:49:16","date_gmt":"2025-08-28T02:49:16","guid":{"rendered":"https:\/\/roveyayinevi.com.tr\/index.php\/urun\/avrupa-senfonisi\/"},"modified":"2026-04-16T03:07:15","modified_gmt":"2026-04-16T00:07:15","slug":"avrupa-senfonisi","status":"publish","type":"product","link":"https:\/\/roveyayinevi.com.tr\/index.php\/urun\/avrupa-senfonisi\/","title":{"rendered":"Avrupa Senfonisi"},"content":{"rendered":"<p>Avrupa Senfonisi, Transilvanya\u2019daki Rumen-Macar k\u00f6kenli bir ailede d\u00fcnyaya gelen Andras\u2019\u0131n ser\u00fcvenini, Cluj\u2019dan ba\u015flay\u0131p Bat\u0131 Berlin\u2019e uzanan s\u0131n\u0131r \u00f6tesi a\u015fk\u0131n\u0131 anlat\u0131yor.   So\u011fuk Sava\u015f ve Romanya Gizli Polisi Securitate\u2019in g\u00f6lgesinde b\u00fcy\u00fcyen Andras, d\u00f6nemin ruhu gere\u011fi kapana k\u0131s\u0131lm\u0131\u015fl\u0131kla kendini aray\u0131\u015f aras\u0131nda bocalarken m\u00fczisyen olarak ad\u0131ndan s\u00f6z ettiriyor. Bununla birlikte ad\u0131 yaln\u0131z m\u00fczikle an\u0131lm\u0131yor\u2026   G\u00e1bor T. Sz\u00e1nt\u00f3, Macar tarihinin ve Avrupa\u2019n\u0131n yak\u0131n ge\u00e7mi\u015finin en can s\u0131k\u0131c\u0131 sorunlar\u0131n\u0131 radikal bir a\u00e7\u0131k s\u00f6zl\u00fcl\u00fck ve nesnellikle ele al\u0131yor, bu sorunlar\u0131 a\u015fk ve m\u00fczik etraf\u0131nda samimi bir dille anlat\u0131yor. <\/p>\n","protected":false},"excerpt":{"rendered":"<p>Avrupa Senfonisi, Transilvanya\u2019daki Rumen-Macar k\u00f6kenli bir ailede d\u00fcnyaya gelen Andras\u2019\u0131n ser\u00fcvenini, Cluj\u2019dan ba\u015flay\u0131p Bat\u0131 Berlin\u2019e uzanan s\u0131n\u0131r \u00f6tesi a\u015fk\u0131n\u0131 anlat\u0131yor. So\u011fuk Sava\u015f ve Romanya Gizli Polisi<span class=\"excerpt-hellip\"> [\u2026]<\/span><\/p>\n","protected":false},"featured_media":0,"template":"","meta":{"_monsterinsights_skip_tracking":false,"_monsterinsights_sitenote_active":false,"_monsterinsights_sitenote_note":"","_monsterinsights_sitenote_category":0},"product_brand":[],"product_cat":[12291,12711],"product_tag":[],"class_list":{"0":"post-753657","1":"product","2":"type-product","3":"status-publish","5":"product_cat-edebiyat","6":"product_cat-roman-oyku","7":"pa_cilt-ciltsiz","8":"pa_tur-kitap","9":"pa_yayinevi-sms-yayinlari","10":"pa_yazar-gabor-t-szanto","12":"first","13":"instock","14":"sale","15":"shipping-taxable","16":"purchasable","17":"product-type-simple"},"_links":{"self":[{"href":"https:\/\/roveyayinevi.com.tr\/index.php\/wp-json\/wp\/v2\/product\/753657","targetHints":{"allow":["GET"]}}],"collection":[{"href":"https:\/\/roveyayinevi.com.tr\/index.php\/wp-json\/wp\/v2\/product"}],"about":[{"href":"https:\/\/roveyayinevi.com.tr\/index.php\/wp-json\/wp\/v2\/types\/product"}],"wp:attachment":[{"href":"https:\/\/roveyayinevi.com.tr\/index.php\/wp-json\/wp\/v2\/media?parent=753657"}],"wp:term":[{"taxonomy":"product_brand","embeddable":true,"href":"https:\/\/roveyayinevi.com.tr\/index.php\/wp-json\/wp\/v2\/product_brand?post=753657"},{"taxonomy":"product_cat","embeddable":true,"href":"https:\/\/roveyayinevi.com.tr\/index.php\/wp-json\/wp\/v2\/product_cat?post=753657"},{"taxonomy":"product_tag","embeddable":true,"href":"https:\/\/roveyayinevi.com.tr\/index.php\/wp-json\/wp\/v2\/product_tag?post=753657"}],"curies":[{"name":"wp","href":"https:\/\/api.w.org\/{rel}","templated":true}]}}