{"id":753656,"date":"2025-08-28T05:49:14","date_gmt":"2025-08-28T02:49:14","guid":{"rendered":"https:\/\/roveyayinevi.com.tr\/index.php\/urun\/aramizdaydi-o-gun\/"},"modified":"2026-04-16T03:07:15","modified_gmt":"2026-04-16T00:07:15","slug":"aramizdaydi-o-gun","status":"publish","type":"product","link":"https:\/\/roveyayinevi.com.tr\/index.php\/urun\/aramizdaydi-o-gun\/","title":{"rendered":"Aram\u0131zdayd\u0131 O G\u00fcn"},"content":{"rendered":"<p>Zeyyat Selimo\u011flu\u2019nun \u00f6yk\u00fclerindeki deniz temas\u0131 onun ya\u015fama bi\u00e7imi ve hayata bak\u0131\u015f\u0131yla e\u015ftir neredeyse. Ya\u015fad\u0131\u011f\u0131 Heybeliada bir bak\u0131ma \u00f6yk\u00fcs\u00fcn\u00fcn de \u201cada\u201ds\u0131na d\u00f6n\u00fc\u015fm\u00fc\u015ft\u00fcr. Oradan ald\u0131\u011f\u0131 esinle g\u00f6zlemevine yans\u0131yanlarla \u00f6yk\u00fcs\u00fcnde yepyeni bir ufuk a\u00e7m\u0131\u015ft\u0131r. Aram\u0131zdayd\u0131 O G\u00fcn kitab\u0131nda yer alan \u00f6yk\u00fcleri hem bu izleri hem de onun \u00f6yk\u00fcs\u00fcndeki d\u00f6n\u00fc\u015f\u00fcm\u00fc anlat\u0131r. Denize bak\u0131\u015f\u0131 bu kez daha yo\u011fun, bilgece ve betimleyicilik ta\u015f\u0131r. D\u00f6nem \u00f6yk\u00fcs\u00fcn\u00fcn izlerini a\u015fan \u00f6zg\u00fcn bir dil ustal\u0131\u011f\u0131 kendini g\u00f6sterir her bir \u00f6yk\u00fcs\u00fcnde. Okuduk\u00e7a anlat\u0131lan yerin\/mek\u00e2n\u0131n, insan\u0131n \u00f6yk\u00fcs\u00fcne do\u011fru yelken a\u00e7acaks\u0131n\u0131z Aram\u0131zdayd\u0131 O G\u00fcn\u2019le\u2026 Konur Ertop\u2019un sunu\u015f yaz\u0131s\u0131yla&#8230; <\/p>\n","protected":false},"excerpt":{"rendered":"<p>Zeyyat Selimo\u011flu\u2019nun \u00f6yk\u00fclerindeki deniz temas\u0131 onun ya\u015fama bi\u00e7imi ve hayata bak\u0131\u015f\u0131yla e\u015ftir neredeyse. Ya\u015fad\u0131\u011f\u0131 Heybeliada bir bak\u0131ma \u00f6yk\u00fcs\u00fcn\u00fcn de \u201cada\u201ds\u0131na d\u00f6n\u00fc\u015fm\u00fc\u015ft\u00fcr. Oradan ald\u0131\u011f\u0131 esinle g\u00f6zlemevine yans\u0131yanlarla<span class=\"excerpt-hellip\"> [\u2026]<\/span><\/p>\n","protected":false},"featured_media":0,"template":"","meta":{"_monsterinsights_skip_tracking":false,"_monsterinsights_sitenote_active":false,"_monsterinsights_sitenote_note":"","_monsterinsights_sitenote_category":0},"product_brand":[],"product_cat":[12291,18202],"product_tag":[],"class_list":{"0":"post-753656","1":"product","2":"type-product","3":"status-publish","5":"product_cat-edebiyat","6":"product_cat-hikaye","7":"pa_cilt-ciltsiz","8":"pa_tur-kitap","9":"pa_yayinevi-eksik-parca-yayinlari","10":"pa_yazar-zeyyat-selimoglu","12":"first","13":"instock","14":"sale","15":"shipping-taxable","16":"purchasable","17":"product-type-simple"},"_links":{"self":[{"href":"https:\/\/roveyayinevi.com.tr\/index.php\/wp-json\/wp\/v2\/product\/753656","targetHints":{"allow":["GET"]}}],"collection":[{"href":"https:\/\/roveyayinevi.com.tr\/index.php\/wp-json\/wp\/v2\/product"}],"about":[{"href":"https:\/\/roveyayinevi.com.tr\/index.php\/wp-json\/wp\/v2\/types\/product"}],"wp:attachment":[{"href":"https:\/\/roveyayinevi.com.tr\/index.php\/wp-json\/wp\/v2\/media?parent=753656"}],"wp:term":[{"taxonomy":"product_brand","embeddable":true,"href":"https:\/\/roveyayinevi.com.tr\/index.php\/wp-json\/wp\/v2\/product_brand?post=753656"},{"taxonomy":"product_cat","embeddable":true,"href":"https:\/\/roveyayinevi.com.tr\/index.php\/wp-json\/wp\/v2\/product_cat?post=753656"},{"taxonomy":"product_tag","embeddable":true,"href":"https:\/\/roveyayinevi.com.tr\/index.php\/wp-json\/wp\/v2\/product_tag?post=753656"}],"curies":[{"name":"wp","href":"https:\/\/api.w.org\/{rel}","templated":true}]}}