{"id":753654,"date":"2025-08-28T05:49:09","date_gmt":"2025-08-28T02:49:09","guid":{"rendered":"https:\/\/roveyayinevi.com.tr\/index.php\/urun\/robin-hood-2-korsanlik-paintball-zebralar\/"},"modified":"2026-04-16T03:07:15","modified_gmt":"2026-04-16T00:07:15","slug":"robin-hood-2-korsanlik-paintball-zebralar","status":"publish","type":"product","link":"https:\/\/roveyayinevi.com.tr\/index.php\/urun\/robin-hood-2-korsanlik-paintball-zebralar\/","title":{"rendered":"Robin Hood 2: Korsanl\u0131k, Paintball &amp; Zebralar"},"content":{"rendered":"<p>Yeralt\u0131 d\u00fcnyas\u0131n\u0131n patronu Guy Gisborne Robin Hood\u2019u yakalayan ki\u015fiye  100.000 \u00a3 de\u011ferinde \u00f6d\u00fcl verece\u011fini a\u00e7\u0131klad\u0131. Yeti\u015fkinler Robin Hood\u2019u tehlikelerden uzak tutmaya \u00e7al\u0131\u015f\u0131rken, Robin Hood sava\u015fmaya kararl\u0131. Clare Gisborne ve K\u00fc\u00e7\u00fck John Locksley Lisesi\u2019ne d\u00f6nd\u00fc\u011f\u00fcnde okulda isyan havas\u0131 h\u00fck\u00fcm s\u00fcrmektedir. Robin Hood\u2019un ismi okulun her yerine grafiti olarak yaz\u0131lm\u0131\u015f ve g\u00fc\u00e7 dengesi de\u011fi\u015fmi\u015ftir. Claire Gisborne art\u0131k korkulan bir zorba olmaktan \u00e7\u0131km\u0131\u015f; okulun d\u0131\u015flanan ki\u015fisi haline gelmi\u015ftir.  Bu s\u0131rada Sherwood Tasar\u0131m Ma\u011fazalar\u0131\u2019nda Robin\u2019in kendi planlar\u0131 vard\u0131r.  Hayvan haklar\u0131 aktivistleriyle i\u015f birli\u011fi yapar ve ac\u0131mas\u0131z planlar\u0131n\u0131 durdurmak i\u00e7in \u015eerif Marjorie\u2019nin bilgisayar yaz\u0131l\u0131m\u0131n\u0131 ele ge\u00e7irmeye \u00e7al\u0131\u015f\u0131r. Paintball silahlar\u0131, sis bombalar\u0131 ve oklarla Robin Hood efsanesi t\u00fcm h\u0131z\u0131yla devam ediyor\u2026   \u201cSon derece okunakl\u0131, a\u015f\u0131r\u0131 derecede keyifli bir aksiyon.\u201d The Guardian <\/p>\n","protected":false},"excerpt":{"rendered":"<p>Yeralt\u0131 d\u00fcnyas\u0131n\u0131n patronu Guy Gisborne Robin Hood\u2019u yakalayan ki\u015fiye 100.000 \u00a3 de\u011ferinde \u00f6d\u00fcl verece\u011fini a\u00e7\u0131klad\u0131. Yeti\u015fkinler Robin Hood\u2019u tehlikelerden uzak tutmaya \u00e7al\u0131\u015f\u0131rken, Robin Hood sava\u015fmaya kararl\u0131.<span class=\"excerpt-hellip\"> [\u2026]<\/span><\/p>\n","protected":false},"featured_media":0,"template":"","meta":{"_monsterinsights_skip_tracking":false,"_monsterinsights_sitenote_active":false,"_monsterinsights_sitenote_note":"","_monsterinsights_sitenote_category":0},"product_brand":[],"product_cat":[12803,12291],"product_tag":[],"class_list":{"0":"post-753654","1":"product","2":"type-product","3":"status-publish","5":"product_cat-aksiyon-macera","6":"product_cat-edebiyat","7":"pa_cilt-ciltsiz","8":"pa_tur-kitap","9":"pa_yayinevi-eksik-parca-yayinlari","10":"pa_yazar-robert-muchamore","12":"first","13":"instock","14":"sale","15":"shipping-taxable","16":"purchasable","17":"product-type-simple"},"_links":{"self":[{"href":"https:\/\/roveyayinevi.com.tr\/index.php\/wp-json\/wp\/v2\/product\/753654","targetHints":{"allow":["GET"]}}],"collection":[{"href":"https:\/\/roveyayinevi.com.tr\/index.php\/wp-json\/wp\/v2\/product"}],"about":[{"href":"https:\/\/roveyayinevi.com.tr\/index.php\/wp-json\/wp\/v2\/types\/product"}],"wp:attachment":[{"href":"https:\/\/roveyayinevi.com.tr\/index.php\/wp-json\/wp\/v2\/media?parent=753654"}],"wp:term":[{"taxonomy":"product_brand","embeddable":true,"href":"https:\/\/roveyayinevi.com.tr\/index.php\/wp-json\/wp\/v2\/product_brand?post=753654"},{"taxonomy":"product_cat","embeddable":true,"href":"https:\/\/roveyayinevi.com.tr\/index.php\/wp-json\/wp\/v2\/product_cat?post=753654"},{"taxonomy":"product_tag","embeddable":true,"href":"https:\/\/roveyayinevi.com.tr\/index.php\/wp-json\/wp\/v2\/product_tag?post=753654"}],"curies":[{"name":"wp","href":"https:\/\/api.w.org\/{rel}","templated":true}]}}