{"id":753652,"date":"2025-08-28T05:49:05","date_gmt":"2025-08-28T02:49:05","guid":{"rendered":"https:\/\/roveyayinevi.com.tr\/index.php\/urun\/arlo-finch-ayisigi-golu-ciltli\/"},"modified":"2026-04-16T03:07:15","modified_gmt":"2026-04-16T00:07:15","slug":"arlo-finch-ayisigi-golu-ciltli","status":"publish","type":"product","link":"https:\/\/roveyayinevi.com.tr\/index.php\/urun\/arlo-finch-ayisigi-golu-ciltli\/","title":{"rendered":"Arlo Finch \u2013 Ay\u0131\u015f\u0131\u011f\u0131 G\u00f6l\u00fc (Ciltli)"},"content":{"rendered":"<p>Baz\u0131 efsaneler ger\u00e7ektir.   B\u0130R \u015eEYLER OLACA\u011eINI H\u0130SSED\u0130YORDU. Arlo bundan emindi.  Aylard\u0131r beklemedeydi \u2013 bekliyor ve merak ediyordu. Haz\u0131rlan\u0131yordu. Sezon d\u0131\u015f\u0131nda kalm\u0131\u015f bir atlet gibi Arlo da t\u00fcm temel antrenmanlar\u0131 tamamlam\u0131\u015ft\u0131: d\u00fc\u011f\u00fcm, k\u00f6rd\u00fc\u011f\u00fcm ve izci pusulas\u0131. G\u00fcr Ormanlar\u2019a yapt\u0131\u011f\u0131 k\u0131sa geziler, h\u00e2l\u00e2 oralarda bir yerlerde oldu\u011funu bildi\u011fi tehditlere kar\u015f\u0131 kendisini test etmenin bir yoluydu. Arlo, bu sefer haz\u0131r olacakt\u0131.   SADIK, CESUR, K\u0130BAR VE DO\u011eRU&#8230; ESK\u0130LER\u0130N VE YEN\u0130LER\u0130N KORUYUCUSU&#8230; YABANILLARI G\u00d6ZET\u0130R, G\u00dc\u00c7S\u00dcZLER\u0130 KORURUM, YOLUMU \u00c7\u0130ZER, ERDEM PE\u015e\u0130NDEN G\u0130DER\u0130M. ORMAN RUHLARI, KULAK VER\u0130N \u015e\u0130MD\u0130 \u0130ZC\u0130 YEM\u0130N\u0130\u2019M\u0130 EDERKEN.     Arlo Finch ve \u00c7am Da\u011f\u0131 Oyma\u011f\u0131 \u0130zcileri i\u00e7in yaz kamp\u0131, kano ve y\u00fcr\u00fcy\u00fc\u015ften daha fazlas\u0131d\u0131r. Ayn\u0131 zamanda, kadim orman ruhlar\u0131n\u0131 aramak ve a\u011fa\u00e7 kabuklar\u0131nda kodlanm\u0131\u015f gizemli mesajlar\u0131 ke\u015ffetmek i\u00e7in bir \u015fanst\u0131r. Ancak Arlo, yak\u0131n arkada\u015flar\u0131 Indra ve Wu\u2019yla uzun s\u00fcredir kay\u0131p olan Sar\u0131 Oba hakk\u0131nda ipu\u00e7lar\u0131na rastlay\u0131nca, do\u011frudan kendi ailesine kadar uzanan \u00e7arp\u0131c\u0131 ge\u00e7mi\u015fi ortaya \u00e7\u0131kar\u0131r.   \u00dcnl\u00fc senarist John August Arlo Finch: Ay\u0131\u015f\u0131\u011f\u0131 G\u00f6l\u00fc\u2019nde, d\u00fcnyam\u0131z\u0131n hemen \u00f6tesine uzanan sihir hakk\u0131ndaki b\u00fcy\u00fcleyici fantastik macera serisine devam ediyor.     \u201cEtkileyici bir macera.\u201d  \u2014 RANSOM RIGGS, Bayan Peregrine\u2019in Tuhaf \u00c7ocuklar\u0131 adl\u0131 \u00e7oksatan roman\u0131n yazar\u0131   \u201cH\u0131zl\u0131, e\u011flenceli ve korkusuzca ilerleyen bir hik\u00e2ye.\u201d   \u2014 ALLY CONDIE, E\u015fle\u015fme ve Summerlost adl\u0131 \u00e7oksatan romanlar\u0131n yazar\u0131   \u201cGizem ve maceran\u0131n ustaca birle\u015fimi.\u201d  \u2014 GEOFF RODKEY, Tapper Twins serisinin yazar\u0131 <\/p>\n","protected":false},"excerpt":{"rendered":"<p>Baz\u0131 efsaneler ger\u00e7ektir. B\u0130R \u015eEYLER OLACA\u011eINI H\u0130SSED\u0130YORDU. Arlo bundan emindi. Aylard\u0131r beklemedeydi \u2013 bekliyor ve merak ediyordu. Haz\u0131rlan\u0131yordu. Sezon d\u0131\u015f\u0131nda kalm\u0131\u015f bir atlet gibi Arlo da<span class=\"excerpt-hellip\"> [\u2026]<\/span><\/p>\n","protected":false},"featured_media":0,"template":"","meta":{"_monsterinsights_skip_tracking":false,"_monsterinsights_sitenote_active":false,"_monsterinsights_sitenote_note":"","_monsterinsights_sitenote_category":0},"product_brand":[],"product_cat":[12291,14777],"product_tag":[],"class_list":{"0":"post-753652","1":"product","2":"type-product","3":"status-publish","5":"product_cat-edebiyat","6":"product_cat-fantastik","7":"pa_cilt-ciltli","8":"pa_tur-kitap","9":"pa_yayinevi-indigo-kitap","10":"pa_yazar-john-august","12":"first","13":"instock","14":"sale","15":"shipping-taxable","16":"purchasable","17":"product-type-simple"},"_links":{"self":[{"href":"https:\/\/roveyayinevi.com.tr\/index.php\/wp-json\/wp\/v2\/product\/753652","targetHints":{"allow":["GET"]}}],"collection":[{"href":"https:\/\/roveyayinevi.com.tr\/index.php\/wp-json\/wp\/v2\/product"}],"about":[{"href":"https:\/\/roveyayinevi.com.tr\/index.php\/wp-json\/wp\/v2\/types\/product"}],"wp:attachment":[{"href":"https:\/\/roveyayinevi.com.tr\/index.php\/wp-json\/wp\/v2\/media?parent=753652"}],"wp:term":[{"taxonomy":"product_brand","embeddable":true,"href":"https:\/\/roveyayinevi.com.tr\/index.php\/wp-json\/wp\/v2\/product_brand?post=753652"},{"taxonomy":"product_cat","embeddable":true,"href":"https:\/\/roveyayinevi.com.tr\/index.php\/wp-json\/wp\/v2\/product_cat?post=753652"},{"taxonomy":"product_tag","embeddable":true,"href":"https:\/\/roveyayinevi.com.tr\/index.php\/wp-json\/wp\/v2\/product_tag?post=753652"}],"curies":[{"name":"wp","href":"https:\/\/api.w.org\/{rel}","templated":true}]}}