{"id":753651,"date":"2025-08-28T05:49:04","date_gmt":"2025-08-28T02:49:04","guid":{"rendered":"https:\/\/roveyayinevi.com.tr\/index.php\/urun\/sentetik-cag\/"},"modified":"2026-04-16T03:07:15","modified_gmt":"2026-04-16T00:07:15","slug":"sentetik-cag","status":"publish","type":"product","link":"https:\/\/roveyayinevi.com.tr\/index.php\/urun\/sentetik-cag\/","title":{"rendered":"Sentetik \u00c7a\u011f"},"content":{"rendered":"<p>\u0130nsanl\u0131k yery\u00fcz\u00fcnde haddinden fazla etki b\u0131rakt\u0131. Bu durum, eriyen buzullar\u0131 ve azalan t\u00fcr say\u0131lar\u0131n\u0131 belgeleyen istatistiklerin \u00f6tesinde yeni bir jeolojik \u00e7a\u011fa i\u015faret ediyor. Bu yeni \u00e7a\u011f\u0131n, topra\u011f\u0131n her santimetrekaresinde ve okyanus suyunun her bir damlas\u0131nda tespit edilebilen t\u00fcrlerin itibar\u0131n\u0131 art\u0131k teslim etmesi gerekiyor.Sentetik \u00c7a\u011f\u2019da, jeolojik tarihin bu yeni d\u00f6neminde d\u00fcnyay\u0131 nas\u0131l \u015fekillendirmeyi se\u00e7ti\u011fimizin kritik \u00f6nem ta\u015f\u0131d\u0131\u011f\u0131na dikkat \u00e7eken Christopher J. Preston, kendi tasar\u0131m\u0131m\u0131z olan sentetik i\u015fleyi\u015flerin istedi\u011fimiz d\u00fcnyay\u0131 dikkatlice tasarlamak i\u00e7in bir f\u0131rsat sundu\u011funu d\u00fc\u015f\u00fcn\u00fcyor ve yery\u00fcz\u00fcn\u00fcn metabolizmas\u0131n\u0131 yeniden yap\u0131land\u0131rmay\u0131 vaat eden bir dizi teknoloji tan\u0131ml\u0131yor: nanoteknolojiler, molek\u00fcler \u00fcretim, sentetik biyolojinin genom olu\u015fturma potansiyeli, evrimi geride b\u0131rakabilen \u201cbiyolojik mini makineler\u201d, t\u00fcrlerin yer de\u011fi\u015ftirmesi ve soyu t\u00fckenen t\u00fcrleri geri getirme, iklim m\u00fchendisli\u011fi, g\u00fcne\u015f radyasyonu, karbonu atmosferden uzakla\u015ft\u0131rmak amac\u0131yla yapay a\u011fa\u00e7 \u00fcretimi ve daha nicesi&#8230;Sentetik \u00c7a\u011f, ya\u015fad\u0131\u011f\u0131m\u0131z d\u00fcnyan\u0131n h\u0131zla tan\u0131nmaz hale geldi\u011fi bir zamanda gerek yery\u00fcz\u00fcn\u00fc gerekse insanlar\u0131 yeniden yap\u0131land\u0131racak sentetik gelece\u011fin hatlar\u0131n\u0131 \u00e7iziyor.Sentetik \u00c7a\u011f, 2018\u2019de Ekoloji ve \u00c7evre kategorisinde Nautilus \u00d6d\u00fcl\u00fc\u2019n\u00fc alm\u0131\u015ft\u0131r.<\/p>\n","protected":false},"excerpt":{"rendered":"<p>\u0130nsanl\u0131k yery\u00fcz\u00fcnde haddinden fazla etki b\u0131rakt\u0131. Bu durum, eriyen buzullar\u0131 ve azalan t\u00fcr say\u0131lar\u0131n\u0131 belgeleyen istatistiklerin \u00f6tesinde yeni bir jeolojik \u00e7a\u011fa i\u015faret ediyor. Bu yeni \u00e7a\u011f\u0131n,<span class=\"excerpt-hellip\"> [\u2026]<\/span><\/p>\n","protected":false},"featured_media":0,"template":"","meta":{"_monsterinsights_skip_tracking":false,"_monsterinsights_sitenote_active":false,"_monsterinsights_sitenote_note":"","_monsterinsights_sitenote_category":0},"product_brand":[],"product_cat":[23323,12364],"product_tag":[],"class_list":{"0":"post-753651","1":"product","2":"type-product","3":"status-publish","5":"product_cat-ekoloji","6":"product_cat-genel-konular","7":"pa_cilt-ciltsiz","8":"pa_tur-kitap","9":"pa_yayinevi-tellekt","10":"pa_yazar-christopher-j-preston","12":"first","13":"instock","14":"sale","15":"shipping-taxable","16":"purchasable","17":"product-type-simple"},"_links":{"self":[{"href":"https:\/\/roveyayinevi.com.tr\/index.php\/wp-json\/wp\/v2\/product\/753651","targetHints":{"allow":["GET"]}}],"collection":[{"href":"https:\/\/roveyayinevi.com.tr\/index.php\/wp-json\/wp\/v2\/product"}],"about":[{"href":"https:\/\/roveyayinevi.com.tr\/index.php\/wp-json\/wp\/v2\/types\/product"}],"wp:attachment":[{"href":"https:\/\/roveyayinevi.com.tr\/index.php\/wp-json\/wp\/v2\/media?parent=753651"}],"wp:term":[{"taxonomy":"product_brand","embeddable":true,"href":"https:\/\/roveyayinevi.com.tr\/index.php\/wp-json\/wp\/v2\/product_brand?post=753651"},{"taxonomy":"product_cat","embeddable":true,"href":"https:\/\/roveyayinevi.com.tr\/index.php\/wp-json\/wp\/v2\/product_cat?post=753651"},{"taxonomy":"product_tag","embeddable":true,"href":"https:\/\/roveyayinevi.com.tr\/index.php\/wp-json\/wp\/v2\/product_tag?post=753651"}],"curies":[{"name":"wp","href":"https:\/\/api.w.org\/{rel}","templated":true}]}}