{"id":753650,"date":"2025-08-28T05:49:03","date_gmt":"2025-08-28T02:49:03","guid":{"rendered":"https:\/\/roveyayinevi.com.tr\/index.php\/urun\/gorillerinki-kucuk-olur\/"},"modified":"2026-04-16T03:07:15","modified_gmt":"2026-04-16T00:07:15","slug":"gorillerinki-kucuk-olur","status":"publish","type":"product","link":"https:\/\/roveyayinevi.com.tr\/index.php\/urun\/gorillerinki-kucuk-olur\/","title":{"rendered":"Gorillerinki K\u00fc\u00e7\u00fck Olur"},"content":{"rendered":"<p>\u201cMufasa\u2019n\u0131n Aslan Kral\u2019da s\u00f6yledi\u011fi gibi ya\u015fam d\u00f6ng\u00fcs\u00fcnde canl\u0131lar do\u011far, b\u00fcy\u00fcr, ya\u015flanabilenler ya\u015flan\u0131r, sonra da \u00f6l\u00fcr. Bu s\u00fcre i\u00e7inde beslenirler ve cinsel ili\u015fkiye girerler. Ya\u015fam\u0131n en k\u0131sa \u00f6zeti budur.\u201d\u0130talya\u2019n\u0131n hayvan davran\u0131\u015flar\u0131 \u00fczerine uzmanla\u015fm\u0131\u015f \u00fcnl\u00fc zoolo\u011fu, ses getiren TV programlar\u0131 ve podcast\u2019lerin tan\u0131nan ismi Vincenzo Venuto, sizi evrimde cinselli\u011fin rol\u00fc \u00fczerine d\u00fc\u015f\u00fcnmeye davet ediyor.\u201cT\u00fcm canl\u0131lar\u0131n davran\u0131\u015flar\u0131n\u0131 belirleyen temel itki cinsel arzudur,\u201d diyen Venuto, hayvanlar\u0131 incelemenin hem do\u011fal evrim yasalar\u0131n\u0131 hem de insan olarak kendimizi anlamam\u0131z i\u00e7in harika bir f\u0131rsat sundu\u011funu g\u00f6steriyor. Maymunlardan kirpi bal\u0131klar\u0131na, papa\u011fanlardan mercanlara do\u011fadaki bir\u00e7ok canl\u0131y\u0131 inceleyen Venuto, insan\u0131n farkl\u0131 evrimsel boyutlar\u0131na da de\u011finerek canl\u0131lar\u0131n nas\u0131l sevi\u015fti\u011fini, kur yapt\u0131\u011f\u0131n\u0131, ba\u011f kurdu\u011funu, neden aldatt\u0131\u011f\u0131n\u0131, ne \u015fekilde yas tuttu\u011funu anlat\u0131yor. Bunu yaparken de, evrimin asl\u0131nda hayatta kalmaya en iyi uyum sa\u011flayanlar\u0131 de\u011fil, \u00fcremeye en uygun olanlar\u0131 se\u00e7ti\u011fini g\u00f6zler \u00f6n\u00fcne seriyor.Venuto\u2019nun an\u0131lar\u0131, yapt\u0131\u011f\u0131 ke\u015fif ve g\u00f6zlem gezileriyle birlikte konuyla ilgili yap\u0131lm\u0131\u015f ara\u015ft\u0131rmalar\u0131 bir araya getirerek kaleme ald\u0131\u011f\u0131 Gorillerinki K\u00fc\u00e7\u00fck Olur, Papua Yeni Gine kabilelerinden Milano\u2019daki gen\u00e7lere dek uzanan bir evrim ve cinsellik haritas\u0131\u2026<\/p>\n","protected":false},"excerpt":{"rendered":"<p>\u201cMufasa\u2019n\u0131n Aslan Kral\u2019da s\u00f6yledi\u011fi gibi ya\u015fam d\u00f6ng\u00fcs\u00fcnde canl\u0131lar do\u011far, b\u00fcy\u00fcr, ya\u015flanabilenler ya\u015flan\u0131r, sonra da \u00f6l\u00fcr. Bu s\u00fcre i\u00e7inde beslenirler ve cinsel ili\u015fkiye girerler. Ya\u015fam\u0131n en k\u0131sa<span class=\"excerpt-hellip\"> [\u2026]<\/span><\/p>\n","protected":false},"featured_media":0,"template":"","meta":{"_monsterinsights_skip_tracking":false,"_monsterinsights_sitenote_active":false,"_monsterinsights_sitenote_note":"","_monsterinsights_sitenote_category":0},"product_brand":[],"product_cat":[12389,12388],"product_tag":[],"class_list":{"0":"post-753650","1":"product","2":"type-product","3":"status-publish","5":"product_cat-diger-felsefe","6":"product_cat-felsefe","7":"pa_cilt-ciltsiz","8":"pa_tur-kitap","9":"pa_yayinevi-mundi","10":"pa_yazar-vincenzo-venuto","12":"first","13":"instock","14":"sale","15":"shipping-taxable","16":"purchasable","17":"product-type-simple"},"_links":{"self":[{"href":"https:\/\/roveyayinevi.com.tr\/index.php\/wp-json\/wp\/v2\/product\/753650","targetHints":{"allow":["GET"]}}],"collection":[{"href":"https:\/\/roveyayinevi.com.tr\/index.php\/wp-json\/wp\/v2\/product"}],"about":[{"href":"https:\/\/roveyayinevi.com.tr\/index.php\/wp-json\/wp\/v2\/types\/product"}],"wp:attachment":[{"href":"https:\/\/roveyayinevi.com.tr\/index.php\/wp-json\/wp\/v2\/media?parent=753650"}],"wp:term":[{"taxonomy":"product_brand","embeddable":true,"href":"https:\/\/roveyayinevi.com.tr\/index.php\/wp-json\/wp\/v2\/product_brand?post=753650"},{"taxonomy":"product_cat","embeddable":true,"href":"https:\/\/roveyayinevi.com.tr\/index.php\/wp-json\/wp\/v2\/product_cat?post=753650"},{"taxonomy":"product_tag","embeddable":true,"href":"https:\/\/roveyayinevi.com.tr\/index.php\/wp-json\/wp\/v2\/product_tag?post=753650"}],"curies":[{"name":"wp","href":"https:\/\/api.w.org\/{rel}","templated":true}]}}