{"id":753645,"date":"2025-08-28T05:48:56","date_gmt":"2025-08-28T02:48:56","guid":{"rendered":"https:\/\/roveyayinevi.com.tr\/index.php\/urun\/gul-vakti\/"},"modified":"2026-04-16T03:07:15","modified_gmt":"2026-04-16T00:07:15","slug":"gul-vakti","status":"publish","type":"product","link":"https:\/\/roveyayinevi.com.tr\/index.php\/urun\/gul-vakti\/","title":{"rendered":"G\u00fcl Vakti"},"content":{"rendered":"<p>G\u00dcL VAKT\u0130YLE GEL G\u00fclistan d\u00fc\u015flerim, hasretim b\u00fcy\u00fck Geleceksen can\u0131m, sevdan ile gel Bitir s\u00fcrg\u00fcn\u00fcn\u00fc, bekletme yeter Bahar bah\u00e7e ol da, g\u00fcl vaktiyle gel   Bah\u00e2r\u0131m yaz\u0131m ol, sensiz eyleme Vaktini gurbette, bensiz eyleme Gelirsen g\u00f6nl\u00fcme, derdin s\u00f6yleme Kara baht\u0131 sil de, g\u00fcl vaktiyle gel   Vakti seher eyle, r\u00fczg\u00e2r\u0131n getir Nasibini topla, ruhuma yetir Hasretini art\u0131k, ne olur bitir A\u015fk boh\u00e7an\u0131 al da, g\u00fcl vaktiyle gel   Siteme u\u011fratma, dilim yanmas\u0131n Beyhude d\u00fc\u015flerle, akl\u0131m kanmas\u0131n Bir \u00f6m\u00fcr y\u00fcre\u011fim, seni anmas\u0131n Murad\u0131m\u0131 bil de g\u00fcl vaktiyle gel   Da\u011flarda ezgiler, s\u00f6ylerim \u015fimdi S\u00eenemi dertlerle, eylerim \u015fimdi Sen yoksan s\u0131lada, neylerim \u015fimdi Al saz\u0131n\u0131 \u00e7al da, g\u00fcl vaktiyle gel <\/p>\n","protected":false},"excerpt":{"rendered":"<p>G\u00dcL VAKT\u0130YLE GEL G\u00fclistan d\u00fc\u015flerim, hasretim b\u00fcy\u00fck Geleceksen can\u0131m, sevdan ile gel Bitir s\u00fcrg\u00fcn\u00fcn\u00fc, bekletme yeter Bahar bah\u00e7e ol da, g\u00fcl vaktiyle gel Bah\u00e2r\u0131m yaz\u0131m ol,<span class=\"excerpt-hellip\"> [\u2026]<\/span><\/p>\n","protected":false},"featured_media":0,"template":"","meta":{"_monsterinsights_skip_tracking":false,"_monsterinsights_sitenote_active":false,"_monsterinsights_sitenote_note":"","_monsterinsights_sitenote_category":0},"product_brand":[],"product_cat":[12291,12509],"product_tag":[],"class_list":{"0":"post-753645","1":"product","2":"type-product","3":"status-publish","5":"product_cat-edebiyat","6":"product_cat-siir","7":"pa_cilt-ciltsiz","8":"pa_tur-kitap","9":"pa_yayinevi-gulnar-yayinlari","10":"pa_yazar-yasar-sakalar","12":"first","13":"instock","14":"sale","15":"shipping-taxable","16":"purchasable","17":"product-type-simple"},"_links":{"self":[{"href":"https:\/\/roveyayinevi.com.tr\/index.php\/wp-json\/wp\/v2\/product\/753645","targetHints":{"allow":["GET"]}}],"collection":[{"href":"https:\/\/roveyayinevi.com.tr\/index.php\/wp-json\/wp\/v2\/product"}],"about":[{"href":"https:\/\/roveyayinevi.com.tr\/index.php\/wp-json\/wp\/v2\/types\/product"}],"wp:attachment":[{"href":"https:\/\/roveyayinevi.com.tr\/index.php\/wp-json\/wp\/v2\/media?parent=753645"}],"wp:term":[{"taxonomy":"product_brand","embeddable":true,"href":"https:\/\/roveyayinevi.com.tr\/index.php\/wp-json\/wp\/v2\/product_brand?post=753645"},{"taxonomy":"product_cat","embeddable":true,"href":"https:\/\/roveyayinevi.com.tr\/index.php\/wp-json\/wp\/v2\/product_cat?post=753645"},{"taxonomy":"product_tag","embeddable":true,"href":"https:\/\/roveyayinevi.com.tr\/index.php\/wp-json\/wp\/v2\/product_tag?post=753645"}],"curies":[{"name":"wp","href":"https:\/\/api.w.org\/{rel}","templated":true}]}}