{"id":753644,"date":"2025-08-28T05:48:54","date_gmt":"2025-08-28T02:48:54","guid":{"rendered":"https:\/\/roveyayinevi.com.tr\/index.php\/urun\/umuda-don\/"},"modified":"2026-04-16T03:07:15","modified_gmt":"2026-04-16T00:07:15","slug":"umuda-don","status":"publish","type":"product","link":"https:\/\/roveyayinevi.com.tr\/index.php\/urun\/umuda-don\/","title":{"rendered":"Umuda D\u00f6n"},"content":{"rendered":"<p>YANITLAR, SINIRLARIN ARDINDA&#8230; Ya\u015fam denen bu b\u00fcy\u00fck kozmik yolculu\u011fun en \u00f6nemli par\u00e7as\u0131, i\u00e7sel bir ke\u015ffe cesaret edebilmek ve kendini tan\u0131maya do\u011fru yol almaya ba\u015flayabilmek de\u011fil mi? Ya\u015fam\u0131n anlam\u0131n\u0131 bulma ser\u00fcveni, insan\u0131n kendi yan\u0131tlar\u0131n\u0131n pe\u015fine d\u00fc\u015ft\u00fc\u011f\u00fc upuzun bir yolculuk&#8230; Bu yolculu\u011fa \u00e7\u0131kabilmek i\u00e7in, her \u201can\u201d bir \u015fans var. \u00c7\u00fcnk\u00fc \u201cyolculuk\u201d, her insan\u0131n kendine sordu\u011fu sorular ve buldu\u011fu yan\u0131tlardan ibaret&#8230; Yolculuk sonsuz \u00e7e\u015fitlilikte. Ona, s\u0131n\u0131r koyansa benim! S\u0131n\u0131rlar\u0131 olan benim \u00e7\u00fcnk\u00fc. Etraf\u0131na s\u0131n\u0131rlarla bakmay\u0131 \u00f6\u011frenen de \u00f6\u011freten de benim. Ve bu s\u0131n\u0131rlar i\u00e7inde koca evreni sorgulayan da benim. O y\u00fczden, baz\u0131 sorular\u0131m\u0131n hen\u00fcz yan\u0131t\u0131 yok. Yan\u0131tlar, s\u0131n\u0131rlar\u0131m\u0131n ard\u0131nda&#8230; <\/p>\n","protected":false},"excerpt":{"rendered":"<p>YANITLAR, SINIRLARIN ARDINDA&#8230; Ya\u015fam denen bu b\u00fcy\u00fck kozmik yolculu\u011fun en \u00f6nemli par\u00e7as\u0131, i\u00e7sel bir ke\u015ffe cesaret edebilmek ve kendini tan\u0131maya do\u011fru yol almaya ba\u015flayabilmek de\u011fil mi?<span class=\"excerpt-hellip\"> [\u2026]<\/span><\/p>\n","protected":false},"featured_media":0,"template":"","meta":{"_monsterinsights_skip_tracking":false,"_monsterinsights_sitenote_active":false,"_monsterinsights_sitenote_note":"","_monsterinsights_sitenote_category":0},"product_brand":[],"product_cat":[12364,12376],"product_tag":[],"class_list":{"0":"post-753644","1":"product","2":"type-product","3":"status-publish","5":"product_cat-genel-konular","6":"product_cat-kisisel-gelisim","7":"pa_cilt-ciltsiz","8":"pa_tur-kitap","9":"pa_yayinevi-destek-yayinlari","10":"pa_yazar-sinem-demirel","12":"first","13":"instock","14":"sale","15":"shipping-taxable","16":"purchasable","17":"product-type-simple"},"_links":{"self":[{"href":"https:\/\/roveyayinevi.com.tr\/index.php\/wp-json\/wp\/v2\/product\/753644","targetHints":{"allow":["GET"]}}],"collection":[{"href":"https:\/\/roveyayinevi.com.tr\/index.php\/wp-json\/wp\/v2\/product"}],"about":[{"href":"https:\/\/roveyayinevi.com.tr\/index.php\/wp-json\/wp\/v2\/types\/product"}],"wp:attachment":[{"href":"https:\/\/roveyayinevi.com.tr\/index.php\/wp-json\/wp\/v2\/media?parent=753644"}],"wp:term":[{"taxonomy":"product_brand","embeddable":true,"href":"https:\/\/roveyayinevi.com.tr\/index.php\/wp-json\/wp\/v2\/product_brand?post=753644"},{"taxonomy":"product_cat","embeddable":true,"href":"https:\/\/roveyayinevi.com.tr\/index.php\/wp-json\/wp\/v2\/product_cat?post=753644"},{"taxonomy":"product_tag","embeddable":true,"href":"https:\/\/roveyayinevi.com.tr\/index.php\/wp-json\/wp\/v2\/product_tag?post=753644"}],"curies":[{"name":"wp","href":"https:\/\/api.w.org\/{rel}","templated":true}]}}