{"id":753642,"date":"2025-08-28T05:48:51","date_gmt":"2025-08-28T02:48:51","guid":{"rendered":"https:\/\/roveyayinevi.com.tr\/index.php\/urun\/hatirladin-mi-beni\/"},"modified":"2026-04-08T03:14:20","modified_gmt":"2026-04-08T00:14:20","slug":"hatirladin-mi-beni","status":"publish","type":"product","link":"https:\/\/roveyayinevi.com.tr\/index.php\/urun\/hatirladin-mi-beni\/","title":{"rendered":"Hat\u0131rlad\u0131n m\u0131 Beni?"},"content":{"rendered":"<p>\u201cD\u00fc\u015f, en b\u00fcy\u00fck ger\u00e7ektir!\u201d \u2013 Stefano D\u2019Anna * Adam ona bak\u0131p d\u00fcmd\u00fcz ve dingin bir tonda \u201cBen simyac\u0131 de\u011filim&#8230;\u201d dedi. \u201cKimseyi d\u00f6n\u00fc\u015ft\u00fcremem. Ben sadece hat\u0131rlamana yard\u0131mc\u0131 olabilirim.\u201d Elif \u015fa\u015fk\u0131nl\u0131k i\u00e7inde \u201cHat\u0131rlamaz m\u0131y\u0131m?\u201d dedi. \u201cBen unutmak i\u00e7in buraday\u0131m.\u201d Daron g\u00fcl\u00fcmsedi. \u201c\u0130\u015fte bu d\u00fcnyan\u0131n sorunu bu! Herkes kendinden, hayattan, \u2018an\u2019dan mutsuz. Ya hep gelece\u011fi d\u00fc\u015f\u00fcnerek ileri sarmak istiyor, ya ge\u00e7mi\u015fi d\u00fc\u015f\u00fcnerek ba\u015fa almak. Ve t\u00fcm bunlar\u0131 da unutarak ba\u015farman\u0131n pe\u015finde. Ya\u015fad\u0131klar\u0131n\u0131, ac\u0131lar\u0131n\u0131 hatta bazen kim oldu\u011funu unutarak. Oysa \u00e7\u00f6z\u00fcm unutmak de\u011fil, hat\u0131rlamak. Ruhun unuttuklar\u0131n\u0131 hat\u0131rlamak&#8230;\u201d         * Hayat\u0131n i\u00e7inde d\u00f6n\u00fcp duran yalanlar, aldatmalar, \u00f6nyarg\u0131lar, korkular ve unutu\u015flar&#8230; Ve t\u00fcm bunlar\u0131n kar\u015f\u0131s\u0131nda dimdik duran sessiz bir ba\u015fkald\u0131r\u0131: Hat\u0131rlama eylemi&#8230; Bu kitap sistemin \u00f6\u011frettiklerinden s\u0131yr\u0131l\u0131p, derinlerde her zaman bilip de unuttuklar\u0131n\u0131z\u0131 hat\u0131rlaman\u0131z i\u00e7in yaz\u0131ld\u0131. <\/p>\n","protected":false},"excerpt":{"rendered":"<p>\u201cD\u00fc\u015f, en b\u00fcy\u00fck ger\u00e7ektir!\u201d \u2013 Stefano D\u2019Anna * Adam ona bak\u0131p d\u00fcmd\u00fcz ve dingin bir tonda \u201cBen simyac\u0131 de\u011filim&#8230;\u201d dedi. \u201cKimseyi d\u00f6n\u00fc\u015ft\u00fcremem. Ben sadece hat\u0131rlamana yard\u0131mc\u0131<span class=\"excerpt-hellip\"> [\u2026]<\/span><\/p>\n","protected":false},"featured_media":0,"template":"","meta":{"_monsterinsights_skip_tracking":false,"_monsterinsights_sitenote_active":false,"_monsterinsights_sitenote_note":"","_monsterinsights_sitenote_category":0},"product_brand":[],"product_cat":[12364,12376],"product_tag":[],"class_list":{"0":"post-753642","1":"product","2":"type-product","3":"status-publish","5":"product_cat-genel-konular","6":"product_cat-kisisel-gelisim","7":"pa_cilt-ciltsiz","8":"pa_tur-kitap","9":"pa_yayinevi-destek-yayinlari","10":"pa_yazar-pinar-gedik","12":"first","13":"instock","14":"sale","15":"shipping-taxable","16":"purchasable","17":"product-type-simple"},"_links":{"self":[{"href":"https:\/\/roveyayinevi.com.tr\/index.php\/wp-json\/wp\/v2\/product\/753642","targetHints":{"allow":["GET"]}}],"collection":[{"href":"https:\/\/roveyayinevi.com.tr\/index.php\/wp-json\/wp\/v2\/product"}],"about":[{"href":"https:\/\/roveyayinevi.com.tr\/index.php\/wp-json\/wp\/v2\/types\/product"}],"wp:attachment":[{"href":"https:\/\/roveyayinevi.com.tr\/index.php\/wp-json\/wp\/v2\/media?parent=753642"}],"wp:term":[{"taxonomy":"product_brand","embeddable":true,"href":"https:\/\/roveyayinevi.com.tr\/index.php\/wp-json\/wp\/v2\/product_brand?post=753642"},{"taxonomy":"product_cat","embeddable":true,"href":"https:\/\/roveyayinevi.com.tr\/index.php\/wp-json\/wp\/v2\/product_cat?post=753642"},{"taxonomy":"product_tag","embeddable":true,"href":"https:\/\/roveyayinevi.com.tr\/index.php\/wp-json\/wp\/v2\/product_tag?post=753642"}],"curies":[{"name":"wp","href":"https:\/\/api.w.org\/{rel}","templated":true}]}}