{"id":753641,"date":"2025-08-28T05:48:50","date_gmt":"2025-08-28T02:48:50","guid":{"rendered":"https:\/\/roveyayinevi.com.tr\/index.php\/urun\/cukur-5\/"},"modified":"2026-04-16T03:07:15","modified_gmt":"2026-04-16T00:07:15","slug":"cukur-5","status":"publish","type":"product","link":"https:\/\/roveyayinevi.com.tr\/index.php\/urun\/cukur-5\/","title":{"rendered":"\u00c7ukur"},"content":{"rendered":"<p>\u201cANDOLSUN K\u0130 \u0130NSANI EN G\u00dcZEL B\u0130\u00c7\u0130MDE YARATIRIZ, SONRA ONU A\u015eA\u011eILARIN A\u015eA\u011eISINA\u0130ND\u0130R\u0130R\u0130Z.\u201d \u2013 T\u0130N, 4-5 Her iyi s\u00f6z ve her iyi amel insanl\u0131\u011f\u0131, toplumlar\u0131 ve ferdi y\u00fcceltirken, medeniyetler kurarken, hayat\u0131 cennete \u00e7evirirken, ahirette de cennete g\u00f6t\u00fcr\u00fcrken; her k\u00f6t\u00fc s\u00f6z, her yanl\u0131\u015f davran\u0131\u015f\/amel insanl\u0131\u011f\u0131n, toplumlar\u0131n ve ferdin hayat\u0131nda \u201c\u00e7ukurlar\u201d a\u00e7maktad\u0131r. \u00c7\u00fcnk\u00fc s\u00f6z ve davran\u0131\u015flar kaybolmuyor, lay\u0131k oldu\u011fu yere mutlaka ula\u015f\u0131yor. Bu kitapta, bu k\u00f6t\u00fc s\u00f6z ve eylemlerin toplumda a\u00e7t\u0131\u011f\u0131 \u00e7ukurlar\u0131 Kuran ayetleri rehberli\u011finde ele ald\u0131k: \u2022 Haram yeme \u00e7ukuru.\u2022 H\u0131rs \u00e7ukuru.\u2022 Hile \u00e7ukuru.\u2022 Yalan \u00e7ukuru.\u2022 Kin, d\u00fc\u015fmanl\u0131k ve has\u0131ml\u0131k \u00e7ukuru.\u2022 Cinsel sap\u0131kl\u0131k, alkol, uyu\u015fturucu, gaflet \u00e7ukuru.\u2022 Kuruntu \u00e7ukuru.\u2022 \u015eirk \u00e7ukuru\u2022 \u0130ftira \u00e7ukuru.\u2022 K\u0131skan\u00e7l\u0131k \u00e7ukuru.\u2022 Nank\u00f6rl\u00fck \u00e7ukuru.\u2022 Fitne fesat \u00e7ukuru. B\u00fct\u00fcn bu \u00e7ukurlara d\u00fc\u015fmeden hayat\u0131 s\u00fcrd\u00fcrebilmek i\u00e7in akla, vahye, bilgiye, adalete, sevgiye, merhamete g\u00f6re hareket etmemiz gerekiyor. Unutmayal\u0131m, Allah\u2019a yara\u015f\u0131r kul olmakla, Allah\u2019\u0131n yard\u0131m\u0131n\u0131 alm\u0131\u015f olaca\u011f\u0131z. <\/p>\n","protected":false},"excerpt":{"rendered":"<p>\u201cANDOLSUN K\u0130 \u0130NSANI EN G\u00dcZEL B\u0130\u00c7\u0130MDE YARATIRIZ, SONRA ONU A\u015eA\u011eILARIN A\u015eA\u011eISINA\u0130ND\u0130R\u0130R\u0130Z.\u201d \u2013 T\u0130N, 4-5 Her iyi s\u00f6z ve her iyi amel insanl\u0131\u011f\u0131, toplumlar\u0131 ve ferdi y\u00fcceltirken,<span class=\"excerpt-hellip\"> [\u2026]<\/span><\/p>\n","protected":false},"featured_media":0,"template":"","meta":{"_monsterinsights_skip_tracking":false,"_monsterinsights_sitenote_active":false,"_monsterinsights_sitenote_note":"","_monsterinsights_sitenote_category":0},"product_brand":[],"product_cat":[13036,12718,12719],"product_tag":[],"class_list":{"0":"post-753641","1":"product","2":"type-product","3":"status-publish","5":"product_cat-arastirma-inceleme-islam","6":"product_cat-din","7":"product_cat-islam","8":"pa_cilt-ciltsiz","9":"pa_tur-kitap","10":"pa_yayinevi-destek-yayinlari","11":"pa_yazar-bayraktar-bayrakli","13":"first","14":"instock","15":"sale","16":"shipping-taxable","17":"purchasable","18":"product-type-simple"},"_links":{"self":[{"href":"https:\/\/roveyayinevi.com.tr\/index.php\/wp-json\/wp\/v2\/product\/753641","targetHints":{"allow":["GET"]}}],"collection":[{"href":"https:\/\/roveyayinevi.com.tr\/index.php\/wp-json\/wp\/v2\/product"}],"about":[{"href":"https:\/\/roveyayinevi.com.tr\/index.php\/wp-json\/wp\/v2\/types\/product"}],"wp:attachment":[{"href":"https:\/\/roveyayinevi.com.tr\/index.php\/wp-json\/wp\/v2\/media?parent=753641"}],"wp:term":[{"taxonomy":"product_brand","embeddable":true,"href":"https:\/\/roveyayinevi.com.tr\/index.php\/wp-json\/wp\/v2\/product_brand?post=753641"},{"taxonomy":"product_cat","embeddable":true,"href":"https:\/\/roveyayinevi.com.tr\/index.php\/wp-json\/wp\/v2\/product_cat?post=753641"},{"taxonomy":"product_tag","embeddable":true,"href":"https:\/\/roveyayinevi.com.tr\/index.php\/wp-json\/wp\/v2\/product_tag?post=753641"}],"curies":[{"name":"wp","href":"https:\/\/api.w.org\/{rel}","templated":true}]}}