{"id":753639,"date":"2025-08-28T05:48:46","date_gmt":"2025-08-28T02:48:46","guid":{"rendered":"https:\/\/roveyayinevi.com.tr\/index.php\/urun\/gencler-icin-kisa-genel-avrupa-tarihi-ve-19-yuzyilda-osmanli-imparatorlugu\/"},"modified":"2026-04-16T03:07:15","modified_gmt":"2026-04-16T00:07:15","slug":"gencler-icin-kisa-genel-avrupa-tarihi-ve-19-yuzyilda-osmanli-imparatorlugu","status":"publish","type":"product","link":"https:\/\/roveyayinevi.com.tr\/index.php\/urun\/gencler-icin-kisa-genel-avrupa-tarihi-ve-19-yuzyilda-osmanli-imparatorlugu\/","title":{"rendered":"Gen\u00e7ler \u0130\u00e7in K\u0131sa Genel Avrupa Tarihi ve 19. Y\u00fczy\u0131lda Osmanl\u0131 \u0130mparatorlu\u011fu"},"content":{"rendered":"<p>1870 ve 1880\u2019lerde d\u00fcnya de\u011fi\u015fiyordu. 19. y\u00fczy\u0131l\u0131n ikinci yar\u0131s\u0131nda d\u00fcnyaekonomisinde patlama ya\u015fand\u0131 ve ta\u015f\u0131mac\u0131l\u0131k sekt\u00f6r\u00fcndeki buharl\u0131 gemi vedemiryolu gibi yenilikler, uluslararas\u0131 ticaretin muazzam \u00f6l\u00e7\u00fcde geni\u015flemesineyol a\u00e7t\u0131. Bu k\u00fcreselle\u015fme dalgas\u0131 Meksika gibi zengin kaynaklara sahip \u00fclkelerin,bu \u00fclkelerin elitlerinin hammadde ve do\u011fal kaynaklar\u0131n\u0131n sanayile\u015fen KuzeyAmerika\u2019ya ya da Bat\u0131 Avrupa\u2019ya ihra\u00e7 ederek kendilerini zangin edebileceklerianlam\u0131na geliyordu. Birle\u015fik Devletler de 1785\u2019teki Arazi y\u00f6netmeli\u011fi 1862\u2019deki\u0130skan yasas\u0131na kadar uzun bir yasama faaliyetleri dizisi hudut arazilerine geni\u015feri\u015fim sa\u011flad\u0131. Bu yerli halklar\u0131n d\u0131\u015flanmas\u0131na kar\u015f\u0131 e\u015fit\u00e7ilik ve ekonomik a\u00e7\u0131dandinamik bir hudut b\u00f6lgesi yaratt\u0131. Hudut arazileri siyasal g\u00fcce sahip, serveti veba\u011flant\u0131lar\u0131 olanlara tahsis edildi ve onlar\u0131 daha da g\u00fc\u00e7l\u00fc hale getirdi.<\/p>\n","protected":false},"excerpt":{"rendered":"<p>1870 ve 1880\u2019lerde d\u00fcnya de\u011fi\u015fiyordu. 19. y\u00fczy\u0131l\u0131n ikinci yar\u0131s\u0131nda d\u00fcnyaekonomisinde patlama ya\u015fand\u0131 ve ta\u015f\u0131mac\u0131l\u0131k sekt\u00f6r\u00fcndeki buharl\u0131 gemi vedemiryolu gibi yenilikler, uluslararas\u0131 ticaretin muazzam \u00f6l\u00e7\u00fcde geni\u015flemesineyol a\u00e7t\u0131.<span class=\"excerpt-hellip\"> [\u2026]<\/span><\/p>\n","protected":false},"featured_media":0,"template":"","meta":{"_monsterinsights_skip_tracking":false,"_monsterinsights_sitenote_active":false,"_monsterinsights_sitenote_note":"","_monsterinsights_sitenote_category":0},"product_brand":[],"product_cat":[12304],"product_tag":[],"class_list":{"0":"post-753639","1":"product","2":"type-product","3":"status-publish","5":"product_cat-tarih","6":"pa_cilt-ciltsiz","7":"pa_tur-kitap","8":"pa_yayinevi-nergiz-yayinlari","9":"pa_yazar-umran-mustafa-iscan","11":"first","12":"instock","13":"sale","14":"shipping-taxable","15":"purchasable","16":"product-type-simple"},"_links":{"self":[{"href":"https:\/\/roveyayinevi.com.tr\/index.php\/wp-json\/wp\/v2\/product\/753639","targetHints":{"allow":["GET"]}}],"collection":[{"href":"https:\/\/roveyayinevi.com.tr\/index.php\/wp-json\/wp\/v2\/product"}],"about":[{"href":"https:\/\/roveyayinevi.com.tr\/index.php\/wp-json\/wp\/v2\/types\/product"}],"wp:attachment":[{"href":"https:\/\/roveyayinevi.com.tr\/index.php\/wp-json\/wp\/v2\/media?parent=753639"}],"wp:term":[{"taxonomy":"product_brand","embeddable":true,"href":"https:\/\/roveyayinevi.com.tr\/index.php\/wp-json\/wp\/v2\/product_brand?post=753639"},{"taxonomy":"product_cat","embeddable":true,"href":"https:\/\/roveyayinevi.com.tr\/index.php\/wp-json\/wp\/v2\/product_cat?post=753639"},{"taxonomy":"product_tag","embeddable":true,"href":"https:\/\/roveyayinevi.com.tr\/index.php\/wp-json\/wp\/v2\/product_tag?post=753639"}],"curies":[{"name":"wp","href":"https:\/\/api.w.org\/{rel}","templated":true}]}}