{"id":753638,"date":"2025-08-28T05:48:45","date_gmt":"2025-08-28T02:48:45","guid":{"rendered":"https:\/\/roveyayinevi.com.tr\/index.php\/urun\/ibn-haldunun-siyaset-ve-devlet-felsefesine-dair-goruslerinin-osmanli-dusuncesindeki-yansimalari\/"},"modified":"2026-04-16T03:07:15","modified_gmt":"2026-04-16T00:07:15","slug":"ibn-haldunun-siyaset-ve-devlet-felsefesine-dair-goruslerinin-osmanli-dusuncesindeki-yansimalari","status":"publish","type":"product","link":"https:\/\/roveyayinevi.com.tr\/index.php\/urun\/ibn-haldunun-siyaset-ve-devlet-felsefesine-dair-goruslerinin-osmanli-dusuncesindeki-yansimalari\/","title":{"rendered":"\u0130bn Haldun&#8217;un Siyaset ve Devlet Felsefesine Dair G\u00f6r\u00fc\u015flerinin Osmanl\u0131 D\u00fc\u015f\u00fcncesindeki Yans\u0131malar\u0131"},"content":{"rendered":"<p>\u00c7al\u0131\u015fmam\u0131z\u0131n amac\u0131, sosyoloji ve tarih felsefesinin kurucusu \u00fcnl\u00fc \u0130sl\u00e2m filozofu \u0130bn Hald\u00fbn\u2019un, siyaset ve devlet felsefesine dair g\u00f6r\u00fc\u015flerinin Osmanl\u0131 d\u00fc\u015f\u00fcncesindeki yans\u0131malar\u0131n\u0131 tespit etmektir. Bu ama\u00e7la \u00e7al\u0131\u015fma, Osmanl\u0131 d\u00fc\u015f\u00fcn\u00fcrlerinden \u0130bn Hald\u00fbn\u2019un en \u00e7ok etkisinin g\u00f6r\u00fcld\u00fc\u011f\u00fc K\u00e2tip \u00c7elebi, Na\u00eem\u00e2 ve Ahmet Cevdet Pa\u015fa d\u00fc\u015f\u00fcnceleriyle s\u0131n\u0131rland\u0131r\u0131lm\u0131\u015ft\u0131r. \u201c\u0130bn Hald\u00fbn\u2019un Siyaset ve Devlet Felsefesine Dair G\u00f6r\u00fc\u015flerinin Osmanl\u0131 D\u00fc\u015f\u00fcncesindeki Yans\u0131malar\u0131\u201d adl\u0131 \u00e7al\u0131\u015fmam\u0131z giri\u015f, \u00fc\u00e7 b\u00f6l\u00fcm, sonu\u00e7 ve bibliografyadan olu\u015fmaktad\u0131r. Giri\u015f b\u00f6l\u00fcm\u00fcnde, genel olarak siyaset ve devlet felsefesi kavramlar\u0131n\u0131n tan\u0131m\u0131 ve i\u00e7eri\u011fi ele al\u0131nm\u0131\u015ft\u0131r. \u0130lk b\u00f6l\u00fcmde konunun tarihsel s\u00fcre\u00e7teki geli\u015fimi irdelenmi\u015ftir. Bu b\u00f6l\u00fcmde ayr\u0131ca siyaset-devlet ili\u015fkisi gibi daha spesifik tart\u0131\u015fma konular\u0131na ili\u015fkin de\u011ferlendirmelere yer verilmi\u015ftir. \u0130kinci b\u00f6l\u00fcmde \u0130bn Hald\u00fbn\u2019un siyaset ve devlet felsefesine dair g\u00f6r\u00fc\u015fleri daha sonraki b\u00f6l\u00fcmle \u00f6rt\u00fc\u015fecek \u015fekilde inceleme yoluna gidilmi\u015ftir. Son b\u00f6l\u00fcm olan \u00fc\u00e7\u00fcnc\u00fc b\u00f6l\u00fcmde Osmanl\u0131 d\u00fc\u015f\u00fcn\u00fcrlerinden K\u00e2tip \u00c7elebi, Na\u00eem\u00e2 ve Ahmet Cevdet Pa\u015fa\u2019n\u0131n konuya ili\u015fkin d\u00fc\u015f\u00fcncelerine yer verilerek \u0130bn Hald\u00fbn\u2019dan hangi konularda, ne \u015fekilde ve hangi oranda etkilendikleri belirlenmeye \u00e7al\u0131\u015f\u0131lm\u0131\u015ft\u0131r. Ara\u015ft\u0131rmam\u0131z\u0131n sonucunda, ad\u0131 ge\u00e7en Osmanl\u0131 d\u00fc\u015f\u00fcn\u00fcrleri \u00fczerinde \u0130bn Hald\u00fbn\u2019un siyaset ve devlet felsefesine dair d\u00fc\u015f\u00fcncelerinin b\u00fcy\u00fck yans\u0131malar\u0131 oldu\u011fu sonucuna var\u0131lm\u0131\u015ft\u0131r. Bu yans\u0131malar\u0131n \u0130bn Hald\u00fbn\u2019un \u00f6zellikle organizm d\u00fc\u015f\u00fcncesi ve tav\u0131rlar teorisi ekseninde oldu\u011fu g\u00f6r\u00fclm\u00fc\u015ft\u00fcr. K\u00e2tip \u00c7elebi, Na\u00eem\u00e2 ve Ahmet Cevdet Pa\u015fa\u2019n\u0131n Osmanl\u0131 Devleti\u2019nin buhranl\u0131 d\u00f6nemlerinde ya\u015famalar\u0131 sebebiyle \u0130bn Hald\u00fbn\u2019un s\u00f6z konusu d\u00fc\u015f\u00fcncelerini temele alarak devletin \u00e7\u00f6k\u00fc\u015ften kurtar\u0131l\u0131p varl\u0131\u011f\u0131n\u0131 devam ettirmesine y\u00f6nelik \u00e7\u00f6z\u00fcm \u00f6nerileri ortaya koymaya \u00e7al\u0131\u015ft\u0131klar\u0131 ve bu yakla\u015f\u0131mlar\u0131yla da devletin y\u0131k\u0131lmas\u0131 hususunda \u0130bn Hald\u00fbn\u2019un kat\u0131 determinizminden ayr\u0131larak daha \u0131l\u0131ml\u0131 bir d\u00fc\u015f\u00fcnce geli\u015ftirdikleri anla\u015f\u0131lm\u0131\u015ft\u0131r. <\/p>\n","protected":false},"excerpt":{"rendered":"<p>\u00c7al\u0131\u015fmam\u0131z\u0131n amac\u0131, sosyoloji ve tarih felsefesinin kurucusu \u00fcnl\u00fc \u0130sl\u00e2m filozofu \u0130bn Hald\u00fbn\u2019un, siyaset ve devlet felsefesine dair g\u00f6r\u00fc\u015flerinin Osmanl\u0131 d\u00fc\u015f\u00fcncesindeki yans\u0131malar\u0131n\u0131 tespit etmektir. Bu ama\u00e7la \u00e7al\u0131\u015fma,<span class=\"excerpt-hellip\"> [\u2026]<\/span><\/p>\n","protected":false},"featured_media":0,"template":"","meta":{"_monsterinsights_skip_tracking":false,"_monsterinsights_sitenote_active":false,"_monsterinsights_sitenote_note":"","_monsterinsights_sitenote_category":0},"product_brand":[],"product_cat":[12388,15536],"product_tag":[],"class_list":{"0":"post-753638","1":"product","2":"type-product","3":"status-publish","5":"product_cat-felsefe","6":"product_cat-siyaset-felsefesi","7":"pa_cilt-ciltsiz","8":"pa_tur-kitap","9":"pa_yayinevi-soncag-akademik-kitaplar","10":"pa_yazar-bilgehan-bengu-torkuk-gokdemir","12":"first","13":"instock","14":"sale","15":"shipping-taxable","16":"purchasable","17":"product-type-simple"},"_links":{"self":[{"href":"https:\/\/roveyayinevi.com.tr\/index.php\/wp-json\/wp\/v2\/product\/753638","targetHints":{"allow":["GET"]}}],"collection":[{"href":"https:\/\/roveyayinevi.com.tr\/index.php\/wp-json\/wp\/v2\/product"}],"about":[{"href":"https:\/\/roveyayinevi.com.tr\/index.php\/wp-json\/wp\/v2\/types\/product"}],"wp:attachment":[{"href":"https:\/\/roveyayinevi.com.tr\/index.php\/wp-json\/wp\/v2\/media?parent=753638"}],"wp:term":[{"taxonomy":"product_brand","embeddable":true,"href":"https:\/\/roveyayinevi.com.tr\/index.php\/wp-json\/wp\/v2\/product_brand?post=753638"},{"taxonomy":"product_cat","embeddable":true,"href":"https:\/\/roveyayinevi.com.tr\/index.php\/wp-json\/wp\/v2\/product_cat?post=753638"},{"taxonomy":"product_tag","embeddable":true,"href":"https:\/\/roveyayinevi.com.tr\/index.php\/wp-json\/wp\/v2\/product_tag?post=753638"}],"curies":[{"name":"wp","href":"https:\/\/api.w.org\/{rel}","templated":true}]}}