{"id":753627,"date":"2025-08-28T05:48:16","date_gmt":"2025-08-28T02:48:16","guid":{"rendered":"https:\/\/roveyayinevi.com.tr\/index.php\/urun\/dinozor-dino-ve-arkadaslari\/"},"modified":"2026-04-16T03:07:15","modified_gmt":"2026-04-16T00:07:15","slug":"dinozor-dino-ve-arkadaslari","status":"publish","type":"product","link":"https:\/\/roveyayinevi.com.tr\/index.php\/urun\/dinozor-dino-ve-arkadaslari\/","title":{"rendered":"Dinozor Dino ve Arkada\u015flar\u0131"},"content":{"rendered":"<p>Dostluk Orman\u0131, Evcil Hayvanlar, Kaplan Max, Minik Yunus Doli, Penguen Panga, Minik Ahtapot Jelibon, Bal Ar\u0131s\u0131 Tombi\u015f ve Dinozor Dino. Sevimli arkada\u015flar\u0131m\u0131z\u0131n hikayelerini \u00e7ocuklar ilgiyle okuyacaklar.3 boyutlu sayfalar\u0131yla ve ilgi \u00e7ekici \u00e7izimleriyle Hareketli Kitaplar Serisi\u2019ni \u00e7ok seveceksiniz.\u0130yi e\u011flenceler\u2026<\/p>\n","protected":false},"excerpt":{"rendered":"<p>Dostluk Orman\u0131, Evcil Hayvanlar, Kaplan Max, Minik Yunus Doli, Penguen Panga, Minik Ahtapot Jelibon, Bal Ar\u0131s\u0131 Tombi\u015f ve Dinozor Dino. Sevimli arkada\u015flar\u0131m\u0131z\u0131n hikayelerini \u00e7ocuklar ilgiyle okuyacaklar.3<span class=\"excerpt-hellip\"> [\u2026]<\/span><\/p>\n","protected":false},"featured_media":0,"template":"","meta":{"_monsterinsights_skip_tracking":false,"_monsterinsights_sitenote_active":false,"_monsterinsights_sitenote_note":"","_monsterinsights_sitenote_category":0},"product_brand":[],"product_cat":[12274,12284],"product_tag":[],"class_list":{"0":"post-753627","1":"product","2":"type-product","3":"status-publish","5":"product_cat-cocuk-ve-genclik-kitaplari","6":"product_cat-hikayeler","7":"pa_cilt-ciltsiz","8":"pa_tur-kitap","9":"pa_yayinevi-0-6-yas-yayinlari","10":"pa_yazar-kolektif","12":"first","13":"instock","14":"sale","15":"shipping-taxable","16":"purchasable","17":"product-type-simple"},"_links":{"self":[{"href":"https:\/\/roveyayinevi.com.tr\/index.php\/wp-json\/wp\/v2\/product\/753627","targetHints":{"allow":["GET"]}}],"collection":[{"href":"https:\/\/roveyayinevi.com.tr\/index.php\/wp-json\/wp\/v2\/product"}],"about":[{"href":"https:\/\/roveyayinevi.com.tr\/index.php\/wp-json\/wp\/v2\/types\/product"}],"wp:attachment":[{"href":"https:\/\/roveyayinevi.com.tr\/index.php\/wp-json\/wp\/v2\/media?parent=753627"}],"wp:term":[{"taxonomy":"product_brand","embeddable":true,"href":"https:\/\/roveyayinevi.com.tr\/index.php\/wp-json\/wp\/v2\/product_brand?post=753627"},{"taxonomy":"product_cat","embeddable":true,"href":"https:\/\/roveyayinevi.com.tr\/index.php\/wp-json\/wp\/v2\/product_cat?post=753627"},{"taxonomy":"product_tag","embeddable":true,"href":"https:\/\/roveyayinevi.com.tr\/index.php\/wp-json\/wp\/v2\/product_tag?post=753627"}],"curies":[{"name":"wp","href":"https:\/\/api.w.org\/{rel}","templated":true}]}}