{"id":753611,"date":"2025-08-28T05:47:49","date_gmt":"2025-08-28T02:47:49","guid":{"rendered":"https:\/\/roveyayinevi.com.tr\/index.php\/urun\/oyun-gunu-aktivite-kitabi-sari-kitap\/"},"modified":"2026-04-16T03:07:14","modified_gmt":"2026-04-16T00:07:14","slug":"oyun-gunu-aktivite-kitabi-sari-kitap","status":"publish","type":"product","link":"https:\/\/roveyayinevi.com.tr\/index.php\/urun\/oyun-gunu-aktivite-kitabi-sari-kitap\/","title":{"rendered":"Oyun G\u00fcn\u00fc Aktivite Kitab\u0131 Sar\u0131 Kitap"},"content":{"rendered":"<p>Sevimli hayvanlar temas\u0131 ile haz\u0131rlanm\u0131\u015f bir aktivite kitab\u0131 olan \u201cOyun G\u00fcn\u00fc Aktivite Kitab\u0131\u201d hayvanlar\u0131 \u00e7ok seven \u00e7ocuklar\u0131m\u0131z\u0131 e\u011flendirerek, onlar\u0131n bir\u00e7ok yeni bilgiyi \u00f6\u011frenmelerini ama\u00e7lamaktad\u0131r.Kitab\u0131n i\u00e7eri\u011finde; noktadan noktaya, farklar\u0131 bulma, boyamalar, basit labirentler ve ba\u015fka \u00e7e\u015fitli bulmacalar dahil olmak \u00fczere pek \u00e7ok etkinlik ve aktivite bulunmaktad\u0131r.Rengarenk ve ilgi \u00e7ekici \u00e7izimlerle dolu olan bu kitapla \u00e7ocuklar\u0131m\u0131z\u0131n, keyifli ve e\u011flenceli saatler ge\u00e7irece\u011fini d\u00fc\u015f\u00fcn\u00fcyoruz.<\/p>\n","protected":false},"excerpt":{"rendered":"<p>Sevimli hayvanlar temas\u0131 ile haz\u0131rlanm\u0131\u015f bir aktivite kitab\u0131 olan \u201cOyun G\u00fcn\u00fc Aktivite Kitab\u0131\u201d hayvanlar\u0131 \u00e7ok seven \u00e7ocuklar\u0131m\u0131z\u0131 e\u011flendirerek, onlar\u0131n bir\u00e7ok yeni bilgiyi \u00f6\u011frenmelerini ama\u00e7lamaktad\u0131r.Kitab\u0131n i\u00e7eri\u011finde; noktadan<span class=\"excerpt-hellip\"> [\u2026]<\/span><\/p>\n","protected":false},"featured_media":0,"template":"","meta":{"_monsterinsights_skip_tracking":false,"_monsterinsights_sitenote_active":false,"_monsterinsights_sitenote_note":"","_monsterinsights_sitenote_category":0},"product_brand":[],"product_cat":[12274,15842],"product_tag":[],"class_list":{"0":"post-753611","1":"product","2":"type-product","3":"status-publish","5":"product_cat-cocuk-ve-genclik-kitaplari","6":"product_cat-egitici-kitaplar","7":"pa_cilt-ciltsiz","8":"pa_tur-kitap","9":"pa_yayinevi-0-6-yas-yayinlari","10":"pa_yazar-kolektif","12":"first","13":"instock","14":"sale","15":"shipping-taxable","16":"purchasable","17":"product-type-simple"},"_links":{"self":[{"href":"https:\/\/roveyayinevi.com.tr\/index.php\/wp-json\/wp\/v2\/product\/753611","targetHints":{"allow":["GET"]}}],"collection":[{"href":"https:\/\/roveyayinevi.com.tr\/index.php\/wp-json\/wp\/v2\/product"}],"about":[{"href":"https:\/\/roveyayinevi.com.tr\/index.php\/wp-json\/wp\/v2\/types\/product"}],"wp:attachment":[{"href":"https:\/\/roveyayinevi.com.tr\/index.php\/wp-json\/wp\/v2\/media?parent=753611"}],"wp:term":[{"taxonomy":"product_brand","embeddable":true,"href":"https:\/\/roveyayinevi.com.tr\/index.php\/wp-json\/wp\/v2\/product_brand?post=753611"},{"taxonomy":"product_cat","embeddable":true,"href":"https:\/\/roveyayinevi.com.tr\/index.php\/wp-json\/wp\/v2\/product_cat?post=753611"},{"taxonomy":"product_tag","embeddable":true,"href":"https:\/\/roveyayinevi.com.tr\/index.php\/wp-json\/wp\/v2\/product_tag?post=753611"}],"curies":[{"name":"wp","href":"https:\/\/api.w.org\/{rel}","templated":true}]}}