{"id":753609,"date":"2025-08-28T05:47:46","date_gmt":"2025-08-28T02:47:46","guid":{"rendered":"https:\/\/roveyayinevi.com.tr\/index.php\/urun\/resimli-ingilizce-turkce-turkce-ingilizce-sozluk-ve-ingilizce-dilbilgisi\/"},"modified":"2026-04-16T03:07:14","modified_gmt":"2026-04-16T00:07:14","slug":"resimli-ingilizce-turkce-turkce-ingilizce-sozluk-ve-ingilizce-dilbilgisi","status":"publish","type":"product","link":"https:\/\/roveyayinevi.com.tr\/index.php\/urun\/resimli-ingilizce-turkce-turkce-ingilizce-sozluk-ve-ingilizce-dilbilgisi\/","title":{"rendered":"Resimli \u0130ngilizce-T\u00fcrk\u00e7e \/ T\u00fcrk\u00e7e-\u0130ngilizce S\u00f6zl\u00fck ve \u0130ngilizce Dilbilgisi"},"content":{"rendered":"<p>RES\u0130ML\u0130 \u0130NG\u0130L\u0130ZCE-T\u00dcRK\u00c7E \/ T\u00dcRK\u00c7E-\u0130NG\u0130L\u0130ZCE S\u00d6ZL\u00dcK VE \u0130NG\u0130L\u0130ZCE D\u0130LB\u0130LG\u0130S\u0130<\/p>\n","protected":false},"excerpt":{"rendered":"<p>RES\u0130ML\u0130 \u0130NG\u0130L\u0130ZCE-T\u00dcRK\u00c7E \/ T\u00dcRK\u00c7E-\u0130NG\u0130L\u0130ZCE S\u00d6ZL\u00dcK VE \u0130NG\u0130L\u0130ZCE D\u0130LB\u0130LG\u0130S\u0130<\/p>\n","protected":false},"featured_media":0,"template":"","meta":{"_monsterinsights_skip_tracking":false,"_monsterinsights_sitenote_active":false,"_monsterinsights_sitenote_note":"","_monsterinsights_sitenote_category":0},"product_brand":[],"product_cat":[14597,12566],"product_tag":[],"class_list":{"0":"post-753609","1":"product","2":"type-product","3":"status-publish","5":"product_cat-dil-ogrenimi","6":"product_cat-egitim","7":"pa_cilt-ciltsiz","8":"pa_tur-kitap","9":"pa_yayinevi-parilti-yayinlari","10":"pa_yazar-ekrem-aytar","12":"first","13":"instock","14":"sale","15":"shipping-taxable","16":"purchasable","17":"product-type-simple"},"_links":{"self":[{"href":"https:\/\/roveyayinevi.com.tr\/index.php\/wp-json\/wp\/v2\/product\/753609","targetHints":{"allow":["GET"]}}],"collection":[{"href":"https:\/\/roveyayinevi.com.tr\/index.php\/wp-json\/wp\/v2\/product"}],"about":[{"href":"https:\/\/roveyayinevi.com.tr\/index.php\/wp-json\/wp\/v2\/types\/product"}],"wp:attachment":[{"href":"https:\/\/roveyayinevi.com.tr\/index.php\/wp-json\/wp\/v2\/media?parent=753609"}],"wp:term":[{"taxonomy":"product_brand","embeddable":true,"href":"https:\/\/roveyayinevi.com.tr\/index.php\/wp-json\/wp\/v2\/product_brand?post=753609"},{"taxonomy":"product_cat","embeddable":true,"href":"https:\/\/roveyayinevi.com.tr\/index.php\/wp-json\/wp\/v2\/product_cat?post=753609"},{"taxonomy":"product_tag","embeddable":true,"href":"https:\/\/roveyayinevi.com.tr\/index.php\/wp-json\/wp\/v2\/product_tag?post=753609"}],"curies":[{"name":"wp","href":"https:\/\/api.w.org\/{rel}","templated":true}]}}