{"id":753608,"date":"2025-08-28T05:47:44","date_gmt":"2025-08-28T02:47:44","guid":{"rendered":"https:\/\/roveyayinevi.com.tr\/index.php\/urun\/sahne-istanbul\/"},"modified":"2026-04-16T03:07:14","modified_gmt":"2026-04-16T00:07:14","slug":"sahne-istanbul","status":"publish","type":"product","link":"https:\/\/roveyayinevi.com.tr\/index.php\/urun\/sahne-istanbul\/","title":{"rendered":"Sahne \u0130stanbul"},"content":{"rendered":"<p>\u201c\u0130stanbul\u2019da tiyatro\u201d demek, T\u00fcrk tiyatrosu demektir. Tiyatroseverler i\u00e7in doyumsuz sohbetlerin yer ald\u0131\u011f\u0131 Sahne \u0130stanbul, Usta Akt\u00f6rlerden T\u00fcrk Tiyatrosu isimli eser, temelleri \u0130stanbul\u2019da at\u0131lan bu sanat dal\u0131n\u0131n geli\u015fimini, arka planda de\u011fi\u015fen \u015fehir hayat\u0131na dair an\u0131lar e\u015fli\u011finde g\u00f6zler \u00f6n\u00fcne seriyor. Tiyatromuzun geli\u015fimini tarihsel bir perspektifle anlatan, gelece\u011fe y\u00f6nelik bir vizyonla tamamlayan ve \u00f6zg\u00fcn bir \u00fcslup \u00fczerine odaklanan nehir s\u00f6yle\u015fi tarz\u0131ndaki eser, bu alandaki ara\u015ft\u0131rmac\u0131lar ve merakl\u0131lar\u0131 i\u00e7in e\u015fsiz bir kaynak niteli\u011fi ta\u015f\u0131yor. Direkleraras\u0131\u2019nda Geleneksel \u00c7izgi, Beyo\u011flu\u2019nda Amerikan Ekol\u00fc, Devlet Konservatuvar\u0131&#8217;nda Rus Ak\u0131m\u0131, \u015eehir Tiyatrosu&#8217;nda Bat\u0131 Etkisi ve \u00d6zg\u00fcn Bir Dil Aray\u0131\u015f\u0131 ba\u015fl\u0131klar\u0131 \u00fczerine dev akt\u00f6rlerin getirdi\u011fi \u00f6nermeler, T\u00fcrk tiyatrosunun geli\u015fimine \u0131\u015f\u0131k tutarken, tiyatro izleyicisinin \u0130stanbul sahnelerindeki \u00fcslup farkl\u0131l\u0131klar\u0131na dair sorular\u0131na yan\u0131t ar\u0131yor. Karag\u00f6z Ustas\u0131 Tacettin Diker\u2019le ba\u015flayan r\u00f6portajlar; Zihni G\u00f6ktay, Rauf  Alt\u0131ntak, Haz\u0131m K\u00f6rm\u00fck\u00e7\u00fc, Na\u015fit \u00d6zcan, Osman Cavc\u0131, Haldun Dormen, Ayla Algan, Metin Serezli, G\u00fclriz Sururi, Ali Poyrazo\u011flu, Y\u0131ld\u0131z Kenter, M\u00fc\u015ffik Kenter, Genco Erkal, Arsen G\u00fcrzap, Ahmet U\u011furlu, Nedret G\u00fcven\u00e7, Erol G\u00fcnayd\u0131n, Rutkay Aziz, Zeliha Berksoy, Gencay G\u00fcr\u00fcn, M\u00fcjdat Gezen, Cem Y\u0131lmaz, Mustafa Alabora, Metin Akp\u0131nar ve Ferhan \u015eensoy ile devam ediyor. Efsane oyuncular\u0131n deneyimlerini payla\u015ft\u0131\u011f\u0131 bu kitap ayn\u0131 zamanda insan\u0131 anlamay\u0131, birlikte ya\u015famay\u0131, ho\u015f g\u00f6rmeyi ve affetmeyi \u00f6\u011freten, sa\u011fduyu, yarat\u0131c\u0131l\u0131k ve disiplin kazand\u0131ran bu sanat dal\u0131n\u0131n de\u011ferini hat\u0131rlat\u0131yor. TRT \u0130stanbul Radyosu Efekt\u00f6r\u00fc Erhan Mesuto\u011flu\u2019na ithaf edilen eser, okuru \u0130stanbul\u2019da bir zaman yolculu\u011funa \u00e7\u0131kar\u0131rken \u00f6zlenen n\u00fcktedan sohbetleriyle y\u0131ld\u0131zlar\u0131 da selaml\u0131yor. <\/p>\n","protected":false},"excerpt":{"rendered":"<p>\u201c\u0130stanbul\u2019da tiyatro\u201d demek, T\u00fcrk tiyatrosu demektir. Tiyatroseverler i\u00e7in doyumsuz sohbetlerin yer ald\u0131\u011f\u0131 Sahne \u0130stanbul, Usta Akt\u00f6rlerden T\u00fcrk Tiyatrosu isimli eser, temelleri \u0130stanbul\u2019da at\u0131lan bu sanat dal\u0131n\u0131n<span class=\"excerpt-hellip\"> [\u2026]<\/span><\/p>\n","protected":false},"featured_media":0,"template":"","meta":{"_monsterinsights_skip_tracking":false,"_monsterinsights_sitenote_active":false,"_monsterinsights_sitenote_note":"","_monsterinsights_sitenote_category":0},"product_brand":[],"product_cat":[12291,30969],"product_tag":[],"class_list":{"0":"post-753608","1":"product","2":"type-product","3":"status-publish","5":"product_cat-edebiyat","6":"product_cat-soylesi-edebiyat","7":"pa_cilt-ciltsiz","8":"pa_tur-kitap","9":"pa_yayinevi-pozitif-yayinlari","10":"pa_yazar-nese-mesutoglu","12":"first","13":"instock","14":"sale","15":"shipping-taxable","16":"purchasable","17":"product-type-simple"},"_links":{"self":[{"href":"https:\/\/roveyayinevi.com.tr\/index.php\/wp-json\/wp\/v2\/product\/753608","targetHints":{"allow":["GET"]}}],"collection":[{"href":"https:\/\/roveyayinevi.com.tr\/index.php\/wp-json\/wp\/v2\/product"}],"about":[{"href":"https:\/\/roveyayinevi.com.tr\/index.php\/wp-json\/wp\/v2\/types\/product"}],"wp:attachment":[{"href":"https:\/\/roveyayinevi.com.tr\/index.php\/wp-json\/wp\/v2\/media?parent=753608"}],"wp:term":[{"taxonomy":"product_brand","embeddable":true,"href":"https:\/\/roveyayinevi.com.tr\/index.php\/wp-json\/wp\/v2\/product_brand?post=753608"},{"taxonomy":"product_cat","embeddable":true,"href":"https:\/\/roveyayinevi.com.tr\/index.php\/wp-json\/wp\/v2\/product_cat?post=753608"},{"taxonomy":"product_tag","embeddable":true,"href":"https:\/\/roveyayinevi.com.tr\/index.php\/wp-json\/wp\/v2\/product_tag?post=753608"}],"curies":[{"name":"wp","href":"https:\/\/api.w.org\/{rel}","templated":true}]}}