{"id":753605,"date":"2025-08-28T05:47:40","date_gmt":"2025-08-28T02:47:40","guid":{"rendered":"https:\/\/roveyayinevi.com.tr\/index.php\/urun\/cumhuriyet-ve-kadin-haklari\/"},"modified":"2026-04-16T03:07:14","modified_gmt":"2026-04-16T00:07:14","slug":"cumhuriyet-ve-kadin-haklari","status":"publish","type":"product","link":"https:\/\/roveyayinevi.com.tr\/index.php\/urun\/cumhuriyet-ve-kadin-haklari\/","title":{"rendered":"Cumhuriyet ve Kad\u0131n Haklar\u0131"},"content":{"rendered":"<p>T\u00fcrkiye Cumhuriyeti\u2019nin kurucu kadrolar\u0131, y\u00fczy\u0131llarca saltanatla y\u00f6netilmi\u015f ataerkil bir toplumu laiklik ve ulusal ba\u011f\u0131ms\u0131zl\u0131k temelinde yeniden in\u015fa etmek \u00fczere devrim niteli\u011finde bir toplumsal bir d\u00f6n\u00fc\u015f\u00fcme \u00f6nc\u00fcl\u00fck ettiler. Laiklik ilkesi gere\u011fi kad\u0131nlar\u0131n e\u015fit yurtta\u015fl\u0131k haklar\u0131 ile donat\u0131lmas\u0131, bu d\u00f6n\u00fc\u015f\u00fcm\u00fcn temel bile\u015fenleri aras\u0131nda yer ald\u0131. Ancak laiklikle birlikte kad\u0131n haklar\u0131, giderek g\u00fc\u00e7lenen gerici kar\u015f\u0131devrim hareketinin boy hedefi oldu; Cumhuriyetin di\u011fer kazan\u0131mlar\u0131yla birlikte b\u00fcy\u00fck \u00f6l\u00e7\u00fcde tahrip edildi. Elinizdeki eserin ilk b\u00f6l\u00fcm\u00fcnde kad\u0131n haklar\u0131 konusunda Erken Cumhuriyet D\u00f6nemi\u2019nde ger\u00e7ekle\u015ftirilen b\u00fcy\u00fck at\u0131l\u0131mlar, alan\u0131n\u0131n uzman\u0131 yazarlarca inceleniyor; ikinci b\u00f6l\u00fcm\u00fcnde ise son y\u0131llarda \u00fclkemizde kad\u0131n haklar\u0131 alan\u0131nda ya\u015fanan gerilemeler de\u011ferlendiriliyor. Art arda konulan bu iki foto\u011fraf, tarihsel ak\u0131\u015fta toplumlar\u0131n hep ileriye do\u011fru gitmedi\u011fine, kimi d\u00f6nemlerde duraklamalar\u0131n ve gerilemelerin de ya\u015fand\u0131\u011f\u0131na i\u015faret ediyor. \u00d6te yandan kitap, ge\u00e7en y\u00fczy\u0131l\u0131n ba\u015f\u0131nda \u00e7ok zor ko\u015fullarda, olanaks\u0131z g\u00f6r\u00fcnen nice i\u015flerin ba\u015far\u0131labildi\u011fini okura hat\u0131rlatarak gelece\u011fe umut veriyor. Cumhuriyet ve Kad\u0131n Haklar\u0131, \u00c7YDD ile Cumhuriyet Kitaplar\u0131\u2019n\u0131n elbirli\u011fi ile haz\u0131rlanan ve ortak emek \u00fcr\u00fcn\u00fc olan be\u015f kitaptan olu\u015fan Cumhuriyet Seti\u2019nin son kitab\u0131d\u0131r. Bu k\u0131ymetli eserler Cumhuriyetimizin temel kazan\u0131mlar\u0131 olan laiklik, \u00e7a\u011fda\u015f e\u011fitim, ba\u011f\u0131ms\u0131zl\u0131k, demokrasi ve kad\u0131n haklar\u0131 konular\u0131nda \u00c7YDD\u2019nin g\u00f6r\u00fc\u015flerini yans\u0131t\u0131yor. Cumhuriyet Set\u2019i, T\u00fcrkiye Cumhuriyeti\u2019nin 100. kurulu\u015f y\u0131ld\u00f6n\u00fcm\u00fcnde \u00c7YDD\u2019nin, \u00d6\u011fretmen Kubilay\u2019dan Bahriye \u00dc\u00e7ok\u2019a, Ahmet Taner K\u0131\u015flal\u0131\u2019ya, Sevin\u00e7 \u00d6zg\u00fcner\u2019e kadar t\u00fcm laiklik ve demokrasi \u015fehitlerimize arma\u011fan\u0131d\u0131r. <\/p>\n","protected":false},"excerpt":{"rendered":"<p>T\u00fcrkiye Cumhuriyeti\u2019nin kurucu kadrolar\u0131, y\u00fczy\u0131llarca saltanatla y\u00f6netilmi\u015f ataerkil bir toplumu laiklik ve ulusal ba\u011f\u0131ms\u0131zl\u0131k temelinde yeniden in\u015fa etmek \u00fczere devrim niteli\u011finde bir toplumsal bir d\u00f6n\u00fc\u015f\u00fcme \u00f6nc\u00fcl\u00fck<span class=\"excerpt-hellip\"> [\u2026]<\/span><\/p>\n","protected":false},"featured_media":0,"template":"","meta":{"_monsterinsights_skip_tracking":false,"_monsterinsights_sitenote_active":false,"_monsterinsights_sitenote_note":"","_monsterinsights_sitenote_category":0},"product_brand":[],"product_cat":[52477],"product_tag":[],"class_list":{"0":"post-753605","1":"product","2":"type-product","3":"status-publish","5":"product_cat-arastirma","6":"pa_cilt-ciltsiz","7":"pa_tur-kitap","8":"pa_yayinevi-cumhuriyet-kitaplari","9":"pa_yazar-nergis-mutevellitoglu","11":"first","12":"instock","13":"sale","14":"shipping-taxable","15":"purchasable","16":"product-type-simple"},"_links":{"self":[{"href":"https:\/\/roveyayinevi.com.tr\/index.php\/wp-json\/wp\/v2\/product\/753605","targetHints":{"allow":["GET"]}}],"collection":[{"href":"https:\/\/roveyayinevi.com.tr\/index.php\/wp-json\/wp\/v2\/product"}],"about":[{"href":"https:\/\/roveyayinevi.com.tr\/index.php\/wp-json\/wp\/v2\/types\/product"}],"wp:attachment":[{"href":"https:\/\/roveyayinevi.com.tr\/index.php\/wp-json\/wp\/v2\/media?parent=753605"}],"wp:term":[{"taxonomy":"product_brand","embeddable":true,"href":"https:\/\/roveyayinevi.com.tr\/index.php\/wp-json\/wp\/v2\/product_brand?post=753605"},{"taxonomy":"product_cat","embeddable":true,"href":"https:\/\/roveyayinevi.com.tr\/index.php\/wp-json\/wp\/v2\/product_cat?post=753605"},{"taxonomy":"product_tag","embeddable":true,"href":"https:\/\/roveyayinevi.com.tr\/index.php\/wp-json\/wp\/v2\/product_tag?post=753605"}],"curies":[{"name":"wp","href":"https:\/\/api.w.org\/{rel}","templated":true}]}}