{"id":753604,"date":"2025-08-28T05:47:38","date_gmt":"2025-08-28T02:47:38","guid":{"rendered":"https:\/\/roveyayinevi.com.tr\/index.php\/urun\/durdurulamayan-insanlik-2\/"},"modified":"2026-04-16T03:07:14","modified_gmt":"2026-04-16T00:07:14","slug":"durdurulamayan-insanlik-2","status":"publish","type":"product","link":"https:\/\/roveyayinevi.com.tr\/index.php\/urun\/durdurulamayan-insanlik-2\/","title":{"rendered":"Durdurulamayan \u0130nsanl\u0131k 2"},"content":{"rendered":"<p>HER \u015eEY NEDEN BU KADAR ADALETS\u0130Z?   Tarih kitaplar\u0131 krallar, krali\u00e7eler ve komutanlar\u0131n hik\u00e2yeleriyle dolu. Peki t\u00fcm bu insanlar nereden \u00e7\u0131kt\u0131? Baz\u0131 insanlar saraylarda ya\u015fay\u0131p herkese emirler ya\u011fd\u0131r\u0131rken baz\u0131lar\u0131n\u0131n ni\u00e7in o saraylar\u0131 temizlemek ve emirlere itaat etmek zorunda oldu\u011funu merak ettiniz mi hi\u00e7?   Sapiens kitab\u0131yla t\u00fcm d\u00fcnyada sat\u0131\u015f rekorlar\u0131 k\u0131ran tarih\u00e7i yazar Yuval Noah Harari gen\u00e7 okurlara y\u00f6nelik serisinin ikinci kitab\u0131nda on bin y\u0131l \u00f6nce ger\u00e7ekle\u015fen devrimin bug\u00fcn bile hayat\u0131m\u0131z\u0131 nas\u0131l etkiledi\u011fini anlat\u0131yor. Her \u015feyin hangi noktada yanl\u0131\u015f gitmeye ba\u015flad\u0131\u011f\u0131n\u0131 ama hatalar\u0131m\u0131z\u0131 d\u00fczeltmek i\u00e7in h\u00e2l\u00e2 \u015fans\u0131m\u0131z oldu\u011funu g\u00f6steriyor.   Bu\u011fday yeti\u015ftirmeye dair masum bir \u00e7aban\u0131n k\u0131tl\u0131klara, a\u00e7l\u0131\u011fa ve sava\u015flara nas\u0131l yol a\u00e7t\u0131\u011f\u0131n\u0131 ke\u015ffediyoruz. Eski \u00e7a\u011flar\u0131n d\u00e2hilerinin yaz\u0131y\u0131 nas\u0131l buldu\u011funu ve neden vergi \u00f6demek zorunda oldu\u011fumuzu \u00f6\u011freniyoruz. \u0130ki geveze iskeletle, alt\u0131n k\u00fcpeli timsahla ve milyonlarca mutsuz tavukla tan\u0131\u015f\u0131yoruz. Ayr\u0131ca insanlar\u0131n bitki ve hayvanlar\u0131 kontrol etmeyi \u00f6\u011frenmesinin, bizi nas\u0131l birbirimizi kontrol etmeye y\u00f6neltti\u011fini anl\u0131yoruz.   Durdurulamayan \u0130nsanl\u0131k: D\u00fcnya Neden Adil De\u011fil b\u00fcy\u00fck bir \u015feffafl\u0131k ve mizahla harmanlanan ger\u00e7ek bir hik\u00e2ye. D\u00fcnyam\u0131z\u0131n nas\u0131l \u015fekillendi\u011fini, neden baz\u0131 insanlar\u0131n her \u015feyi varken di\u011ferlerinin hi\u00e7bir \u015feyi olmad\u0131\u011f\u0131n\u0131 merak edenler i\u00e7in destans\u0131 bir macera. <\/p>\n","protected":false},"excerpt":{"rendered":"<p>HER \u015eEY NEDEN BU KADAR ADALETS\u0130Z? Tarih kitaplar\u0131 krallar, krali\u00e7eler ve komutanlar\u0131n hik\u00e2yeleriyle dolu. Peki t\u00fcm bu insanlar nereden \u00e7\u0131kt\u0131? Baz\u0131 insanlar saraylarda ya\u015fay\u0131p herkese emirler<span class=\"excerpt-hellip\"> [\u2026]<\/span><\/p>\n","protected":false},"featured_media":0,"template":"","meta":{"_monsterinsights_skip_tracking":false,"_monsterinsights_sitenote_active":false,"_monsterinsights_sitenote_note":"","_monsterinsights_sitenote_category":0},"product_brand":[],"product_cat":[12304],"product_tag":[],"class_list":{"0":"post-753604","1":"product","2":"type-product","3":"status-publish","5":"product_cat-tarih","6":"pa_cilt-ciltsiz","7":"pa_tur-kitap","8":"pa_yayinevi-kolektif-ozel-prestij","9":"pa_yazar-yuval-noah-harari","11":"first","12":"instock","13":"sale","14":"shipping-taxable","15":"purchasable","16":"product-type-simple"},"_links":{"self":[{"href":"https:\/\/roveyayinevi.com.tr\/index.php\/wp-json\/wp\/v2\/product\/753604","targetHints":{"allow":["GET"]}}],"collection":[{"href":"https:\/\/roveyayinevi.com.tr\/index.php\/wp-json\/wp\/v2\/product"}],"about":[{"href":"https:\/\/roveyayinevi.com.tr\/index.php\/wp-json\/wp\/v2\/types\/product"}],"wp:attachment":[{"href":"https:\/\/roveyayinevi.com.tr\/index.php\/wp-json\/wp\/v2\/media?parent=753604"}],"wp:term":[{"taxonomy":"product_brand","embeddable":true,"href":"https:\/\/roveyayinevi.com.tr\/index.php\/wp-json\/wp\/v2\/product_brand?post=753604"},{"taxonomy":"product_cat","embeddable":true,"href":"https:\/\/roveyayinevi.com.tr\/index.php\/wp-json\/wp\/v2\/product_cat?post=753604"},{"taxonomy":"product_tag","embeddable":true,"href":"https:\/\/roveyayinevi.com.tr\/index.php\/wp-json\/wp\/v2\/product_tag?post=753604"}],"curies":[{"name":"wp","href":"https:\/\/api.w.org\/{rel}","templated":true}]}}