{"id":753600,"date":"2025-08-28T05:47:31","date_gmt":"2025-08-28T02:47:31","guid":{"rendered":"https:\/\/roveyayinevi.com.tr\/index.php\/urun\/bufalo-hep-sarilmak-istiyor\/"},"modified":"2026-04-08T03:14:19","modified_gmt":"2026-04-08T00:14:19","slug":"bufalo-hep-sarilmak-istiyor","status":"publish","type":"product","link":"https:\/\/roveyayinevi.com.tr\/index.php\/urun\/bufalo-hep-sarilmak-istiyor\/","title":{"rendered":"Bufalo Hep Sar\u0131lmak \u0130stiyor!"},"content":{"rendered":"<p>K\u00fc\u00e7\u00fck bufalo hep annesine sar\u0131lmak istiyordu. Uyku vakti geldi\u011finde, can\u0131 s\u0131k\u0131ld\u0131\u011f\u0131nda, okula gitmeden \u00f6nce hep sar\u0131lmak istiyordu. Biraz daha, az\u0131c\u0131k daha\u2026  Bufalo annesinden ayr\u0131 kald\u0131\u011f\u0131nda \u00e7ok \u00fcz\u00fcl\u00fcyordu. Sanki annesi bir daha hi\u00e7 geri gelmeyecek san\u0131yordu.Bir g\u00fcn annesi a\u011fa\u00e7lar aras\u0131nda y\u00fcr\u00fcrken bir ta\u015f g\u00f6rd\u00fc.Bu \u00e7ok g\u00fczel ve de\u011ferli k\u00fc\u00e7\u00fck ta\u015f anne bufalonun akl\u0131na bir fikir getirmi\u015fti!  Thais Laham Morello\u2019nun yazd\u0131\u011f\u0131 bu s\u0131cac\u0131k hik\u00e2yeyi Juliana Basile resimledi. <\/p>\n","protected":false},"excerpt":{"rendered":"<p>K\u00fc\u00e7\u00fck bufalo hep annesine sar\u0131lmak istiyordu. Uyku vakti geldi\u011finde, can\u0131 s\u0131k\u0131ld\u0131\u011f\u0131nda, okula gitmeden \u00f6nce hep sar\u0131lmak istiyordu. Biraz daha, az\u0131c\u0131k daha\u2026 Bufalo annesinden ayr\u0131 kald\u0131\u011f\u0131nda \u00e7ok<span class=\"excerpt-hellip\"> [\u2026]<\/span><\/p>\n","protected":false},"featured_media":0,"template":"","meta":{"_monsterinsights_skip_tracking":false,"_monsterinsights_sitenote_active":false,"_monsterinsights_sitenote_note":"","_monsterinsights_sitenote_category":0},"product_brand":[],"product_cat":[12274,12284],"product_tag":[],"class_list":{"0":"post-753600","1":"product","2":"type-product","3":"status-publish","5":"product_cat-cocuk-ve-genclik-kitaplari","6":"product_cat-hikayeler","7":"pa_cilt-ciltsiz","8":"pa_tur-kitap","9":"pa_yayinevi-yapi-kredi-yayinlari","10":"pa_yazar-thais-laham-morello","12":"first","13":"instock","14":"sale","15":"shipping-taxable","16":"purchasable","17":"product-type-simple"},"_links":{"self":[{"href":"https:\/\/roveyayinevi.com.tr\/index.php\/wp-json\/wp\/v2\/product\/753600","targetHints":{"allow":["GET"]}}],"collection":[{"href":"https:\/\/roveyayinevi.com.tr\/index.php\/wp-json\/wp\/v2\/product"}],"about":[{"href":"https:\/\/roveyayinevi.com.tr\/index.php\/wp-json\/wp\/v2\/types\/product"}],"wp:attachment":[{"href":"https:\/\/roveyayinevi.com.tr\/index.php\/wp-json\/wp\/v2\/media?parent=753600"}],"wp:term":[{"taxonomy":"product_brand","embeddable":true,"href":"https:\/\/roveyayinevi.com.tr\/index.php\/wp-json\/wp\/v2\/product_brand?post=753600"},{"taxonomy":"product_cat","embeddable":true,"href":"https:\/\/roveyayinevi.com.tr\/index.php\/wp-json\/wp\/v2\/product_cat?post=753600"},{"taxonomy":"product_tag","embeddable":true,"href":"https:\/\/roveyayinevi.com.tr\/index.php\/wp-json\/wp\/v2\/product_tag?post=753600"}],"curies":[{"name":"wp","href":"https:\/\/api.w.org\/{rel}","templated":true}]}}