{"id":753597,"date":"2025-08-28T05:47:25","date_gmt":"2025-08-28T02:47:25","guid":{"rendered":"https:\/\/roveyayinevi.com.tr\/index.php\/urun\/tasavvufi-praksis-yolundaki-ilmi-mantik-bilmi-ahlak\/"},"modified":"2026-04-16T03:07:14","modified_gmt":"2026-04-16T00:07:14","slug":"tasavvufi-praksis-yolundaki-ilmi-mantik-bilmi-ahlak","status":"publish","type":"product","link":"https:\/\/roveyayinevi.com.tr\/index.php\/urun\/tasavvufi-praksis-yolundaki-ilmi-mantik-bilmi-ahlak\/","title":{"rendered":"Tasavvufi Praksis Yolundaki \u0130lmi Mant\u0131k Bilmi Ahlak"},"content":{"rendered":"<p>Yeni bir d\u00fcnyan\u0131n yol ayr\u0131m\u0131nday\u0131z.Ya,ulus \u00f6tesi ultra tr\u00f6stler ve mali oligar\u015finin d\u00fczenek restorasyonun k\u00f6leleri ya da bilgile\u011fin me\u015fru ve do\u011fal demokratik devrimiyle ya\u015fanabilir d\u00fcnyan\u0131n h\u00fcr insanlar\u0131 olaca\u011f\u0131z. Bu de\u011fi\u015fim d\u00f6n\u00fc\u015f\u00fcm\u00fcn\u00fcn ya\u015fam bulmas\u0131 i\u00e7in olu\u015fa\u00e7ak kolektif irade :sulh yap\u0131c\u0131l\u0131\u011f\u0131,hakkaniyet,raz\u0131l\u0131kla helal\u015fme temelinde uyla\u015f\u0131m aray\u0131\u015f\u0131na ba\u011fl\u0131 olml\u0131d\u0131r. Mevcut \u015fartlar\u0131n zorunlu gere\u011fi olarak kendi iradesini \u00fcretebilecek bu birikim potensia kadim k\u00fclt\u00fcrel yap\u0131m\u0131zda m\u00fcndemi\u00e7tir.Allah c\u00fcmlemize yol a\u00e7\u0131kl\u0131\u011f\u0131 versin\u2026<\/p>\n","protected":false},"excerpt":{"rendered":"<p>Yeni bir d\u00fcnyan\u0131n yol ayr\u0131m\u0131nday\u0131z.Ya,ulus \u00f6tesi ultra tr\u00f6stler ve mali oligar\u015finin d\u00fczenek restorasyonun k\u00f6leleri ya da bilgile\u011fin me\u015fru ve do\u011fal demokratik devrimiyle ya\u015fanabilir d\u00fcnyan\u0131n h\u00fcr insanlar\u0131<span class=\"excerpt-hellip\"> [\u2026]<\/span><\/p>\n","protected":false},"featured_media":0,"template":"","meta":{"_monsterinsights_skip_tracking":false,"_monsterinsights_sitenote_active":false,"_monsterinsights_sitenote_note":"","_monsterinsights_sitenote_category":0},"product_brand":[],"product_cat":[12291,12509],"product_tag":[],"class_list":{"0":"post-753597","1":"product","2":"type-product","3":"status-publish","5":"product_cat-edebiyat","6":"product_cat-siir","7":"pa_cilt-ciltsiz","8":"pa_tur-kitap","9":"pa_yayinevi-bilgin-kultur-sanat","10":"pa_yazar-orhan-karakus","12":"first","13":"instock","14":"sale","15":"shipping-taxable","16":"purchasable","17":"product-type-simple"},"_links":{"self":[{"href":"https:\/\/roveyayinevi.com.tr\/index.php\/wp-json\/wp\/v2\/product\/753597","targetHints":{"allow":["GET"]}}],"collection":[{"href":"https:\/\/roveyayinevi.com.tr\/index.php\/wp-json\/wp\/v2\/product"}],"about":[{"href":"https:\/\/roveyayinevi.com.tr\/index.php\/wp-json\/wp\/v2\/types\/product"}],"wp:attachment":[{"href":"https:\/\/roveyayinevi.com.tr\/index.php\/wp-json\/wp\/v2\/media?parent=753597"}],"wp:term":[{"taxonomy":"product_brand","embeddable":true,"href":"https:\/\/roveyayinevi.com.tr\/index.php\/wp-json\/wp\/v2\/product_brand?post=753597"},{"taxonomy":"product_cat","embeddable":true,"href":"https:\/\/roveyayinevi.com.tr\/index.php\/wp-json\/wp\/v2\/product_cat?post=753597"},{"taxonomy":"product_tag","embeddable":true,"href":"https:\/\/roveyayinevi.com.tr\/index.php\/wp-json\/wp\/v2\/product_tag?post=753597"}],"curies":[{"name":"wp","href":"https:\/\/api.w.org\/{rel}","templated":true}]}}