{"id":753595,"date":"2025-08-28T05:47:23","date_gmt":"2025-08-28T02:47:23","guid":{"rendered":"https:\/\/roveyayinevi.com.tr\/index.php\/urun\/fasizm-ve-propaganda\/"},"modified":"2026-04-16T03:07:14","modified_gmt":"2026-04-16T00:07:14","slug":"fasizm-ve-propaganda","status":"publish","type":"product","link":"https:\/\/roveyayinevi.com.tr\/index.php\/urun\/fasizm-ve-propaganda\/","title":{"rendered":"Fa\u015fizm ve Propaganda"},"content":{"rendered":"<p>Sosyal teori, felsefe, estetik ve m\u00fczik alan\u0131nda 20. y\u00fczy\u0131l\u0131n en etkili d\u00fc\u015f\u00fcn\u00fcrlerinden Theodor W. Adorno, Fa\u015fizm ve Propaganda&#8217;da bug\u00fcn radikal sa\u011f ad\u0131 verilen cenah\u0131n hem psikolojik dayanaklar\u0131n\u0131 hem de dini arg\u00fcmanlarla bezeli siyasal g\u00fcndemlerini yaymak i\u00e7in medyay\u0131 nas\u0131l kulland\u0131\u011f\u0131n\u0131 analiz ediyor.1930&#8217;larda ABD&#8217;de ya\u015fayan ve Paul Lazarsfeld ile birlikte radyonun toplumdaki a\u011f\u0131rl\u0131\u011f\u0131 \u00fczerinde \u00e7al\u0131\u015fan Adorno&#8217;nun, H\u0131ristiyan sa\u011f\u0131n radyoda bayraktarl\u0131\u011f\u0131n\u0131 \u00fcstlenirken fa\u015fist bir tutum sergileyen Amerikal\u0131 demagog Martin Luther Thomas&#8217;\u0131n radyo deme\u00e7lerinde hitap g\u00fcc\u00fcn\u00fc ve ele ald\u0131\u011f\u0131 konular\u0131 aktar\u0131rken kulland\u0131\u011f\u0131 \u00e7arp\u0131tma tekniklerini derinlemesine analiz etti\u011fi bu \u00e7al\u0131\u015fma; i\u00e7inden ge\u00e7ti\u011fimiz ko\u015fullarda Adorno k\u00fclliyat\u0131 i\u00e7inde en rahat anla\u015f\u0131labilecek kitaplardan biridir.Fa\u015fizm ve antisemitizm teorisi bar\u0131nd\u0131ran makaleler, pop\u00fcler k\u00fclt\u00fcr \u00fczerine yap\u0131lacak k\u00fclt\u00fcrel incelemeler i\u00e7in bir y\u00f6ntembilim sunarken, farkl\u0131 k\u0131talar aras\u0131ndaki siyasal ya\u015fam mukayesesine ili\u015fkin genel \u00e7\u0131kar\u0131mlarda bulunarak psikolojik ger\u00e7eklik ile sosyolojik ger\u00e7eklik aras\u0131ndaki ili\u015fkiye dair de \u00e7arp\u0131c\u0131 bir fikir ortaya koyuyor.Fa\u015fizm ve Propaganda, otoriter ama\u00e7larla psikolojik bask\u0131 yaratma olanaklar\u0131ndan yararlanan hitap teknikleri konusunda sundu\u011fu analiziyle, ideolojik propagandan\u0131n etkisinden hareketle g\u00fcn\u00fcm\u00fcz ger\u00e7ekli\u011fine \u0131\u015f\u0131k tutan bir \u00e7al\u0131\u015fma.<\/p>\n","protected":false},"excerpt":{"rendered":"<p>Sosyal teori, felsefe, estetik ve m\u00fczik alan\u0131nda 20. y\u00fczy\u0131l\u0131n en etkili d\u00fc\u015f\u00fcn\u00fcrlerinden Theodor W. Adorno, Fa\u015fizm ve Propaganda&#8217;da bug\u00fcn radikal sa\u011f ad\u0131 verilen cenah\u0131n hem psikolojik<span class=\"excerpt-hellip\"> [\u2026]<\/span><\/p>\n","protected":false},"featured_media":0,"template":"","meta":{"_monsterinsights_skip_tracking":false,"_monsterinsights_sitenote_active":false,"_monsterinsights_sitenote_note":"","_monsterinsights_sitenote_category":0},"product_brand":[],"product_cat":[12337],"product_tag":[],"class_list":{"0":"post-753595","1":"product","2":"type-product","3":"status-publish","5":"product_cat-politika-siyaset","6":"pa_cilt-ciltsiz","7":"pa_tur-kitap","8":"pa_yayinevi-sel-yayincilik","9":"pa_yazar-theodor-w-adorno","11":"first","12":"instock","13":"sale","14":"shipping-taxable","15":"purchasable","16":"product-type-simple"},"_links":{"self":[{"href":"https:\/\/roveyayinevi.com.tr\/index.php\/wp-json\/wp\/v2\/product\/753595","targetHints":{"allow":["GET"]}}],"collection":[{"href":"https:\/\/roveyayinevi.com.tr\/index.php\/wp-json\/wp\/v2\/product"}],"about":[{"href":"https:\/\/roveyayinevi.com.tr\/index.php\/wp-json\/wp\/v2\/types\/product"}],"wp:attachment":[{"href":"https:\/\/roveyayinevi.com.tr\/index.php\/wp-json\/wp\/v2\/media?parent=753595"}],"wp:term":[{"taxonomy":"product_brand","embeddable":true,"href":"https:\/\/roveyayinevi.com.tr\/index.php\/wp-json\/wp\/v2\/product_brand?post=753595"},{"taxonomy":"product_cat","embeddable":true,"href":"https:\/\/roveyayinevi.com.tr\/index.php\/wp-json\/wp\/v2\/product_cat?post=753595"},{"taxonomy":"product_tag","embeddable":true,"href":"https:\/\/roveyayinevi.com.tr\/index.php\/wp-json\/wp\/v2\/product_tag?post=753595"}],"curies":[{"name":"wp","href":"https:\/\/api.w.org\/{rel}","templated":true}]}}