{"id":753593,"date":"2025-08-28T05:47:19","date_gmt":"2025-08-28T02:47:19","guid":{"rendered":"https:\/\/roveyayinevi.com.tr\/index.php\/urun\/stoacinin-egitimi\/"},"modified":"2026-04-16T03:07:14","modified_gmt":"2026-04-16T00:07:14","slug":"stoacinin-egitimi","status":"publish","type":"product","link":"https:\/\/roveyayinevi.com.tr\/index.php\/urun\/stoacinin-egitimi\/","title":{"rendered":"Stoac\u0131n\u0131n E\u011fitimi"},"content":{"rendered":"<p>Fark\u0131ndal\u0131\u011f\u0131n, eylemsizli\u011fin ve m\u00fckemmeliyet\u00e7ili\u011fin getirileri nedeniyle ak\u0131p giden ya\u015fama uyum sa\u011flayamayan Teive Baronu&#8217;nun, Stoac\u0131l\u0131\u011f\u0131n kurucusu K\u0131br\u0131sl\u0131 Zenon gibi intihar ederek ya\u015fam\u0131n\u0131 sonland\u0131r\u0131\u015f\u0131na uzanan yolu d\u00f6\u015feyen ta\u015flar, kuvveden fiile ge\u00e7i\u015fte do\u011fan \u00e7eli\u015fkilerin yaratt\u0131\u011f\u0131 paradoksal \u00e7\u0131kmazlard\u0131r.Nev-i \u015fahs\u0131na m\u00fcnhas\u0131r edebi deha Fernando Pessoa&#8217;n\u0131n yaratt\u0131\u011f\u0131 y\u00fczlerce persona aras\u0131nda, kendi karakteriyle en \u00e7ok \u00f6zde\u015fle\u015fen Teive Baronu&#8217;nun kara kapl\u0131 defterine yazd\u0131klar\u0131ndan derlenen Stoac\u0131n\u0131n E\u011fitimi, Portekizce asl\u0131ndan \u00e7evirisiyle ilk kez T\u00fcrk\u00e7ede&#8230;&#8221;\u0130\u00e7imde farkl\u0131 ki\u015filikler yaratt\u0131m. S\u00fcrekli ki\u015filik yarat\u0131yorum. Her bir d\u00fc\u015f\u00fcm, onu d\u00fc\u015fledi\u011fim anda ba\u015fka bir ki\u015fide ete kemi\u011fe b\u00fcr\u00fcn\u00fcyor, ben de\u011fil, o ki\u015filik d\u00fc\u015flemeye ba\u015fl\u0131yor. Yaratmak i\u00e7in kendimi yok ettim; o kadar \u00e7ok kendi d\u0131\u015f\u0131ma \u00e7\u0131kt\u0131m ki yaln\u0131zca d\u0131\u015far\u0131dan kendimde var olabiliyorum. Farkl\u0131 roller oynayan akt\u00f6rlerin ge\u00e7ti\u011fi \u00e7\u0131plak bir sahneyim ben.&#8221;<\/p>\n","protected":false},"excerpt":{"rendered":"<p>Fark\u0131ndal\u0131\u011f\u0131n, eylemsizli\u011fin ve m\u00fckemmeliyet\u00e7ili\u011fin getirileri nedeniyle ak\u0131p giden ya\u015fama uyum sa\u011flayamayan Teive Baronu&#8217;nun, Stoac\u0131l\u0131\u011f\u0131n kurucusu K\u0131br\u0131sl\u0131 Zenon gibi intihar ederek ya\u015fam\u0131n\u0131 sonland\u0131r\u0131\u015f\u0131na uzanan yolu d\u00f6\u015feyen ta\u015flar,<span class=\"excerpt-hellip\"> [\u2026]<\/span><\/p>\n","protected":false},"featured_media":0,"template":"","meta":{"_monsterinsights_skip_tracking":false,"_monsterinsights_sitenote_active":false,"_monsterinsights_sitenote_note":"","_monsterinsights_sitenote_category":0},"product_brand":[],"product_cat":[12777,12291],"product_tag":[],"class_list":{"0":"post-753593","1":"product","2":"type-product","3":"status-publish","5":"product_cat-deneme","6":"product_cat-edebiyat","7":"pa_cilt-ciltsiz","8":"pa_tur-kitap","9":"pa_yayinevi-sel-yayincilik","10":"pa_yazar-fernando-pessoa","12":"first","13":"instock","14":"sale","15":"shipping-taxable","16":"purchasable","17":"product-type-simple"},"_links":{"self":[{"href":"https:\/\/roveyayinevi.com.tr\/index.php\/wp-json\/wp\/v2\/product\/753593","targetHints":{"allow":["GET"]}}],"collection":[{"href":"https:\/\/roveyayinevi.com.tr\/index.php\/wp-json\/wp\/v2\/product"}],"about":[{"href":"https:\/\/roveyayinevi.com.tr\/index.php\/wp-json\/wp\/v2\/types\/product"}],"wp:attachment":[{"href":"https:\/\/roveyayinevi.com.tr\/index.php\/wp-json\/wp\/v2\/media?parent=753593"}],"wp:term":[{"taxonomy":"product_brand","embeddable":true,"href":"https:\/\/roveyayinevi.com.tr\/index.php\/wp-json\/wp\/v2\/product_brand?post=753593"},{"taxonomy":"product_cat","embeddable":true,"href":"https:\/\/roveyayinevi.com.tr\/index.php\/wp-json\/wp\/v2\/product_cat?post=753593"},{"taxonomy":"product_tag","embeddable":true,"href":"https:\/\/roveyayinevi.com.tr\/index.php\/wp-json\/wp\/v2\/product_tag?post=753593"}],"curies":[{"name":"wp","href":"https:\/\/api.w.org\/{rel}","templated":true}]}}