{"id":753591,"date":"2025-08-28T05:47:14","date_gmt":"2025-08-28T02:47:14","guid":{"rendered":"https:\/\/roveyayinevi.com.tr\/index.php\/urun\/enigma-varyasyonlari\/"},"modified":"2026-04-16T03:07:14","modified_gmt":"2026-04-16T00:07:14","slug":"enigma-varyasyonlari","status":"publish","type":"product","link":"https:\/\/roveyayinevi.com.tr\/index.php\/urun\/enigma-varyasyonlari\/","title":{"rendered":"Enigma Varyasyonlar\u0131"},"content":{"rendered":"<p>Bir adam \u0130talyan yaz\u0131n\u0131n soluk kesen s\u0131ca\u011f\u0131nda, terebentin ve tala\u015f kokular\u0131 aras\u0131nda ilk kez i\u00e7ine d\u00fc\u015ft\u00fc\u011f\u00fc a\u015fk\u0131n ve h\u00fcsran\u0131n buruk, metalik tad\u0131n\u0131 an\u0131msay\u0131verir. New York caddelerinin karma\u015fas\u0131nda, bir tenis kortunda, \u00fcniversite kamp\u00fcs\u00fcnde, ba\u015fka yataklarda, bamba\u015fka bedenlerin s\u0131ca\u011f\u0131nda yar\u0131m kalmaya yazg\u0131l\u0131 bu ilk a\u015fk \u00e7\u0131\u011fl\u0131k \u00e7\u0131\u011fl\u0131\u011fa bir teselli vaat eder ona&#8230;\u00c7eli\u015fkiler ve saplant\u0131larla dolu bir a\u015fk bu; yorgun bir kale duvar\u0131, kazd\u0131k\u00e7a daralan bir mahzen, yara kabu\u011funu kald\u0131rman\u0131n verdi\u011fi haz, ger\u00e7ekle\u015fmemi\u015f arzular\u0131n d\u00f6n\u00fc\u015ft\u00fcrd\u00fc\u011f\u00fc bir haz nesnesi. Peki ama h\u00fcsran e\u015fikte beklerken kalbi bir kere daha k\u0131r\u0131lmak \u00fczere a\u00e7\u0131p gemileri yakmak m\u00fcmk\u00fcn olabilecek mi?..Ad\u0131nla \u00c7a\u011f\u0131r Beni&#8217;nin ard\u0131ndan Bul Beni ile a\u015fk\u0131n, reddedi\u015fin, g\u00f6n\u00fcl yaralar\u0131n\u0131n ve her \u015feye ra\u011fmen yeni olas\u0131l\u0131klar\u0131n pe\u015fine d\u00fc\u015fen Andr\u00e9 Aciman&#8217;dan zihnindeki kapana k\u0131s\u0131l\u0131p merkezini kaybedenlere, kalbi bat\u0131dayken bedenleri do\u011fuya g\u00f6\u00e7enlere kadim bir muamma&#8230;<\/p>\n","protected":false},"excerpt":{"rendered":"<p>Bir adam \u0130talyan yaz\u0131n\u0131n soluk kesen s\u0131ca\u011f\u0131nda, terebentin ve tala\u015f kokular\u0131 aras\u0131nda ilk kez i\u00e7ine d\u00fc\u015ft\u00fc\u011f\u00fc a\u015fk\u0131n ve h\u00fcsran\u0131n buruk, metalik tad\u0131n\u0131 an\u0131msay\u0131verir. New York caddelerinin<span class=\"excerpt-hellip\"> [\u2026]<\/span><\/p>\n","protected":false},"featured_media":0,"template":"","meta":{"_monsterinsights_skip_tracking":false,"_monsterinsights_sitenote_active":false,"_monsterinsights_sitenote_note":"","_monsterinsights_sitenote_category":0},"product_brand":[],"product_cat":[12291,12711],"product_tag":[],"class_list":{"0":"post-753591","1":"product","2":"type-product","3":"status-publish","5":"product_cat-edebiyat","6":"product_cat-roman-oyku","7":"pa_cilt-ciltsiz","8":"pa_tur-kitap","9":"pa_yayinevi-sel-yayincilik","10":"pa_yazar-andre-aciman","12":"first","13":"instock","14":"sale","15":"shipping-taxable","16":"purchasable","17":"product-type-simple"},"_links":{"self":[{"href":"https:\/\/roveyayinevi.com.tr\/index.php\/wp-json\/wp\/v2\/product\/753591","targetHints":{"allow":["GET"]}}],"collection":[{"href":"https:\/\/roveyayinevi.com.tr\/index.php\/wp-json\/wp\/v2\/product"}],"about":[{"href":"https:\/\/roveyayinevi.com.tr\/index.php\/wp-json\/wp\/v2\/types\/product"}],"wp:attachment":[{"href":"https:\/\/roveyayinevi.com.tr\/index.php\/wp-json\/wp\/v2\/media?parent=753591"}],"wp:term":[{"taxonomy":"product_brand","embeddable":true,"href":"https:\/\/roveyayinevi.com.tr\/index.php\/wp-json\/wp\/v2\/product_brand?post=753591"},{"taxonomy":"product_cat","embeddable":true,"href":"https:\/\/roveyayinevi.com.tr\/index.php\/wp-json\/wp\/v2\/product_cat?post=753591"},{"taxonomy":"product_tag","embeddable":true,"href":"https:\/\/roveyayinevi.com.tr\/index.php\/wp-json\/wp\/v2\/product_tag?post=753591"}],"curies":[{"name":"wp","href":"https:\/\/api.w.org\/{rel}","templated":true}]}}