{"id":753589,"date":"2025-08-28T05:47:12","date_gmt":"2025-08-28T02:47:12","guid":{"rendered":"https:\/\/roveyayinevi.com.tr\/index.php\/urun\/seylesme\/"},"modified":"2026-04-16T03:07:14","modified_gmt":"2026-04-16T00:07:14","slug":"seylesme","status":"publish","type":"product","link":"https:\/\/roveyayinevi.com.tr\/index.php\/urun\/seylesme\/","title":{"rendered":"\u015eeyle\u015fme"},"content":{"rendered":"<p>Uzmanla\u015fman\u0131n, karma\u015f\u0131kla\u015fman\u0131n ve olaylar\u0131n ak\u0131\u015f h\u0131z\u0131n\u0131n artt\u0131\u011f\u0131, dikkatin azald\u0131\u011f\u0131, haf\u0131zan\u0131n zay\u0131flad\u0131\u011f\u0131 \u00e7a\u011fda\u015f d\u00fcnyan\u0131n ke\u015fmeke\u015finde toplum ile bireyi ili\u015fkilerden \u00f6r\u00fcl\u00fc, birbirini besleyen canl\u0131 bir a\u011f olarak g\u00f6rmek g\u00fcn ge\u00e7tik\u00e7e g\u00fc\u00e7le\u015fiyor. Bug\u00fcn kendimizi ve birbirimizi haz\u0131r kal\u0131plara d\u00f6kerek \u201c\u015fey\u201dle\u015ftiriyor, say\u0131larla ifade edilebilen ruhsuz bir denklemin taraflar\u0131 olarak tan\u0131maya ve tan\u0131tmaya \u00e7al\u0131\u015f\u0131yoruz. Modern Bat\u0131 k\u00fclt\u00fcr\u00fcn\u00fcn ve sosyal bilimlerin ba\u015f\u0131na bela olan \u00f6zne\/nesne ya da yap\u0131\/fail ikiliklerinin bize miras\u0131 olan bu bak\u0131\u015f, bireyinden grubuna, az\u0131nl\u0131\u011f\u0131ndan \u00e7o\u011funlu\u011funa, toplumda ve toplum arac\u0131l\u0131\u011f\u0131yla tan\u0131nmay\u0131 bug\u00fcn y\u00fczlerin, kayg\u0131lar\u0131n, ilgilerin ve olanaklar\u0131n silindi\u011fi, metalar\u0131n ve niceliklerin tek ger\u00e7eklik olarak bask\u0131n \u00e7\u0131kt\u0131\u011f\u0131 yavan bir portreye mahk\u00fbm ediyor. Bu kitapta, \u00e7a\u011fda\u015f d\u00fc\u015f\u00fcnceye damgas\u0131n\u0131 vurmu\u015f felsefeci ve sosyal bilimci Axel Honneth, modern deneyimi karakterize eden \u015feyle\u015fme olgusunun ko\u015fullar\u0131n\u0131, s\u0131n\u0131rlar\u0131n\u0131, toplumsal kaynaklar\u0131n\u0131 ve insan\u0131 insan yapagelmi\u015f tan\u0131(n)ma \u00e7abas\u0131n\u0131n \u00e7a\u011fda\u015f d\u00fcnyadaki patolojisini irdeliyor. Felsefece d\u00fc\u015f\u00fcnen bir sosyal bilimcinin ve sosyal bilimci donan\u0131m\u0131na sahip bir felsefecinin bak\u0131\u015f\u0131yla Luk\u00e1cs, Heidegger, Piaget, Dewey gibi isimlerle hesapla\u015farak, \u015feyle\u015ftirmeden tan\u0131man\u0131n ve \u015feyle\u015fmeden tan\u0131nman\u0131n olanakl\u0131 olup olmad\u0131\u011f\u0131n\u0131 soruyor. <\/p>\n","protected":false},"excerpt":{"rendered":"<p>Uzmanla\u015fman\u0131n, karma\u015f\u0131kla\u015fman\u0131n ve olaylar\u0131n ak\u0131\u015f h\u0131z\u0131n\u0131n artt\u0131\u011f\u0131, dikkatin azald\u0131\u011f\u0131, haf\u0131zan\u0131n zay\u0131flad\u0131\u011f\u0131 \u00e7a\u011fda\u015f d\u00fcnyan\u0131n ke\u015fmeke\u015finde toplum ile bireyi ili\u015fkilerden \u00f6r\u00fcl\u00fc, birbirini besleyen canl\u0131 bir a\u011f olarak g\u00f6rmek<span class=\"excerpt-hellip\"> [\u2026]<\/span><\/p>\n","protected":false},"featured_media":0,"template":"","meta":{"_monsterinsights_skip_tracking":false,"_monsterinsights_sitenote_active":false,"_monsterinsights_sitenote_note":"","_monsterinsights_sitenote_category":0},"product_brand":[],"product_cat":[12324],"product_tag":[],"class_list":{"0":"post-753589","1":"product","2":"type-product","3":"status-publish","5":"product_cat-sosyoloji","6":"pa_cilt-ciltsiz","7":"pa_tur-kitap","8":"pa_yayinevi-fol-kitap","9":"pa_yazar-axel-honneth","11":"first","12":"instock","13":"sale","14":"shipping-taxable","15":"purchasable","16":"product-type-simple"},"_links":{"self":[{"href":"https:\/\/roveyayinevi.com.tr\/index.php\/wp-json\/wp\/v2\/product\/753589","targetHints":{"allow":["GET"]}}],"collection":[{"href":"https:\/\/roveyayinevi.com.tr\/index.php\/wp-json\/wp\/v2\/product"}],"about":[{"href":"https:\/\/roveyayinevi.com.tr\/index.php\/wp-json\/wp\/v2\/types\/product"}],"wp:attachment":[{"href":"https:\/\/roveyayinevi.com.tr\/index.php\/wp-json\/wp\/v2\/media?parent=753589"}],"wp:term":[{"taxonomy":"product_brand","embeddable":true,"href":"https:\/\/roveyayinevi.com.tr\/index.php\/wp-json\/wp\/v2\/product_brand?post=753589"},{"taxonomy":"product_cat","embeddable":true,"href":"https:\/\/roveyayinevi.com.tr\/index.php\/wp-json\/wp\/v2\/product_cat?post=753589"},{"taxonomy":"product_tag","embeddable":true,"href":"https:\/\/roveyayinevi.com.tr\/index.php\/wp-json\/wp\/v2\/product_tag?post=753589"}],"curies":[{"name":"wp","href":"https:\/\/api.w.org\/{rel}","templated":true}]}}