{"id":753588,"date":"2025-08-28T05:47:11","date_gmt":"2025-08-28T02:47:11","guid":{"rendered":"https:\/\/roveyayinevi.com.tr\/index.php\/urun\/soz-sizde-bay-brown\/"},"modified":"2026-04-16T03:07:14","modified_gmt":"2026-04-16T00:07:14","slug":"soz-sizde-bay-brown","status":"publish","type":"product","link":"https:\/\/roveyayinevi.com.tr\/index.php\/urun\/soz-sizde-bay-brown\/","title":{"rendered":"S\u00f6z Sizde Bay Brown"},"content":{"rendered":"<p>Sosyal demokrasi kan kaybetmeye devam ediyor. Milliyet\u00e7i ak\u0131mlar palazlan\u0131yor, pop\u00fclizm d\u00fcnyan\u0131n d\u00f6rt bir yan\u0131nda g\u00fc\u00e7lenerek solun hareket alan\u0131n\u0131 k\u0131s\u0131tl\u0131yor. Geni\u015fleyen piyasalar ile sosyal politikalar aras\u0131ndaki s\u00fcrt\u00fc\u015fme ve gerilim artt\u0131k\u00e7a, bir zamanlar solun a\u015f\u0131r\u0131 u\u00e7lar\u0131na alternatif olarak sunulan, piyasayla iyi ge\u00e7inece\u011fi d\u00fc\u015f\u00fcn\u00fclen sosyal demokrasi Avrupa\u2019da bile giderek b\u00fcy\u00fcyen bir hayal k\u0131r\u0131kl\u0131\u011f\u0131na d\u00f6n\u00fc\u015f\u00fcyor. Peki, bu durumu tersine \u00e7evirmek m\u00fcmk\u00fcn m\u00fc? M\u00fcmk\u00fcnse nas\u0131l bir yol izlemek gerekiyor? De\u011fi\u015fen bir d\u00fcnyada sosyal demokrasiye yer var m\u0131? G\u00fcn\u00fcn sorunlar\u0131nda ve kendi i\u00e7 \u00e7eki\u015fmelerinde bo\u011fulmayan, gelece\u011fi de vizyonuna d\u00e2hil eden bir siyaset anlay\u0131\u015f\u0131 nas\u0131l yerle\u015ftirilebilir? \u00c7a\u011f\u0131m\u0131z\u0131n en \u00f6nemli sosyologlar\u0131ndan Anthony Giddens, siyaset\u00e7i yan\u0131n\u0131 g\u00f6zler \u00f6n\u00fcne serdi\u011fi bu \u00e7al\u0131\u015fmas\u0131nda, sosyal bilimlerdeki engin bilgisini de kullanarak bu sorulara sa\u011fduyulu ve olumlu bir yan\u0131t veriyor. Parlak ve keskin \u00e7\u00f6z\u00fcmleme becerisiyle iklim de\u011fi\u015fikli\u011fi meselesinden yeni kitlesel g\u00f6\u00e7ler olgusuna, \u00e7okk\u00fclt\u00fcrc\u00fcl\u00fckten devletin piyasalar kar\u015f\u0131s\u0131ndaki tutumuna uzanan geni\u015f bir yelpazede bir\u00e7ok meseleyi ele al\u0131yor. \u00c7a\u011f\u0131m\u0131z\u0131n karma\u015f\u0131k ve \u00e7etrefil sorunlar\u0131n\u0131 g\u00f6zeten, toplumsal hareketleri hesaba katan, gelecek bilinciyle hareket eden ortayolcu, \u201cgelecekle s\u00f6zle\u015fme\u201d ad\u0131n\u0131 verdi\u011fi adil bir sosyal demokrasi program\u0131n\u0131n tasla\u011f\u0131n\u0131 sunuyor. <\/p>\n","protected":false},"excerpt":{"rendered":"<p>Sosyal demokrasi kan kaybetmeye devam ediyor. Milliyet\u00e7i ak\u0131mlar palazlan\u0131yor, pop\u00fclizm d\u00fcnyan\u0131n d\u00f6rt bir yan\u0131nda g\u00fc\u00e7lenerek solun hareket alan\u0131n\u0131 k\u0131s\u0131tl\u0131yor. Geni\u015fleyen piyasalar ile sosyal politikalar aras\u0131ndaki s\u00fcrt\u00fc\u015fme<span class=\"excerpt-hellip\"> [\u2026]<\/span><\/p>\n","protected":false},"featured_media":0,"template":"","meta":{"_monsterinsights_skip_tracking":false,"_monsterinsights_sitenote_active":false,"_monsterinsights_sitenote_note":"","_monsterinsights_sitenote_category":0},"product_brand":[],"product_cat":[12337],"product_tag":[],"class_list":{"0":"post-753588","1":"product","2":"type-product","3":"status-publish","5":"product_cat-politika-siyaset","6":"pa_cilt-ciltsiz","7":"pa_tur-kitap","8":"pa_yayinevi-fol-kitap","9":"pa_yazar-anthony-giddens","11":"first","12":"instock","13":"sale","14":"shipping-taxable","15":"purchasable","16":"product-type-simple"},"_links":{"self":[{"href":"https:\/\/roveyayinevi.com.tr\/index.php\/wp-json\/wp\/v2\/product\/753588","targetHints":{"allow":["GET"]}}],"collection":[{"href":"https:\/\/roveyayinevi.com.tr\/index.php\/wp-json\/wp\/v2\/product"}],"about":[{"href":"https:\/\/roveyayinevi.com.tr\/index.php\/wp-json\/wp\/v2\/types\/product"}],"wp:attachment":[{"href":"https:\/\/roveyayinevi.com.tr\/index.php\/wp-json\/wp\/v2\/media?parent=753588"}],"wp:term":[{"taxonomy":"product_brand","embeddable":true,"href":"https:\/\/roveyayinevi.com.tr\/index.php\/wp-json\/wp\/v2\/product_brand?post=753588"},{"taxonomy":"product_cat","embeddable":true,"href":"https:\/\/roveyayinevi.com.tr\/index.php\/wp-json\/wp\/v2\/product_cat?post=753588"},{"taxonomy":"product_tag","embeddable":true,"href":"https:\/\/roveyayinevi.com.tr\/index.php\/wp-json\/wp\/v2\/product_tag?post=753588"}],"curies":[{"name":"wp","href":"https:\/\/api.w.org\/{rel}","templated":true}]}}