{"id":753587,"date":"2025-08-28T05:47:10","date_gmt":"2025-08-28T02:47:10","guid":{"rendered":"https:\/\/roveyayinevi.com.tr\/index.php\/urun\/narsistle-mucadele-rehberi\/"},"modified":"2026-04-13T03:12:36","modified_gmt":"2026-04-13T00:12:36","slug":"narsistle-mucadele-rehberi","status":"publish","type":"product","link":"https:\/\/roveyayinevi.com.tr\/index.php\/urun\/narsistle-mucadele-rehberi\/","title":{"rendered":"Narsistle M\u00fccadele Rehberi"},"content":{"rendered":"<p>Etraf\u0131n\u0131zdaki ki\u015fi veya ki\u015filer i\u00e7in s\u00fcrekli bir \u015feyler yap\u0131yor ama bir t\u00fcrl\u00fc onlar\u0131 mutlu edemiyor musunuz? Yapt\u0131klar\u0131n\u0131z yanl\u0131\u015f veya sa\u00e7ma m\u0131 bulunuyor? Daha d\u00fcn \u00e7ok sevilirken bug\u00fcn b\u00fct\u00fcn \u0131\u015f\u0131klar s\u00f6nd\u00fc m\u00fc? T\u00fcm bunlara ra\u011fmen bir t\u00fcrl\u00fc kopam\u0131yor, o ki\u015fi veya ki\u015filere ihtiyac\u0131n\u0131z oldu\u011funu mu d\u00fc\u015f\u00fcn\u00fcyorsunuz? Bu sorulara yan\u0131t\u0131n\u0131z evet ise bir duygu vampirinin, yani toksik bir insan\u0131n manip\u00fclasyonuna maruz kal\u0131yor olabilirsiniz. Shahida Arabi, en etkili y\u00f6ntemlerle manip\u00fclasyonlar\u0131 tan\u0131man\u0131n ve onlardan kendimizi koruman\u0131n yollar\u0131n\u0131 g\u00f6steriyor. E\u011fer siz de fi\u015fekleme, yans\u0131tma, gizli a\u015fa\u011f\u0131lama ve a\u015fk bombard\u0131man\u0131 gibi psikolojik \u015fiddetlere maruz kal\u0131yorsan\u0131z bu kitap tam size g\u00f6re. Toksiklerin tuza\u011f\u0131na d\u00fc\u015fmeden kendi mutlulu\u011funuza giden en kestirme yollar\u0131 ke\u015ffetmek size iyi gelecek. <\/p>\n","protected":false},"excerpt":{"rendered":"<p>Etraf\u0131n\u0131zdaki ki\u015fi veya ki\u015filer i\u00e7in s\u00fcrekli bir \u015feyler yap\u0131yor ama bir t\u00fcrl\u00fc onlar\u0131 mutlu edemiyor musunuz? Yapt\u0131klar\u0131n\u0131z yanl\u0131\u015f veya sa\u00e7ma m\u0131 bulunuyor? Daha d\u00fcn \u00e7ok sevilirken<span class=\"excerpt-hellip\"> [\u2026]<\/span><\/p>\n","protected":false},"featured_media":0,"template":"","meta":{"_monsterinsights_skip_tracking":false,"_monsterinsights_sitenote_active":false,"_monsterinsights_sitenote_note":"","_monsterinsights_sitenote_category":0},"product_brand":[],"product_cat":[12364,12376],"product_tag":[],"class_list":{"0":"post-753587","1":"product","2":"type-product","3":"status-publish","5":"product_cat-genel-konular","6":"product_cat-kisisel-gelisim","7":"pa_cilt-ciltsiz","8":"pa_tur-kitap","9":"pa_yayinevi-tavoos-yayinlari","10":"pa_yazar-shahida-arabi","12":"first","13":"instock","14":"sale","15":"shipping-taxable","16":"purchasable","17":"product-type-simple"},"_links":{"self":[{"href":"https:\/\/roveyayinevi.com.tr\/index.php\/wp-json\/wp\/v2\/product\/753587","targetHints":{"allow":["GET"]}}],"collection":[{"href":"https:\/\/roveyayinevi.com.tr\/index.php\/wp-json\/wp\/v2\/product"}],"about":[{"href":"https:\/\/roveyayinevi.com.tr\/index.php\/wp-json\/wp\/v2\/types\/product"}],"wp:attachment":[{"href":"https:\/\/roveyayinevi.com.tr\/index.php\/wp-json\/wp\/v2\/media?parent=753587"}],"wp:term":[{"taxonomy":"product_brand","embeddable":true,"href":"https:\/\/roveyayinevi.com.tr\/index.php\/wp-json\/wp\/v2\/product_brand?post=753587"},{"taxonomy":"product_cat","embeddable":true,"href":"https:\/\/roveyayinevi.com.tr\/index.php\/wp-json\/wp\/v2\/product_cat?post=753587"},{"taxonomy":"product_tag","embeddable":true,"href":"https:\/\/roveyayinevi.com.tr\/index.php\/wp-json\/wp\/v2\/product_tag?post=753587"}],"curies":[{"name":"wp","href":"https:\/\/api.w.org\/{rel}","templated":true}]}}