{"id":753585,"date":"2025-08-28T05:47:07","date_gmt":"2025-08-28T02:47:07","guid":{"rendered":"https:\/\/roveyayinevi.com.tr\/index.php\/urun\/isbirliginin-evrimi\/"},"modified":"2026-04-16T03:07:14","modified_gmt":"2026-04-16T00:07:14","slug":"isbirliginin-evrimi","status":"publish","type":"product","link":"https:\/\/roveyayinevi.com.tr\/index.php\/urun\/isbirliginin-evrimi\/","title":{"rendered":"\u0130\u015fbirli\u011finin Evrimi"},"content":{"rendered":"<p>Merkezi bir otoritenin var olmad\u0131\u011f\u0131, tamamen bencillerden olu\u015fan bir d\u00fcnyada i\u015fbirli\u011fi ortaya \u00e7\u0131kabilir mi? Bu soru \u00e7ok uzun zamand\u0131r ve hakl\u0131 sebeplerle insanlar\u0131n ilgisini \u00e7ekiyor. \u0130nsanlar\u0131n \u201cmelek\u201d olmad\u0131klar\u0131n\u0131, her \u015feyden \u00f6nce \u015fahsi \u00e7\u0131karlar\u0131n\u0131 kovalamaya meyilli olduklar\u0131n\u0131 biliyoruz. Yine de zaman zaman i\u015fbirli\u011fi yapabildiklerinin, hatta uygarl\u0131\u011f\u0131m\u0131z\u0131n bu i\u015fbirli\u011fine dayand\u0131\u011f\u0131n\u0131n da fark\u0131nday\u0131z. O halde, her bireyi bencil davranmaya iten ko\u015fullar\u0131n varl\u0131\u011f\u0131nda i\u015fbirli\u011fi ve dayan\u0131\u015fma nas\u0131l geli\u015febilir, nas\u0131l s\u00fcrd\u00fcr\u00fclebilir? \u0130\u015fbirli\u011finin ortaya \u00e7\u0131kabilmesi i\u00e7in akla, dostlu\u011fa ve g\u00fcvene ihtiya\u00e7 var m\u0131d\u0131r? Yay\u0131mland\u0131\u011f\u0131 y\u0131ldan bug\u00fcne siyaset bilimi, uluslararas\u0131 ili\u015fkiler, iktisat, evrimsel biyoloji, oyun kuram\u0131, bilgisayar bilimi ve di\u011fer say\u0131s\u0131z alanda en fazla at\u0131f alan \u00e7al\u0131\u015fmalardan biri olmu\u015f, \u201ck\u00fclt\u201d eserlerden biri haline gelmi\u015f bu kitap, i\u015fbirli\u011fi sorununa \u015fa\u015f\u0131rt\u0131c\u0131 ve ezber bozan bir yakla\u015f\u0131m getiriyor. Birinci D\u00fcnya Sava\u015f\u0131 s\u0131ras\u0131nda yap\u0131lan siper muharebelerinden, So\u011fuk Sava\u015f\u2019\u0131n \u201cDeh\u015fet Dengesi\u201dne, \u015firketler aras\u0131 rekabetten diplomasiye, bakteri ile kona\u011f\u0131 aras\u0131ndaki ili\u015fkiden b\u00f6lgeci ku\u015flar\u0131n davran\u0131\u015flar\u0131na varas\u0131ya kar\u015f\u0131l\u0131kl\u0131 i\u015fbirli\u011finin dostluk, g\u00fcven, bilin\u00e7, hatta zeka olmadan, bencillikten nas\u0131l do\u011fabilece\u011fini, nas\u0131l istikrar kazanabilece\u011fini ortaya koyuyor. Mahkumun \u0130kilemi oyununun mant\u0131\u011f\u0131n\u0131 en k\u00fc\u00e7\u00fck canl\u0131lardan en g\u00fc\u00e7l\u00fc devletler aras\u0131ndaki ili\u015fkilere kadar uygulayarak, \u00e7at\u0131\u015fma, rekabet, ihanet ve kar\u015f\u0131l\u0131kl\u0131l\u0131k olgular\u0131n\u0131n alt\u0131nda yatan yal\u0131n ve b\u00fcy\u00fcleyici matemati\u011fi g\u00f6zler \u00f6n\u00fcne seriyor. <\/p>\n","protected":false},"excerpt":{"rendered":"<p>Merkezi bir otoritenin var olmad\u0131\u011f\u0131, tamamen bencillerden olu\u015fan bir d\u00fcnyada i\u015fbirli\u011fi ortaya \u00e7\u0131kabilir mi? Bu soru \u00e7ok uzun zamand\u0131r ve hakl\u0131 sebeplerle insanlar\u0131n ilgisini \u00e7ekiyor. \u0130nsanlar\u0131n<span class=\"excerpt-hellip\"> [\u2026]<\/span><\/p>\n","protected":false},"featured_media":0,"template":"","meta":{"_monsterinsights_skip_tracking":false,"_monsterinsights_sitenote_active":false,"_monsterinsights_sitenote_note":"","_monsterinsights_sitenote_category":0},"product_brand":[],"product_cat":[13005],"product_tag":[],"class_list":{"0":"post-753585","1":"product","2":"type-product","3":"status-publish","5":"product_cat-bilim-muhendislik","6":"pa_cilt-ciltsiz","7":"pa_tur-kitap","8":"pa_yayinevi-fol-kitap","9":"pa_yazar-robert-axelrod","11":"first","12":"instock","13":"sale","14":"shipping-taxable","15":"purchasable","16":"product-type-simple"},"_links":{"self":[{"href":"https:\/\/roveyayinevi.com.tr\/index.php\/wp-json\/wp\/v2\/product\/753585","targetHints":{"allow":["GET"]}}],"collection":[{"href":"https:\/\/roveyayinevi.com.tr\/index.php\/wp-json\/wp\/v2\/product"}],"about":[{"href":"https:\/\/roveyayinevi.com.tr\/index.php\/wp-json\/wp\/v2\/types\/product"}],"wp:attachment":[{"href":"https:\/\/roveyayinevi.com.tr\/index.php\/wp-json\/wp\/v2\/media?parent=753585"}],"wp:term":[{"taxonomy":"product_brand","embeddable":true,"href":"https:\/\/roveyayinevi.com.tr\/index.php\/wp-json\/wp\/v2\/product_brand?post=753585"},{"taxonomy":"product_cat","embeddable":true,"href":"https:\/\/roveyayinevi.com.tr\/index.php\/wp-json\/wp\/v2\/product_cat?post=753585"},{"taxonomy":"product_tag","embeddable":true,"href":"https:\/\/roveyayinevi.com.tr\/index.php\/wp-json\/wp\/v2\/product_tag?post=753585"}],"curies":[{"name":"wp","href":"https:\/\/api.w.org\/{rel}","templated":true}]}}