{"id":753584,"date":"2025-08-28T05:47:06","date_gmt":"2025-08-28T02:47:06","guid":{"rendered":"https:\/\/roveyayinevi.com.tr\/index.php\/urun\/guzelligin-felsefesi\/"},"modified":"2026-04-16T03:07:14","modified_gmt":"2026-04-16T00:07:14","slug":"guzelligin-felsefesi","status":"publish","type":"product","link":"https:\/\/roveyayinevi.com.tr\/index.php\/urun\/guzelligin-felsefesi\/","title":{"rendered":"G\u00fczelli\u011fin Felsefesi"},"content":{"rendered":"<p>George Santayana\u2019n\u0131n bu kitab\u0131, esteti\u011fin ola\u011fan\u00fcst\u00fc d\u00fcnyas\u0131nda \u00f6\u011fretici bir yolculu\u011fa \u00e7\u0131karken ba\u015fvuraca\u011f\u0131n\u0131z bir k\u0131lavuz. Filozof bu kitapta sanat\u0131n, esteti\u011fin ve insan\u0131n g\u00fczellik deneyiminin s\u0131rlar\u0131n\u0131 a\u00e7\u0131kl\u0131\u011fa kavu\u015fturuyor. \u0130\u00e7imizdeki g\u00fczellik duyusunun, zaman\u0131 ve k\u00fclt\u00fcr\u00fc a\u015fan ve her insan\u0131n ruhunda derin yank\u0131lar bulan bu b\u00fcy\u00fcleyici yetinin \u00f6z\u00fcn\u00fc ustal\u0131kla soru\u015fturuyor. Sanatsal d\u0131\u015favurumun temelindeki evrensel ilkeleri, kendi \u015fiirsel anlat\u0131m\u0131 ve bilimsel titizli\u011fiyle, hepimizi b\u00fcy\u00fcleyen g\u00fczelli\u011fin dile getirilmesi g\u00fc\u00e7 olan do\u011fas\u0131na \u0131\u015f\u0131k tutarak ortaya koyuyor. R\u00f6nesans\u0131n k\u0131\u015fk\u0131rt\u0131c\u0131 tablolar\u0131ndan senfonilerin zarif ezgilerine kadar uzanan bu b\u00fcy\u00fcleyici ke\u015fif yolculu\u011fu boyunca insan\u0131n yarat\u0131c\u0131l\u0131\u011f\u0131n\u0131n ge\u00e7ti\u011fi yollar\u0131 bize yeniden anlat\u0131yor. Esasl\u0131 d\u00fc\u015f\u00fcnceleriyle geleneksel alg\u0131lara meydan okuyor, felsefe ile psikolojiyi bulu\u015fturarak esteti\u011fin etkileyici d\u00fcnyas\u0131na dair eksiksiz bir anlay\u0131\u015f\u0131 dile getiriyor. G\u00fczelli\u011fin Felsefesi, hakikati arayanlar\u0131n, sanatseverlerin ve etraf\u0131m\u0131z\u0131 saran sonsuz g\u00fczelli\u011fi tan\u0131mak isteyen herkesin yan\u0131nda ta\u015f\u0131may\u0131 arzulayaca\u011f\u0131 bir rehber. Hayat\u0131m\u0131z\u0131 zenginle\u015ftiren ve insanl\u0131\u011f\u0131m\u0131z\u0131n \u00f6z\u00fcn\u00fc \u015fekillendiren g\u00fczelli\u011fin d\u00f6n\u00fc\u015ft\u00fcr\u00fcc\u00fc g\u00fcc\u00fcn\u00fc bu kitab\u0131n sayfalar\u0131n\u0131 kar\u0131\u015ft\u0131r\u0131rken ke\u015ffedeceksiniz.<\/p>\n","protected":false},"excerpt":{"rendered":"<p>George Santayana\u2019n\u0131n bu kitab\u0131, esteti\u011fin ola\u011fan\u00fcst\u00fc d\u00fcnyas\u0131nda \u00f6\u011fretici bir yolculu\u011fa \u00e7\u0131karken ba\u015fvuraca\u011f\u0131n\u0131z bir k\u0131lavuz. Filozof bu kitapta sanat\u0131n, esteti\u011fin ve insan\u0131n g\u00fczellik deneyiminin s\u0131rlar\u0131n\u0131 a\u00e7\u0131kl\u0131\u011fa kavu\u015fturuyor.<span class=\"excerpt-hellip\"> [\u2026]<\/span><\/p>\n","protected":false},"featured_media":0,"template":"","meta":{"_monsterinsights_skip_tracking":false,"_monsterinsights_sitenote_active":false,"_monsterinsights_sitenote_note":"","_monsterinsights_sitenote_category":0},"product_brand":[],"product_cat":[44608,12408],"product_tag":[],"class_list":{"0":"post-753584","1":"product","2":"type-product","3":"status-publish","5":"product_cat-diger-sanat","6":"product_cat-sanat","7":"pa_cilt-ciltsiz","8":"pa_tur-kitap","9":"pa_yayinevi-fol-kitap","10":"pa_yazar-george-santayana","12":"first","13":"instock","14":"sale","15":"shipping-taxable","16":"purchasable","17":"product-type-simple"},"_links":{"self":[{"href":"https:\/\/roveyayinevi.com.tr\/index.php\/wp-json\/wp\/v2\/product\/753584","targetHints":{"allow":["GET"]}}],"collection":[{"href":"https:\/\/roveyayinevi.com.tr\/index.php\/wp-json\/wp\/v2\/product"}],"about":[{"href":"https:\/\/roveyayinevi.com.tr\/index.php\/wp-json\/wp\/v2\/types\/product"}],"wp:attachment":[{"href":"https:\/\/roveyayinevi.com.tr\/index.php\/wp-json\/wp\/v2\/media?parent=753584"}],"wp:term":[{"taxonomy":"product_brand","embeddable":true,"href":"https:\/\/roveyayinevi.com.tr\/index.php\/wp-json\/wp\/v2\/product_brand?post=753584"},{"taxonomy":"product_cat","embeddable":true,"href":"https:\/\/roveyayinevi.com.tr\/index.php\/wp-json\/wp\/v2\/product_cat?post=753584"},{"taxonomy":"product_tag","embeddable":true,"href":"https:\/\/roveyayinevi.com.tr\/index.php\/wp-json\/wp\/v2\/product_tag?post=753584"}],"curies":[{"name":"wp","href":"https:\/\/api.w.org\/{rel}","templated":true}]}}