{"id":753583,"date":"2025-08-28T05:47:05","date_gmt":"2025-08-28T02:47:05","guid":{"rendered":"https:\/\/roveyayinevi.com.tr\/index.php\/urun\/cinsiyet-bilmecesi-ve-bilimi\/"},"modified":"2026-04-16T03:06:51","modified_gmt":"2026-04-16T00:06:51","slug":"cinsiyet-bilmecesi-ve-bilimi","status":"publish","type":"product","link":"https:\/\/roveyayinevi.com.tr\/index.php\/urun\/cinsiyet-bilmecesi-ve-bilimi\/","title":{"rendered":"Cinsiyet Bilmecesi ve Bilimi"},"content":{"rendered":"<p>Cinsiyet, \u00e7a\u011f\u0131m\u0131z\u0131n en reva\u00e7ta ve tart\u0131\u015fmal\u0131 konular\u0131ndan biri h\u00e2line geldi. Filmlerde, kitaplarda, gazetelerde g\u00fcndemi kolayl\u0131kla belirleyebiliyor, toplumsal adalet aray\u0131\u015f\u0131n\u0131n merkezinde yer alabildi\u011fi gibi, ki\u015fisel korkular\u0131n ve insanl\u0131\u011f\u0131n gelece\u011fine ili\u015fkin kayg\u0131lar\u0131n nesnesi bile olabiliyor. Cinsiyete dair \u00f6\u011frendi\u011fimiz her yeni bilgi, bize onun hakk\u0131nda ne kadar az \u015fey bildi\u011fimizi g\u00f6steriyor ve cinsiyeti bir bilmece h\u00e2line getiriyor.  Peki, b\u00fct\u00fcn bu kafa kar\u0131\u015f\u0131kl\u0131\u011f\u0131n\u0131n ortas\u0131nda bilim bu konuda bize ne s\u00f6yl\u00fcyor? \u2022 Cinsiyet do\u011fu\u015ftan m\u0131 geliyor, yoksa sonradan m\u0131 ediniliyor? \u2022 K\u0131z ve o\u011flan bebekleri birbirinden ay\u0131rmak ger\u00e7ekten g\u00fc\u00e7 m\u00fc? \u2022 Erkekler ile kad\u0131nlar\u0131n ilgileri ve yetenekleri do\u011fu\u015ftan farkl\u0131 m\u0131? \u2022 Erkekler ile kad\u0131nlar\u0131n spor m\u00fcsabakalar\u0131nda kar\u015f\u0131 kar\u015f\u0131ya gelmeleri adil mi? \u2022 Hukukta ikiden fazla cinsiyete yer var m\u0131? \u2022 Beynin cinsiyeti olur mu? \u2022 Cinsiyetin ak\u0131beti ne olacak?  Cinsiyet ve toplumsal cinsiyet tart\u0131\u015fmalar\u0131n\u0131n en \u00f6nde gelen isimlerinden biyolog Anne Fausto-Sterling, bu kitapta cinsiyetin biyolojik hik\u00e2yesini en ba\u015f\u0131ndan alarak anlat\u0131yor. Yumurta ve spermden yeti\u015fkinli\u011fe kadar cinsiyetin ve cinselli\u011fin ad\u0131m ad\u0131m nas\u0131l geli\u015fti\u011fini, hangi noktalarda ray\u0131ndan \u00e7\u0131kabildi\u011fini, insan geli\u015fiminde toplum ile do\u011fa aras\u0131ndaki hassas dengenin nas\u0131l ortaya \u00e7\u0131kt\u0131\u011f\u0131n\u0131 g\u00f6zler \u00f6n\u00fcne seriyor. Ezber bozan bir bak\u0131\u015fla h\u00fccrelerden bal\u0131klara, s\u00fcr\u00fcngenler, ku\u015flar ve primatlardan insanlara uzanan tuhaf ve e\u011flenceli \u00f6rneklerle cinsiyetin ve cinsel davran\u0131\u015f\u0131n afallat\u0131c\u0131 \u00e7e\u015fitlili\u011fini g\u00f6zler \u00f6n\u00fcne seriyor.<\/p>\n","protected":false},"excerpt":{"rendered":"<p>Cinsiyet, \u00e7a\u011f\u0131m\u0131z\u0131n en reva\u00e7ta ve tart\u0131\u015fmal\u0131 konular\u0131ndan biri h\u00e2line geldi. Filmlerde, kitaplarda, gazetelerde g\u00fcndemi kolayl\u0131kla belirleyebiliyor, toplumsal adalet aray\u0131\u015f\u0131n\u0131n merkezinde yer alabildi\u011fi gibi, ki\u015fisel korkular\u0131n ve<span class=\"excerpt-hellip\"> [\u2026]<\/span><\/p>\n","protected":false},"featured_media":0,"template":"","meta":{"_monsterinsights_skip_tracking":false,"_monsterinsights_sitenote_active":false,"_monsterinsights_sitenote_note":"","_monsterinsights_sitenote_category":0},"product_brand":[],"product_cat":[13005],"product_tag":[],"class_list":{"0":"post-753583","1":"product","2":"type-product","3":"status-publish","5":"product_cat-bilim-muhendislik","6":"pa_cilt-ciltsiz","7":"pa_tur-kitap","8":"pa_yayinevi-fol-kitap","9":"pa_yazar-anne-fausto-sterling","11":"first","12":"instock","13":"sale","14":"shipping-taxable","15":"purchasable","16":"product-type-simple"},"_links":{"self":[{"href":"https:\/\/roveyayinevi.com.tr\/index.php\/wp-json\/wp\/v2\/product\/753583","targetHints":{"allow":["GET"]}}],"collection":[{"href":"https:\/\/roveyayinevi.com.tr\/index.php\/wp-json\/wp\/v2\/product"}],"about":[{"href":"https:\/\/roveyayinevi.com.tr\/index.php\/wp-json\/wp\/v2\/types\/product"}],"wp:attachment":[{"href":"https:\/\/roveyayinevi.com.tr\/index.php\/wp-json\/wp\/v2\/media?parent=753583"}],"wp:term":[{"taxonomy":"product_brand","embeddable":true,"href":"https:\/\/roveyayinevi.com.tr\/index.php\/wp-json\/wp\/v2\/product_brand?post=753583"},{"taxonomy":"product_cat","embeddable":true,"href":"https:\/\/roveyayinevi.com.tr\/index.php\/wp-json\/wp\/v2\/product_cat?post=753583"},{"taxonomy":"product_tag","embeddable":true,"href":"https:\/\/roveyayinevi.com.tr\/index.php\/wp-json\/wp\/v2\/product_tag?post=753583"}],"curies":[{"name":"wp","href":"https:\/\/api.w.org\/{rel}","templated":true}]}}