{"id":753582,"date":"2025-08-28T05:47:03","date_gmt":"2025-08-28T02:47:03","guid":{"rendered":"https:\/\/roveyayinevi.com.tr\/index.php\/urun\/psikanalizin-kurtulusuna-dogru\/"},"modified":"2026-04-16T03:06:51","modified_gmt":"2026-04-16T00:06:51","slug":"psikanalizin-kurtulusuna-dogru","status":"publish","type":"product","link":"https:\/\/roveyayinevi.com.tr\/index.php\/urun\/psikanalizin-kurtulusuna-dogru\/","title":{"rendered":"Psikanalizin Kurtulu\u015funa Do\u011fru"},"content":{"rendered":"<p>Psikanaliz, insanlar\u0131 en derin korkular\u0131ndan, kederlerinden, tak\u0131nt\u0131lar\u0131ndan kurtarmay\u0131, anlam veremedikleri, \u201cak\u0131ld\u0131\u015f\u0131\u201d davran\u0131\u015flar\u0131n\u0131 anlamland\u0131rmay\u0131, insan ruhunu ve k\u00fclt\u00fcr\u00fcn\u00fc anlamay\u0131 vaat etti. Fakat Freud\u2019un psikanalizi \u201cicat\u201d edi\u015finin \u00fczerinden yakla\u015f\u0131k y\u00fcz elli y\u0131l, Lacan\u2019\u0131n g\u00f6zden ge\u00e7iri\u015finin \u00fczerindense yetmi\u015f y\u0131ldan fazla bir zaman ge\u00e7mesine ra\u011fmen sosyal bilimler ve psikoloji gibi alanlarda bu disiplinin varsay\u0131mlar\u0131, i\u015flevi ve yarar\u0131 hakk\u0131ndaki tart\u0131\u015fmalar azalmak \u015f\u00f6yle dursun, artarak devam ediyor. Kimilerine g\u00f6re psikanaliz, kanaat \u00f6nderlerine sahip hantal bir gelenek h\u00e2line geldi. Toplumda ve k\u00fclt\u00fcrde meydana gelen de\u011fi\u015fikliklerle, bu de\u011fi\u015fikliklerin insan ruhunda b\u0131rakt\u0131\u011f\u0131 yeni izlerle temas\u0131n\u0131 kaybetti. Bu \u015fartlar alt\u0131nda psikanaliz bize h\u00e2l\u00e2 bir \u015feyler s\u00f6yleyebilir mi? Cinsiyet ve k\u00fclt\u00fcr \u00e7al\u0131\u015fmalar\u0131n\u0131n, LGBTQI+ hareketlerinin, toplumun k\u0131y\u0131s\u0131na itilen az\u0131nl\u0131klar\u0131n, modern d\u00fcnyan\u0131n ke\u015fmeke\u015fine kap\u0131lm\u0131\u015f s\u0131radan insanlar\u0131n yeni ve sars\u0131c\u0131 deneyimlerinin d\u00fcnya ve k\u00fclt\u00fcrle bamba\u015fka bi\u00e7imde temas kurmaya izin verdi\u011fi \u015fu g\u00fcnlerde Oidipus Kompleksi\u2019nden ve cinsiyet farkl\u0131l\u0131\u011f\u0131ndan s\u00f6z etmenin bir anlam\u0131 var m\u0131? Psikanalizi \u00f6z\u00fcn\u00fc kaybetmeden kendinden kurtarmak m\u00fcmk\u00fcn m\u00fc ve gerekli mi? Bu kitapta, psikanalizin ayk\u0131r\u0131 isimlerinden Laurie Laufer, bu ve benzeri sorulara bir yan\u0131t ar\u0131yor. Psikanalizi ataletinden kurtarabilecek, kendini yeniden ke\u015ffetmesini, isyank\u00e2r k\u00f6klerine geri d\u00f6nmesini sa\u011flayabilecek bir yol haritas\u0131 sunuyor.<\/p>\n","protected":false},"excerpt":{"rendered":"<p>Psikanaliz, insanlar\u0131 en derin korkular\u0131ndan, kederlerinden, tak\u0131nt\u0131lar\u0131ndan kurtarmay\u0131, anlam veremedikleri, \u201cak\u0131ld\u0131\u015f\u0131\u201d davran\u0131\u015flar\u0131n\u0131 anlamland\u0131rmay\u0131, insan ruhunu ve k\u00fclt\u00fcr\u00fcn\u00fc anlamay\u0131 vaat etti. Fakat Freud\u2019un psikanalizi \u201cicat\u201d edi\u015finin \u00fczerinden<span class=\"excerpt-hellip\"> [\u2026]<\/span><\/p>\n","protected":false},"featured_media":0,"template":"","meta":{"_monsterinsights_skip_tracking":false,"_monsterinsights_sitenote_active":false,"_monsterinsights_sitenote_note":"","_monsterinsights_sitenote_category":0},"product_brand":[],"product_cat":[12357],"product_tag":[],"class_list":{"0":"post-753582","1":"product","2":"type-product","3":"status-publish","5":"product_cat-psikoloji","6":"pa_cilt-ciltsiz","7":"pa_tur-kitap","8":"pa_yayinevi-fol-kitap","9":"pa_yazar-laurie-laufer","11":"first","12":"instock","13":"sale","14":"shipping-taxable","15":"purchasable","16":"product-type-simple"},"_links":{"self":[{"href":"https:\/\/roveyayinevi.com.tr\/index.php\/wp-json\/wp\/v2\/product\/753582","targetHints":{"allow":["GET"]}}],"collection":[{"href":"https:\/\/roveyayinevi.com.tr\/index.php\/wp-json\/wp\/v2\/product"}],"about":[{"href":"https:\/\/roveyayinevi.com.tr\/index.php\/wp-json\/wp\/v2\/types\/product"}],"wp:attachment":[{"href":"https:\/\/roveyayinevi.com.tr\/index.php\/wp-json\/wp\/v2\/media?parent=753582"}],"wp:term":[{"taxonomy":"product_brand","embeddable":true,"href":"https:\/\/roveyayinevi.com.tr\/index.php\/wp-json\/wp\/v2\/product_brand?post=753582"},{"taxonomy":"product_cat","embeddable":true,"href":"https:\/\/roveyayinevi.com.tr\/index.php\/wp-json\/wp\/v2\/product_cat?post=753582"},{"taxonomy":"product_tag","embeddable":true,"href":"https:\/\/roveyayinevi.com.tr\/index.php\/wp-json\/wp\/v2\/product_tag?post=753582"}],"curies":[{"name":"wp","href":"https:\/\/api.w.org\/{rel}","templated":true}]}}