{"id":753581,"date":"2025-08-28T05:47:02","date_gmt":"2025-08-28T02:47:02","guid":{"rendered":"https:\/\/roveyayinevi.com.tr\/index.php\/urun\/ogham-oracle\/"},"modified":"2026-04-16T03:06:50","modified_gmt":"2026-04-16T00:06:50","slug":"ogham-oracle","status":"publish","type":"product","link":"https:\/\/roveyayinevi.com.tr\/index.php\/urun\/ogham-oracle\/","title":{"rendered":"Ogham Oracle"},"content":{"rendered":"<p>OGHAM KARTLARI YOL G\u00d6STERS\u0130N Ogham alfabesi, ad\u0131n\u0131 \u0130rlanda tanr\u0131lar\u0131ndan olan Tanr\u0131 Ogma\u2019dan al\u0131r. Kelt halk\u0131n\u0131n ve genellikle Druidlerin kulland\u0131\u011f\u0131 bir yaz\u0131 sistemidir. Druidlerce gizli form\u00fclleri yazmak i\u00e7in kullan\u0131ld\u0131\u011f\u0131 da d\u00fc\u015f\u00fcn\u00fclmektedir. Her Ogham harfinin farkl\u0131 enerjisi vard\u0131r. Enerjisini ise a\u011fa\u00e7lardan almaktad\u0131r. Kullan\u0131m\u0131 olduk\u00e7a kolay olan 25 karttan olu\u015fan bu deste, Ogham ruhuna uygun bir \u015fekilde Sezen \u00e7a\u011fl\u0131 taraf\u0131ndan \u00f6zel olarak tasarlanm\u0131\u015ft\u0131r. A\u00e7\u0131l\u0131m ve \u00e7al\u0131\u015fmalar\u0131m\u0131zda rahatl\u0131kla kullanabilmemiz i\u00e7in her bir kart resminin ayr\u0131 ayr\u0131 anlam\u0131 anlat\u0131lm\u0131\u015f ve enerjilerine g\u00f6re enerji kodlar\u0131 verilmi\u015ftir.Kitapta kartlar\u0131n her birinin a\u011fa\u00e7lar\u0131n\u0131 ve anlamlar\u0131n\u0131 bulabilirsiniz. A\u00e7\u0131l\u0131mlar yapabilir ve enerjisel \u00e7al\u0131\u015fmalar i\u00e7in kullanabilirsiniz. Nas\u0131l kullanaca\u011f\u0131n\u0131z kitapta a\u00e7\u0131klanm\u0131\u015ft\u0131r. Oghamlar\u0131n rehberli\u011fini hayat\u0131n\u0131z\u0131n her alan\u0131nda kullanabilirsiniz.<\/p>\n","protected":false},"excerpt":{"rendered":"<p>OGHAM KARTLARI YOL G\u00d6STERS\u0130N Ogham alfabesi, ad\u0131n\u0131 \u0130rlanda tanr\u0131lar\u0131ndan olan Tanr\u0131 Ogma\u2019dan al\u0131r. Kelt halk\u0131n\u0131n ve genellikle Druidlerin kulland\u0131\u011f\u0131 bir yaz\u0131 sistemidir. Druidlerce gizli form\u00fclleri yazmak<span class=\"excerpt-hellip\"> [\u2026]<\/span><\/p>\n","protected":false},"featured_media":0,"template":"","meta":{"_monsterinsights_skip_tracking":false,"_monsterinsights_sitenote_active":false,"_monsterinsights_sitenote_note":"","_monsterinsights_sitenote_category":0},"product_brand":[],"product_cat":[19840,12364],"product_tag":[],"class_list":{"0":"post-753581","1":"product","2":"type-product","3":"status-publish","5":"product_cat-astroloji","6":"product_cat-genel-konular","7":"pa_cilt-ciltsiz","8":"pa_tur-kitap","9":"pa_yayinevi-epsilon-yayinlari","10":"pa_yazar-rezzan-ogul-yildiz","12":"first","13":"instock","14":"sale","15":"shipping-taxable","16":"purchasable","17":"product-type-simple"},"_links":{"self":[{"href":"https:\/\/roveyayinevi.com.tr\/index.php\/wp-json\/wp\/v2\/product\/753581","targetHints":{"allow":["GET"]}}],"collection":[{"href":"https:\/\/roveyayinevi.com.tr\/index.php\/wp-json\/wp\/v2\/product"}],"about":[{"href":"https:\/\/roveyayinevi.com.tr\/index.php\/wp-json\/wp\/v2\/types\/product"}],"wp:attachment":[{"href":"https:\/\/roveyayinevi.com.tr\/index.php\/wp-json\/wp\/v2\/media?parent=753581"}],"wp:term":[{"taxonomy":"product_brand","embeddable":true,"href":"https:\/\/roveyayinevi.com.tr\/index.php\/wp-json\/wp\/v2\/product_brand?post=753581"},{"taxonomy":"product_cat","embeddable":true,"href":"https:\/\/roveyayinevi.com.tr\/index.php\/wp-json\/wp\/v2\/product_cat?post=753581"},{"taxonomy":"product_tag","embeddable":true,"href":"https:\/\/roveyayinevi.com.tr\/index.php\/wp-json\/wp\/v2\/product_tag?post=753581"}],"curies":[{"name":"wp","href":"https:\/\/api.w.org\/{rel}","templated":true}]}}