{"id":753574,"date":"2025-08-28T05:46:50","date_gmt":"2025-08-28T02:46:50","guid":{"rendered":"https:\/\/roveyayinevi.com.tr\/index.php\/urun\/alo-ben-karaciger\/"},"modified":"2026-04-16T03:06:50","modified_gmt":"2026-04-16T00:06:50","slug":"alo-ben-karaciger","status":"publish","type":"product","link":"https:\/\/roveyayinevi.com.tr\/index.php\/urun\/alo-ben-karaciger\/","title":{"rendered":"Alo, Ben Karaci\u011fer"},"content":{"rendered":"<p>Hafife Al\u0131nan Organlar\u0131m\u0131z Asl\u0131nda Bizlere Neler Anlat\u0131yor?   Her g\u00fcn fark\u0131nda olmad\u0131\u011f\u0131m\u0131z binlerce \u015fey yapar\u0131z. Y\u00fcr\u00fcr, nefes al\u0131r, yemek yer ve bu arada kalbimiz de atmaya devam eder. Peki ya bu ola\u011fan\u00fcst\u00fc i\u015fleyi\u015fte yer alan k\u00fc\u00e7\u00fck ama bir o kadar da \u00f6nemli organlar\u0131m\u0131z hangileridir sizce? Andrea Freund ve Lucia Schmidt; Alo, Ben Karaci\u011fer adl\u0131 kitaplar\u0131nda v\u00fccudumuzun her bir par\u00e7as\u0131n\u0131n nas\u0131l birbiriyle uyum sa\u011flad\u0131\u011f\u0131n\u0131 anlat\u0131rken s\u0131kl\u0131kla g\u00f6z ard\u0131 etti\u011fimiz bu k\u00fc\u00e7\u00fck organlar\u0131n aras\u0131ndaki ileti\u015fimi g\u00f6zler \u00f6n\u00fcne seriyor ve kendi bedenimizin dilini \u00e7\u00f6zerek g\u00fcnl\u00fck i\u015fleyi\u015fimizi nas\u0131l daha iyi anlayabilece\u011fimize dair ipu\u00e7lar\u0131 veriyor. E\u011fer kendi v\u00fccudunuzun s\u0131rlar\u0131n\u0131 ke\u015ffetmek ve onunla daha derin bir ba\u011f kurmak istiyorsan\u0131z bu kitap size yepyeni bir bak\u0131\u015f a\u00e7\u0131s\u0131 sunmakla kalmay\u0131p ayn\u0131 zamanda e\u015fsiz bir rehbere d\u00f6n\u00fc\u015fecek. \u00dcstelik sa\u011fl\u0131kl\u0131 ya\u015fam\u0131n kap\u0131lar\u0131n\u0131 aralarken organlar\u0131m\u0131za olan minnettarl\u0131\u011f\u0131n\u0131z artacak ve v\u00fccudumuz hakk\u0131nda harika bir ke\u015ffe \u00e7\u0131kacaks\u0131n\u0131z.<\/p>\n","protected":false},"excerpt":{"rendered":"<p>Hafife Al\u0131nan Organlar\u0131m\u0131z Asl\u0131nda Bizlere Neler Anlat\u0131yor? Her g\u00fcn fark\u0131nda olmad\u0131\u011f\u0131m\u0131z binlerce \u015fey yapar\u0131z. Y\u00fcr\u00fcr, nefes al\u0131r, yemek yer ve bu arada kalbimiz de atmaya devam<span class=\"excerpt-hellip\"> [\u2026]<\/span><\/p>\n","protected":false},"featured_media":0,"template":"","meta":{"_monsterinsights_skip_tracking":false,"_monsterinsights_sitenote_active":false,"_monsterinsights_sitenote_note":"","_monsterinsights_sitenote_category":0},"product_brand":[],"product_cat":[13365],"product_tag":[],"class_list":{"0":"post-753574","1":"product","2":"type-product","3":"status-publish","5":"product_cat-saglik","6":"pa_cilt-ciltsiz","7":"pa_tur-kitap","8":"pa_yayinevi-epsilon-yayinlari","9":"pa_yazar-andrea-freund-lucia-schmidt","11":"first","12":"instock","13":"sale","14":"shipping-taxable","15":"purchasable","16":"product-type-simple"},"_links":{"self":[{"href":"https:\/\/roveyayinevi.com.tr\/index.php\/wp-json\/wp\/v2\/product\/753574","targetHints":{"allow":["GET"]}}],"collection":[{"href":"https:\/\/roveyayinevi.com.tr\/index.php\/wp-json\/wp\/v2\/product"}],"about":[{"href":"https:\/\/roveyayinevi.com.tr\/index.php\/wp-json\/wp\/v2\/types\/product"}],"wp:attachment":[{"href":"https:\/\/roveyayinevi.com.tr\/index.php\/wp-json\/wp\/v2\/media?parent=753574"}],"wp:term":[{"taxonomy":"product_brand","embeddable":true,"href":"https:\/\/roveyayinevi.com.tr\/index.php\/wp-json\/wp\/v2\/product_brand?post=753574"},{"taxonomy":"product_cat","embeddable":true,"href":"https:\/\/roveyayinevi.com.tr\/index.php\/wp-json\/wp\/v2\/product_cat?post=753574"},{"taxonomy":"product_tag","embeddable":true,"href":"https:\/\/roveyayinevi.com.tr\/index.php\/wp-json\/wp\/v2\/product_tag?post=753574"}],"curies":[{"name":"wp","href":"https:\/\/api.w.org\/{rel}","templated":true}]}}