{"id":753573,"date":"2025-08-28T05:46:49","date_gmt":"2025-08-28T02:46:49","guid":{"rendered":"https:\/\/roveyayinevi.com.tr\/index.php\/urun\/yaslanmaya-son-uzun-yasamin-bilimi-ve-sirlari\/"},"modified":"2026-04-16T03:06:50","modified_gmt":"2026-04-16T00:06:50","slug":"yaslanmaya-son-uzun-yasamin-bilimi-ve-sirlari","status":"publish","type":"product","link":"https:\/\/roveyayinevi.com.tr\/index.php\/urun\/yaslanmaya-son-uzun-yasamin-bilimi-ve-sirlari\/","title":{"rendered":"Ya\u015flanmaya Son: Uzun Ya\u015fam\u0131n Bilimi ve S\u0131rlar\u0131"},"content":{"rendered":"<p>\u201cBiyolojik \u00f6l\u00fcms\u00fczl\u00fck\u201d olarak da bilinen ya\u015flanmadan ya\u015f alman\u0131n bir yolu olsayd\u0131&#8230;   \u00c7o\u011fu insan\u0131n \u00f6l\u00fcm\u00fcn\u00fcn ve ac\u0131s\u0131n\u0131n alt\u0131nda yatan neden kanser ya da kalp hastal\u0131\u011f\u0131 de\u011fil, ya\u015flanma. Bunama ve hastal\u0131klara kap\u0131 a\u00e7an biyolojik de\u011fi\u015fimler dizisi, bizi k\u0131r\u0131\u015f\u0131k ve gri hale de getiriyor. Her bir hastal\u0131\u011f\u0131 yenmek i\u00e7in har\u0131l har\u0131l \u00e7al\u0131\u015f\u0131yoruz ama \u015funu sormay\u0131 hi\u00e7 d\u00fc\u015f\u00fcnm\u00fcyoruz: Ya\u015flanman\u0131n kendisi gerekli mi?   \u0130ngiltere\u2019nin en b\u00fcy\u00fck biyomedikal laboratuvarlar\u0131ndan birinde \u00e7al\u0131\u015fan Andrew Steele, Ya\u015flanmaya Son\u2019da okuru, v\u00fccudun ka\u00e7\u0131n\u0131lmaz d\u00fc\u015f\u00fc\u015f\u00fcn\u00fc engellemek ya da tersine \u00e7evirmek i\u00e7in DNA, mitokondri, k\u00f6k h\u00fccreler, ba\u011f\u0131\u015f\u0131kl\u0131k sistemlerimiz, hatta ya\u015fam s\u00fcresinde art\u0131\u015fa yol a\u00e7abilecek ya\u015f genlerinin incelendi\u011fi laboratuvarlarda bir yolculu\u011fa \u00e7\u0131kar\u0131yor. Steele, net bir \u00fcslup ve entelekt\u00fcel tutkuyla, halihaz\u0131rda ger\u00e7ekle\u015fen bir devrime \u0131\u015f\u0131k tutuyor ve ger\u00e7ekli\u011fe dayal\u0131 bir umut sunuyor.     \u201cBiliminsanlar\u0131n\u0131n, daha uzun, daha sa\u011fl\u0131kl\u0131 ya\u015famlar s\u00fcrebilmemiz ad\u0131na doktorlar\u0131n ya\u015flanman\u0131n kendisini tedavi etmelerine yard\u0131mc\u0131 olmak i\u00e7in y\u00fcr\u00fctt\u00fckleri \u00e7al\u0131\u015fmalara b\u00fcy\u00fcleyici bir bak\u0131\u015f.\u201d  \u2014Dr. Sanjay Gupta   \u201cGelece\u011fimiz i\u00e7in, m\u00fcmk\u00fcn oldu\u011funca iyi ya\u015flanmam\u0131zdan daha \u00f6nemli \u00e7ok az konu olabilir. Ya\u015flanmaya Son, uzun \u00f6m\u00fcrl\u00fcl\u00fckle ilgili mevcut bilimsel ara\u015ft\u0131rmalar\u0131n ola\u011fan\u00fcst\u00fc ba\u015far\u0131lar\u0131n\u0131 ve vaatlerini g\u00f6zler \u00f6n\u00fcne seriyor. Bu kitab\u0131 okuyun ve gelece\u011finiz hakk\u0131nda farkl\u0131 d\u00fc\u015f\u00fcnmeye haz\u0131rlan\u0131n.\u201d \u2014Andrew Scott, 100 Y\u0131ll\u0131k Ya\u015fam kitab\u0131n\u0131n e\u015fyazar\u0131 <\/p>\n","protected":false},"excerpt":{"rendered":"<p>\u201cBiyolojik \u00f6l\u00fcms\u00fczl\u00fck\u201d olarak da bilinen ya\u015flanmadan ya\u015f alman\u0131n bir yolu olsayd\u0131&#8230; \u00c7o\u011fu insan\u0131n \u00f6l\u00fcm\u00fcn\u00fcn ve ac\u0131s\u0131n\u0131n alt\u0131nda yatan neden kanser ya da kalp hastal\u0131\u011f\u0131 de\u011fil, ya\u015flanma.<span class=\"excerpt-hellip\"> [\u2026]<\/span><\/p>\n","protected":false},"featured_media":0,"template":"","meta":{"_monsterinsights_skip_tracking":false,"_monsterinsights_sitenote_active":false,"_monsterinsights_sitenote_note":"","_monsterinsights_sitenote_category":0},"product_brand":[],"product_cat":[13365],"product_tag":[],"class_list":{"0":"post-753573","1":"product","2":"type-product","3":"status-publish","5":"product_cat-saglik","6":"pa_cilt-ciltsiz","7":"pa_tur-kitap","8":"pa_yayinevi-nova-kitap","9":"pa_yazar-andrew-steele","11":"first","12":"instock","13":"sale","14":"shipping-taxable","15":"purchasable","16":"product-type-simple"},"_links":{"self":[{"href":"https:\/\/roveyayinevi.com.tr\/index.php\/wp-json\/wp\/v2\/product\/753573","targetHints":{"allow":["GET"]}}],"collection":[{"href":"https:\/\/roveyayinevi.com.tr\/index.php\/wp-json\/wp\/v2\/product"}],"about":[{"href":"https:\/\/roveyayinevi.com.tr\/index.php\/wp-json\/wp\/v2\/types\/product"}],"wp:attachment":[{"href":"https:\/\/roveyayinevi.com.tr\/index.php\/wp-json\/wp\/v2\/media?parent=753573"}],"wp:term":[{"taxonomy":"product_brand","embeddable":true,"href":"https:\/\/roveyayinevi.com.tr\/index.php\/wp-json\/wp\/v2\/product_brand?post=753573"},{"taxonomy":"product_cat","embeddable":true,"href":"https:\/\/roveyayinevi.com.tr\/index.php\/wp-json\/wp\/v2\/product_cat?post=753573"},{"taxonomy":"product_tag","embeddable":true,"href":"https:\/\/roveyayinevi.com.tr\/index.php\/wp-json\/wp\/v2\/product_tag?post=753573"}],"curies":[{"name":"wp","href":"https:\/\/api.w.org\/{rel}","templated":true}]}}