{"id":753571,"date":"2025-08-28T05:46:45","date_gmt":"2025-08-28T02:46:45","guid":{"rendered":"https:\/\/roveyayinevi.com.tr\/index.php\/urun\/kalp-seklindeki-kutu\/"},"modified":"2026-04-16T03:06:50","modified_gmt":"2026-04-16T00:06:50","slug":"kalp-seklindeki-kutu","status":"publish","type":"product","link":"https:\/\/roveyayinevi.com.tr\/index.php\/urun\/kalp-seklindeki-kutu\/","title":{"rendered":"Kalp \u015eeklindeki Kutu"},"content":{"rendered":"<p>Bram Stoker En \u0130yi \u0130lk Roman \u00d6d\u00fcl\u00fc Locus En \u0130yi \u0130lk Roman \u00d6d\u00fcl\u00fc   Joe Hill istikrarl\u0131 ve her yap\u0131t\u0131 modern bir korku klasi\u011fi olan nadir yazarlardan biri. \u0130lk roman\u0131 Kalp \u015eeklindeki Kutu ise Hill\u2019in muhtemelen kaleme ald\u0131\u011f\u0131 en rahats\u0131z edici eser.   Death-metal efsanesi Judas Coyne \u00fcrk\u00fct\u00fcc\u00fc \u015feylerin koleksiyonunu yap\u0131yordu: yamyamlar i\u00e7in yemek kitab\u0131, kullan\u0131lm\u0131\u015f bir cellat ilmi\u011fi, snuff filmler&#8230; Ancak sahip oldu\u011fu hi\u00e7bir nesne internetten sat\u0131n ald\u0131\u011f\u0131 son \u015fey kadar e\u015fsiz ya da korkun\u00e7 de\u011fildi: kalp \u015feklindeki siyah bir kutuda kargolanan bir ruh. Kutudaki ruh kemikli elinde tuttu\u011fu zincire as\u0131l\u0131 bir jiletle Judas\u2019\u0131 her an ve her yerde takip ediyor ve do\u011fru \u00e2n\u0131n gelmesini bekliyordu.   Kadife kutudaki ruh asla pe\u015fini b\u0131rakmayacak\u2026 <\/p>\n","protected":false},"excerpt":{"rendered":"<p>Bram Stoker En \u0130yi \u0130lk Roman \u00d6d\u00fcl\u00fc Locus En \u0130yi \u0130lk Roman \u00d6d\u00fcl\u00fc Joe Hill istikrarl\u0131 ve her yap\u0131t\u0131 modern bir korku klasi\u011fi olan nadir yazarlardan<span class=\"excerpt-hellip\"> [\u2026]<\/span><\/p>\n","protected":false},"featured_media":0,"template":"","meta":{"_monsterinsights_skip_tracking":false,"_monsterinsights_sitenote_active":false,"_monsterinsights_sitenote_note":"","_monsterinsights_sitenote_category":0},"product_brand":[],"product_cat":[12291,17033],"product_tag":[],"class_list":{"0":"post-753571","1":"product","2":"type-product","3":"status-publish","5":"product_cat-edebiyat","6":"product_cat-korku-gerilim","7":"pa_cilt-ciltsiz","8":"pa_tur-kitap","9":"pa_yayinevi-ithaki-yayinlari","10":"pa_yazar-joe-hill","12":"first","13":"instock","14":"sale","15":"shipping-taxable","16":"purchasable","17":"product-type-simple"},"_links":{"self":[{"href":"https:\/\/roveyayinevi.com.tr\/index.php\/wp-json\/wp\/v2\/product\/753571","targetHints":{"allow":["GET"]}}],"collection":[{"href":"https:\/\/roveyayinevi.com.tr\/index.php\/wp-json\/wp\/v2\/product"}],"about":[{"href":"https:\/\/roveyayinevi.com.tr\/index.php\/wp-json\/wp\/v2\/types\/product"}],"wp:attachment":[{"href":"https:\/\/roveyayinevi.com.tr\/index.php\/wp-json\/wp\/v2\/media?parent=753571"}],"wp:term":[{"taxonomy":"product_brand","embeddable":true,"href":"https:\/\/roveyayinevi.com.tr\/index.php\/wp-json\/wp\/v2\/product_brand?post=753571"},{"taxonomy":"product_cat","embeddable":true,"href":"https:\/\/roveyayinevi.com.tr\/index.php\/wp-json\/wp\/v2\/product_cat?post=753571"},{"taxonomy":"product_tag","embeddable":true,"href":"https:\/\/roveyayinevi.com.tr\/index.php\/wp-json\/wp\/v2\/product_tag?post=753571"}],"curies":[{"name":"wp","href":"https:\/\/api.w.org\/{rel}","templated":true}]}}