{"id":753570,"date":"2025-08-28T05:46:43","date_gmt":"2025-08-28T02:46:43","guid":{"rendered":"https:\/\/roveyayinevi.com.tr\/index.php\/urun\/madenci\/"},"modified":"2026-04-16T03:06:50","modified_gmt":"2026-04-16T00:06:50","slug":"madenci","status":"publish","type":"product","link":"https:\/\/roveyayinevi.com.tr\/index.php\/urun\/madenci\/","title":{"rendered":"Madenci"},"content":{"rendered":"<p>\u201c\u0130nsanlar\u0131n olmad\u0131\u011f\u0131 bir yere gidip bir ba\u015f\u0131ma ya\u015famak istiyorum.\u201d   Japonya\u2019n\u0131n en tan\u0131nm\u0131\u015f ve en sayg\u0131 duyulan yazarlar\u0131ndan biri olan, \u00dc\u00e7 K\u00f6\u015feli D\u00fcnya, G\u00f6n\u00fcl ve Ard\u0131ndan gibi eserlerin yazar\u0131 Natsume Soseki\u2019nin Joyce ve Beckett\u2019in eserlerini and\u0131ran kitab\u0131 Madenci insan\u0131n mu\u011flak do\u011fas\u0131 \u00fczerine abs\u00fcrdist bir roman.   \u0130ntihar\u0131n e\u015fi\u011finde, varl\u0131kl\u0131 bir gen\u00e7 adam do\u011fup b\u00fcy\u00fcd\u00fc\u011f\u00fc Tokyo\u2019yu terk ederek yollara d\u00fc\u015fer. Bir bak\u0131r madenine i\u015f\u00e7i arand\u0131\u011f\u0131n\u0131 \u00f6\u011frenince orada \u00e7al\u0131\u015fmay\u0131 kabul eder. O g\u00fcne kadar i\u00e7inde ya\u015fad\u0131\u011f\u0131na hi\u00e7 benzemeyen bir d\u00fcnyaya ad\u0131m atan gen\u00e7 adam hem insan ruhunun hem de madenin derinliklerine do\u011fru s\u0131rad\u0131\u015f\u0131 bir yolculuk yapacakt\u0131r. <\/p>\n","protected":false},"excerpt":{"rendered":"<p>\u201c\u0130nsanlar\u0131n olmad\u0131\u011f\u0131 bir yere gidip bir ba\u015f\u0131ma ya\u015famak istiyorum.\u201d Japonya\u2019n\u0131n en tan\u0131nm\u0131\u015f ve en sayg\u0131 duyulan yazarlar\u0131ndan biri olan, \u00dc\u00e7 K\u00f6\u015feli D\u00fcnya, G\u00f6n\u00fcl ve Ard\u0131ndan gibi<span class=\"excerpt-hellip\"> [\u2026]<\/span><\/p>\n","protected":false},"featured_media":0,"template":"","meta":{"_monsterinsights_skip_tracking":false,"_monsterinsights_sitenote_active":false,"_monsterinsights_sitenote_note":"","_monsterinsights_sitenote_category":0},"product_brand":[],"product_cat":[12291,12711],"product_tag":[],"class_list":{"0":"post-753570","1":"product","2":"type-product","3":"status-publish","5":"product_cat-edebiyat","6":"product_cat-roman-oyku","7":"pa_cilt-ciltsiz","8":"pa_tur-kitap","9":"pa_yayinevi-ithaki-yayinlari","10":"pa_yazar-natsume-soseki","12":"first","13":"instock","14":"sale","15":"shipping-taxable","16":"purchasable","17":"product-type-simple"},"_links":{"self":[{"href":"https:\/\/roveyayinevi.com.tr\/index.php\/wp-json\/wp\/v2\/product\/753570","targetHints":{"allow":["GET"]}}],"collection":[{"href":"https:\/\/roveyayinevi.com.tr\/index.php\/wp-json\/wp\/v2\/product"}],"about":[{"href":"https:\/\/roveyayinevi.com.tr\/index.php\/wp-json\/wp\/v2\/types\/product"}],"wp:attachment":[{"href":"https:\/\/roveyayinevi.com.tr\/index.php\/wp-json\/wp\/v2\/media?parent=753570"}],"wp:term":[{"taxonomy":"product_brand","embeddable":true,"href":"https:\/\/roveyayinevi.com.tr\/index.php\/wp-json\/wp\/v2\/product_brand?post=753570"},{"taxonomy":"product_cat","embeddable":true,"href":"https:\/\/roveyayinevi.com.tr\/index.php\/wp-json\/wp\/v2\/product_cat?post=753570"},{"taxonomy":"product_tag","embeddable":true,"href":"https:\/\/roveyayinevi.com.tr\/index.php\/wp-json\/wp\/v2\/product_tag?post=753570"}],"curies":[{"name":"wp","href":"https:\/\/api.w.org\/{rel}","templated":true}]}}