{"id":753568,"date":"2025-08-28T05:46:41","date_gmt":"2025-08-28T02:46:41","guid":{"rendered":"https:\/\/roveyayinevi.com.tr\/index.php\/urun\/dervisin-teselli-koleksiyonu-3\/"},"modified":"2026-04-16T03:06:50","modified_gmt":"2026-04-16T00:06:50","slug":"dervisin-teselli-koleksiyonu-3","status":"publish","type":"product","link":"https:\/\/roveyayinevi.com.tr\/index.php\/urun\/dervisin-teselli-koleksiyonu-3\/","title":{"rendered":"Dervi\u015fin Teselli Koleksiyonu 3"},"content":{"rendered":"<p>\u0130nsan, yarad\u0131l\u0131\u015f\u0131 gere\u011fi, musibetler kar\u015f\u0131s\u0131nda zay\u0131f ve \u00e2cizdir. Basit bir kederle bile ba\u015f d\u00f6nmesi ya\u015far. K\u00fc\u00e7\u00fck bir gam kar\u015f\u0131s\u0131nda sersemle\u015fir. Bir mikroba ma\u011flup olan bedeni gibi ruhu da basit bir mesele kar\u015f\u0131s\u0131nda sars\u0131nt\u0131lar ge\u00e7irir. Ya\u015fam gidi\u015fat\u0131ndaki ufak bir aksakl\u0131ktan \u00fcmitsizli\u011fe d\u00fc\u015fer. Ger\u00e7ekle\u015fme i\u015fareti ta\u015f\u0131mayan zay\u0131f olas\u0131l\u0131klardan tela\u015fa kap\u0131ld\u0131\u011f\u0131 dahi olur. \u00d6nemsiz bir mevzuda hayal k\u0131r\u0131kl\u0131\u011f\u0131na u\u011frad\u0131\u011f\u0131nda hayat ona t\u00fcmden ac\u0131 g\u00f6r\u00fcn\u00fcr. D\u00fcnya s\u0131k s\u0131k ona dar gelir, pek \u00e7ok defa zindan gibi olur. \u0130nsan, hissiyat\u0131n\u0131 kontrol edebilme konusunda zay\u0131ft\u0131r. Nefsinin arzular\u0131n\u0131 gemlemede \u00e2cizdir. Kalp dinginli\u011fini sa\u011flamada \u00e7o\u011fu zaman yetersizdir. Kendi d\u00fc\u015f\u00fcncelerine kar\u015f\u0131 bile ma\u011fluptur. Akl\u0131n\u0131n bir mutlulu\u011fa onlarca ac\u0131 kar\u0131\u015ft\u0131rmas\u0131ndan yakas\u0131n\u0131 bir t\u00fcrl\u00fc kurtaramaz. Ya\u015fam\u0131n en k\u0131r\u0131lgan varl\u0131\u011f\u0131 olan insan\u0131n h\u00e2letiruhiyesinin hangi hikmetler i\u00e7in b\u00f6yle mukavemetsiz yarat\u0131ld\u0131\u011f\u0131, \u00fczerinde tefekk\u00fcr etmeye de\u011fer bir konudur.   \u0130nsan\u0131n zay\u0131fl\u0131\u011f\u0131 ve ya\u015fam\u0131ndaki ac\u0131lar konusunda en ilgin\u00e7 tahliller \u00e7o\u011funlukla s\u00fbfilerin d\u00fcnyas\u0131ndan gelmi\u015ftir. Bir\u00e7ok insan i\u00e7in y\u0131k\u0131m sebebi olan hadiselerin s\u00fbfiler taraf\u0131ndan g\u00fcl\u00fcp ge\u00e7ilecek nitelikte alg\u0131lanmas\u0131, \u00e7ocu\u011fun d\u00fcnyas\u0131nda b\u00fcy\u00fck bir sorun h\u00e2linde ya\u015fanan bir oyuncak kayb\u0131n\u0131n, bir yeti\u015fkinin pek de \u00f6nemsemeyece\u011fi bir durum olmas\u0131na benzetilmi\u015ftir.   Do\u011fu\u2019nun ve Bat\u0131\u2019n\u0131n kadim tesellilerini aktarmaya devam eden Dervi\u015fin Teselli Koleksiyonu, \u00fc\u00e7\u00fcnc\u00fc kitapta Sufilerin Mutluluk Sanat\u0131n\u0131 merkeze al\u0131yor. <\/p>\n","protected":false},"excerpt":{"rendered":"<p>\u0130nsan, yarad\u0131l\u0131\u015f\u0131 gere\u011fi, musibetler kar\u015f\u0131s\u0131nda zay\u0131f ve \u00e2cizdir. Basit bir kederle bile ba\u015f d\u00f6nmesi ya\u015far. K\u00fc\u00e7\u00fck bir gam kar\u015f\u0131s\u0131nda sersemle\u015fir. Bir mikroba ma\u011flup olan bedeni gibi<span class=\"excerpt-hellip\"> [\u2026]<\/span><\/p>\n","protected":false},"featured_media":0,"template":"","meta":{"_monsterinsights_skip_tracking":false,"_monsterinsights_sitenote_active":false,"_monsterinsights_sitenote_note":"","_monsterinsights_sitenote_category":0},"product_brand":[],"product_cat":[12718,12719,15238],"product_tag":[],"class_list":{"0":"post-753568","1":"product","2":"type-product","3":"status-publish","5":"product_cat-din","6":"product_cat-islam","7":"product_cat-tasavvuf","8":"pa_cilt-ciltsiz","9":"pa_tur-kitap","10":"pa_yayinevi-hayykitap","11":"pa_yazar-kadim-terapi","13":"first","14":"instock","15":"sale","16":"shipping-taxable","17":"purchasable","18":"product-type-simple"},"_links":{"self":[{"href":"https:\/\/roveyayinevi.com.tr\/index.php\/wp-json\/wp\/v2\/product\/753568","targetHints":{"allow":["GET"]}}],"collection":[{"href":"https:\/\/roveyayinevi.com.tr\/index.php\/wp-json\/wp\/v2\/product"}],"about":[{"href":"https:\/\/roveyayinevi.com.tr\/index.php\/wp-json\/wp\/v2\/types\/product"}],"wp:attachment":[{"href":"https:\/\/roveyayinevi.com.tr\/index.php\/wp-json\/wp\/v2\/media?parent=753568"}],"wp:term":[{"taxonomy":"product_brand","embeddable":true,"href":"https:\/\/roveyayinevi.com.tr\/index.php\/wp-json\/wp\/v2\/product_brand?post=753568"},{"taxonomy":"product_cat","embeddable":true,"href":"https:\/\/roveyayinevi.com.tr\/index.php\/wp-json\/wp\/v2\/product_cat?post=753568"},{"taxonomy":"product_tag","embeddable":true,"href":"https:\/\/roveyayinevi.com.tr\/index.php\/wp-json\/wp\/v2\/product_tag?post=753568"}],"curies":[{"name":"wp","href":"https:\/\/api.w.org\/{rel}","templated":true}]}}