{"id":753559,"date":"2025-08-28T05:46:27","date_gmt":"2025-08-28T02:46:27","guid":{"rendered":"https:\/\/roveyayinevi.com.tr\/index.php\/urun\/vahsi-dilekler\/"},"modified":"2026-04-16T03:06:50","modified_gmt":"2026-04-16T00:06:50","slug":"vahsi-dilekler","status":"publish","type":"product","link":"https:\/\/roveyayinevi.com.tr\/index.php\/urun\/vahsi-dilekler\/","title":{"rendered":"Vah\u015fi Dilekler"},"content":{"rendered":"<p>ASLA B\u0130R H\u0130NE G\u00dcVENME. Enna, evinin yak\u0131n\u0131ndaki vah\u015fi ormanda dola\u015fan hinlerden korkmas\u0131 gerekti\u011fini biliyordu. Fakat i\u00e7lerinden biri bilezi\u011findeki sihirli bir ta\u015f\u0131 ele ge\u00e7irmek istedi\u011finde, bu durumdan kurtulabilmek i\u00e7in t\u00fcm riskleri g\u00f6ze alarak ba\u015fka bir hinle anla\u015fma yapmaya karar verdi. Ancak Maekallus hi\u00e7bir yard\u0131m\u0131 kar\u015f\u0131l\u0131ks\u0131z yapmazd\u0131. Peki ya bedeli neydi? Bir \u00f6p\u00fcc\u00fck. \u00dcstelik Enna\u2019n\u0131n ruhunu \u00e7alabilecek g\u00fc\u00e7te bir \u00f6p\u00fcc\u00fck. Yapt\u0131klar\u0131 anla\u015fma, Maekallus\u2019un onu canl\u0131 canl\u0131 t\u00fcketen fani diyara hapsolmas\u0131na neden oldu. Sonsuza dek yok olmaktan kurtulmas\u0131n\u0131 sa\u011flayabilecek tek \u015fey Enna\u2019n\u0131n i\u00e7ten gelen \u00f6p\u00fcc\u00fc\u011f\u00fcyd\u00fc. Her bir \u00f6p\u00fcc\u00fck onun i\u00e7in ge\u00e7ici bir kurtulu\u015f, Enna i\u00e7inse yakla\u015fan bir felaketti. Gen\u00e7 kad\u0131n\u0131n ruhu i\u00e7inde alev alev yanarken Maekallus hayat\u0131nda ilk kez bir \u015feyler hissediyordu. Enna onun \u00e7ekti\u011fi ac\u0131lar\u0131 payla\u015fsa da k\u00fc\u00e7\u00fck fedak\u00e2rl\u0131\u011f\u0131 uzun s\u00fcrmeyecekti. E\u011fer birlikte onu fani diyara ba\u011flayan sihri bozamazlarsa Maekallus sonsuza dek yok olacakt\u0131&#8230; \u00dcstelik Enna\u2019n\u0131n ruhu da onunla birlikte t\u00fckenip gidecekti.<\/p>\n","protected":false},"excerpt":{"rendered":"<p>ASLA B\u0130R H\u0130NE G\u00dcVENME. Enna, evinin yak\u0131n\u0131ndaki vah\u015fi ormanda dola\u015fan hinlerden korkmas\u0131 gerekti\u011fini biliyordu. Fakat i\u00e7lerinden biri bilezi\u011findeki sihirli bir ta\u015f\u0131 ele ge\u00e7irmek istedi\u011finde, bu durumdan<span class=\"excerpt-hellip\"> [\u2026]<\/span><\/p>\n","protected":false},"featured_media":0,"template":"","meta":{"_monsterinsights_skip_tracking":false,"_monsterinsights_sitenote_active":false,"_monsterinsights_sitenote_note":"","_monsterinsights_sitenote_category":0},"product_brand":[],"product_cat":[12291,14777],"product_tag":[],"class_list":{"0":"post-753559","1":"product","2":"type-product","3":"status-publish","5":"product_cat-edebiyat","6":"product_cat-fantastik","7":"pa_cilt-ciltsiz","8":"pa_tur-kitap","9":"pa_yayinevi-marti-yayinlari","10":"pa_yazar-charlie-n-holmberg","12":"first","13":"instock","14":"sale","15":"shipping-taxable","16":"purchasable","17":"product-type-simple"},"_links":{"self":[{"href":"https:\/\/roveyayinevi.com.tr\/index.php\/wp-json\/wp\/v2\/product\/753559","targetHints":{"allow":["GET"]}}],"collection":[{"href":"https:\/\/roveyayinevi.com.tr\/index.php\/wp-json\/wp\/v2\/product"}],"about":[{"href":"https:\/\/roveyayinevi.com.tr\/index.php\/wp-json\/wp\/v2\/types\/product"}],"wp:attachment":[{"href":"https:\/\/roveyayinevi.com.tr\/index.php\/wp-json\/wp\/v2\/media?parent=753559"}],"wp:term":[{"taxonomy":"product_brand","embeddable":true,"href":"https:\/\/roveyayinevi.com.tr\/index.php\/wp-json\/wp\/v2\/product_brand?post=753559"},{"taxonomy":"product_cat","embeddable":true,"href":"https:\/\/roveyayinevi.com.tr\/index.php\/wp-json\/wp\/v2\/product_cat?post=753559"},{"taxonomy":"product_tag","embeddable":true,"href":"https:\/\/roveyayinevi.com.tr\/index.php\/wp-json\/wp\/v2\/product_tag?post=753559"}],"curies":[{"name":"wp","href":"https:\/\/api.w.org\/{rel}","templated":true}]}}